{"id":6701,"date":"2019-07-01T09:40:21","date_gmt":"2019-07-01T07:40:21","guid":{"rendered":"https:\/\/www.chauffeurpositano.com\/palazzo-reale-di-caserta\/"},"modified":"2022-08-02T13:54:18","modified_gmt":"2022-08-02T11:54:18","slug":"tour-palazzo-reale-di-caserta","status":"publish","type":"page","link":"https:\/\/chauffeurpositano.com\/it\/tour-palazzo-reale-di-caserta\/","title":{"rendered":"Palazzo Reale di Caserta"},"content":{"rendered":"<div class=\"wpb-content-wrapper\"><p>[vc_row row_content_width=&#8221;grid&#8221; content_text_aligment=&#8221;left&#8221; css=&#8221;.vc_custom_1534237525548{padding-top: 100px !important;padding-bottom: 85px !important;}&#8221;][vc_column]<div class=\"edgtf-elements-holder   edgtf-two-columns  edgtf-responsive-mode-1024 edgtf-one-column-alignment-left\" ><div class=\"edgtf-eh-item  edgtf-vertical-alignment-top edgtf-horizontal-alignment-center \"  data-item-class=\"edgtf-eh-custom-5510\">\n\t<div class=\"edgtf-eh-item-inner\">\n\t\t<div class=\"edgtf-eh-item-content edgtf-eh-custom-5510\" style=\"padding: 0 0 0 0\">\n\t\t\t[vc_single_image image=&#8221;6450&#8243; img_size=&#8221;large&#8221; css=&#8221;.vc_custom_1561971237585{padding-top: 20px !important;}&#8221;][vc_empty_space height=&#8221;10px&#8221;]\t\t<\/div>\n\t<\/div>\n<\/div><div class=\"edgtf-eh-item  edgtf-vertical-alignment-top  \"  data-item-class=\"edgtf-eh-custom-7672\" data-1367-1600=\"0 0 35px 50px\" data-1025-1366=\"0 0 36px 50px\" data-769-1024=\"0 130px 0 0\" data-681-768=\"0 60px 0 0\" data-680=\"0 0 0 0\">\n\t<div class=\"edgtf-eh-item-inner\">\n\t\t<div class=\"edgtf-eh-item-content edgtf-eh-custom-7672\" style=\"padding: 0 0 35px 50px\">\n\t\t\t[vc_column_text]<\/p>\n<h3>Visita alla Reggia di Caserta e al Designer Outlet Village<\/h3>\n<p>[\/vc_column_text][vc_empty_space height=&#8221;10px&#8221;][vc_column_text]Di solito si pensa che le uniche cose da visitare in Campania siano la Costiera Amalfitana e Napoli. Nell&#8217;entroterra campano, invece, ci sono molti altri tesori che fanno parte del nostro immenso patrimonio storico. Uno di questi siti eccezionali \u00e8 la Reggia di Caserta. Grazie a <strong>The Chauffeur of Positano<\/strong> potrete scoprire tutti i segreti della Reggia di Caserta attraverso un tour completamente su misura per voi. Il nostro tour della Reggia di Caserta \u00e8 stato progettato per consentire ai nostri clienti di immergersi nella storia dell&#8217;antica dinastia dei Borbone.[\/vc_column_text]\t\t<\/div>\n\t<\/div>\n<\/div><\/div>[\/vc_column][\/vc_row][vc_row content_placement=&#8221;middle&#8221; row_content_width=&#8221;grid&#8221; content_text_aligment=&#8221;left&#8221; css=&#8221;.vc_custom_1534240573757{padding-top: 100px !important;padding-bottom: 31px !important;}&#8221; simple_background_color=&#8221;#fafafa&#8221;][vc_column]<div class=\"edgtf-elements-holder   edgtf-three-columns  edgtf-responsive-mode-1024 \" ><div class=\"edgtf-eh-item  edgtf-vertical-alignment-top  \"  data-item-class=\"edgtf-eh-custom-4633\" data-1367-1600=\"0 43px 0 0\" data-1025-1366=\"0 43px 0 0\" data-769-1024=\"0 120px 0 0\" data-681-768=\"0 50px 0 0\" data-680=\"0 0 0 0\">\n\t<div class=\"edgtf-eh-item-inner\">\n\t\t<div class=\"edgtf-eh-item-content edgtf-eh-custom-4633\" style=\"padding: 0 43px 0 0\">\n\t\t\t<div class=\"edgtf-image-with-text-holder    edgtf-image-behavior-custom-link\">\n    <div class=\"edgtf-iwt-image\">\n                                    <img loading=\"lazy\" decoding=\"async\" src=\"https:\/\/chauffeurpositano.com\/wp-content\/uploads\/2019\/06\/storia-106x56.png\" alt=\"\" width=\"106\" height=\"56\" \/>                                <\/a>\n            <\/div>\n    <div class=\"edgtf-iwt-text-holder\">\n                    <h4 class=\"edgtf-iwt-title\" style=\"margin-top: 17px\">La storia<\/h4>\n        \t\t            <p class=\"edgtf-iwt-text\" style=\"margin-top: 16px\">Il tour della Reggia di Caserta inizia con la visita di questo magnifico edificio, che fu costruito nel 1752 quando Carlo di Borbone, re di Napoli e Sicilia, ordin\u00f2 la costruzione di una nuova Capitale, con un nuovo palazzo come simbolo principale del suo potere. Per questo motivo scelse Caserta come sede: doveva essere fuori Napoli, lontano dal mare e quindi meno vulnerabile agli attacchi nemici. Soprattutto, l&#039;edificio doveva essere molto pi\u00f9 bello di qualsiasi altro palazzo reale gi\u00e0 esistente in Europa all&#039;epoca, persino pi\u00f9 di Versailles a Parigi o di Schonbrunn a Vienna. \u00c8 per questo che oggi possiamo ammirare uno dei luoghi storici pi\u00f9 orgogliosi d&#039;Italia, il Palazzo pi\u00f9 grandioso mai costruito sul nostro pianeta.<\/p>\n            <\/div>\n<\/div>[vc_empty_space height=&#8221;20px&#8221;]\t\t<\/div>\n\t<\/div>\n<\/div><div class=\"edgtf-eh-item  edgtf-vertical-alignment-top  \"  data-item-class=\"edgtf-eh-custom-9826\" data-1367-1600=\"0 0 0 43px\" data-1025-1366=\"0 0 0 43px\" data-769-1024=\"0 120px 0 0\" data-681-768=\"0 50px 0 0\" data-680=\"0 0 0 0\">\n\t<div class=\"edgtf-eh-item-inner\">\n\t\t<div class=\"edgtf-eh-item-content edgtf-eh-custom-9826\" style=\"padding: 0 0 0 43px\">\n\t\t\t<div class=\"edgtf-image-with-text-holder    edgtf-image-behavior-custom-link\">\n    <div class=\"edgtf-iwt-image\">\n                                    <img loading=\"lazy\" decoding=\"async\" src=\"https:\/\/chauffeurpositano.com\/wp-content\/uploads\/2022\/08\/icona-architettura-112x56.png\" alt=\"The Chauffeur of Positano: icona architettura\" width=\"112\" height=\"56\" \/>                                <\/a>\n            <\/div>\n    <div class=\"edgtf-iwt-text-holder\">\n                    <h4 class=\"edgtf-iwt-title\" style=\"margin-top: 17px\">Architettura<\/h4>\n        \t\t            <p class=\"edgtf-iwt-text\" style=\"margin-top: 16px\">La Reggia di Caserta si estende su una superficie di oltre 61.000 metri quadrati, 4 cortili interni, ha la forma di un rettangolo lungo 250 metri e largo 200 metri. L&#039;edificio \u00e8 alto pi\u00f9 di 40 metri, con i suoi 5 piani pi\u00f9 due interrati, e presenta pi\u00f9 di 1100 stanze e 1742 finestre. Luigi Vanvitelli, uno degli architetti pi\u00f9 influenti e famosi del XVIII secolo, fu incaricato dal re stesso di progettare l&#039;edificio, che sarebbe diventato il suo pi\u00f9 grande capolavoro. Sfortunatamente, Vanvitelli mor\u00ec prima che l&#039;opera fosse terminata, poich\u00e9 ci vollero quasi 100 anni per costruirla, nonostante l&#039;enorme forza lavoro impiegata per la fabbricazione. Durante il tour della Reggia di Caserta, si pu\u00f2 ammirare l&#039;ampio parco con giardini, fontane, cascate e sculture, insieme al famoso giardino all&#039;inglese con essenze arboree, laghetti e ruscelli.<\/p>\n            <\/div>\n<\/div>[vc_empty_space height=&#8221;20px&#8221;]\t\t<\/div>\n\t<\/div>\n<\/div><div class=\"edgtf-eh-item  edgtf-vertical-alignment-top  \"  data-item-class=\"edgtf-eh-custom-5474\" data-1367-1600=\"0 0 0 43px\" data-1025-1366=\"0 0 0 43px\" data-769-1024=\"0 120px 0 0\" data-681-768=\"0 50px 0 0\" data-680=\"0 0 0 0\">\n\t<div class=\"edgtf-eh-item-inner\">\n\t\t<div class=\"edgtf-eh-item-content edgtf-eh-custom-5474\" style=\"padding: 0 0 0 43px\">\n\t\t\t<div class=\"edgtf-image-with-text-holder    edgtf-image-behavior-custom-link\">\n    <div class=\"edgtf-iwt-image\">\n                                    <img loading=\"lazy\" decoding=\"async\" src=\"https:\/\/chauffeurpositano.com\/wp-content\/uploads\/2019\/07\/icon_shopping-112x56.png\" alt=\"\" width=\"112\" height=\"56\" \/>                                <\/a>\n            <\/div>\n    <div class=\"edgtf-iwt-text-holder\">\n                    <h4 class=\"edgtf-iwt-title\" style=\"margin-top: 17px\">Outlet di design<\/h4>\n        \t\t            <p class=\"edgtf-iwt-text\" style=\"margin-top: 16px\">Dopo il tour della Reggia di Caserta e dopo aver esplorato la storia del luogo, potrete fare una pausa poco distante in un Designer Outlet che offre un&#039;infinit\u00e0 di divertimenti, dal Parco Giochi Avventura a ristoranti e bar di lusso. La Reggia Designer Outlet \u00e8 il primo outlet di design in Campania nel quale potrete trovare i vostri marchi preferiti con sconti dal 35% al 70%, tutto l&#039;anno. Con 131 negozi, 7 caff\u00e8 e ristoranti, un&#039;area giochi per bambini e un facile parcheggio, La Reggia Designer Outlet offre qualcosa per tutti. L&#039;offerta \u00e8 ampia e spazia da marchi iconici della moda come Prada, Armani, Valentino, Versace, Roberto Cavalli e Hugo Boss a marchi di abbigliamento sportivo come Nike, Reebok e Adidas, fino a marchi di tendenza come Polo Ralph Lauren, Guess, Patrizia Pepe, Levi&#039;s e Timberland.<\/p>\n            <\/div>\n<\/div>[vc_empty_space height=&#8221;63px&#8221;]\t\t<\/div>\n\t<\/div>\n<\/div><\/div>[\/vc_column][\/vc_row][vc_row content_placement=&#8221;middle&#8221; row_content_width=&#8221;grid&#8221; content_text_aligment=&#8221;left&#8221; css=&#8221;.vc_custom_1561968527495{padding-top: 20px !important;padding-bottom: 31px !important;}&#8221; simple_background_color=&#8221;#fafafa&#8221;][vc_column]<div class=\"edgtf-elements-holder   edgtf-three-columns  edgtf-responsive-mode-1024 \" ><div class=\"edgtf-eh-item  edgtf-vertical-alignment-top  \"  data-item-class=\"edgtf-eh-custom-6642\" data-1367-1600=\"0 43px 0 0\" data-1025-1366=\"0 43px 0 0\" data-769-1024=\"0 120px 0 0\" data-681-768=\"0 50px 0 0\" data-680=\"0 0 0 0\">\n\t<div class=\"edgtf-eh-item-inner\">\n\t\t<div class=\"edgtf-eh-item-content edgtf-eh-custom-6642\" style=\"padding: 0 43px 0 0\">\n\t\t\t[vc_column_text][\/vc_column_text]\t\t<\/div>\n\t<\/div>\n<\/div><\/div>[\/vc_column][\/vc_row][vc_row content_placement=&#8221;middle&#8221; row_content_width=&#8221;grid&#8221; content_text_aligment=&#8221;left&#8221; css=&#8221;.vc_custom_1561970298064{padding-top: 100px !important;padding-bottom: 31px !important;}&#8221; simple_background_color=&#8221;#fafafa&#8221;][vc_column]<div class=\"edgtf-elements-holder   edgtf-three-columns  edgtf-responsive-mode-1024 \" ><div class=\"edgtf-eh-item  edgtf-vertical-alignment-top  \"  data-item-class=\"edgtf-eh-custom-3418\" data-1367-1600=\"0 43px 0 0\" data-1025-1366=\"0 43px 0 0\" data-769-1024=\"0 120px 0 0\" data-681-768=\"0 50px 0 0\" data-680=\"0 0 0 0\">\n\t<div class=\"edgtf-eh-item-inner\">\n\t\t<div class=\"edgtf-eh-item-content edgtf-eh-custom-3418\" style=\"padding: 0 43px 0 0\">\n\t\t\t<div class=\"edgtf-image-with-text-holder    edgtf-image-behavior-custom-link\">\n    <div class=\"edgtf-iwt-image\">\n                                    <img loading=\"lazy\" decoding=\"async\" src=\"https:\/\/chauffeurpositano.com\/wp-content\/uploads\/2022\/07\/icona-tempo-106x56.png\" alt=\"The Chauffeur of Positano: icona tempo\" width=\"106\" height=\"56\" \/>                                <\/a>\n            <\/div>\n    <div class=\"edgtf-iwt-text-holder\">\n                    <h4 class=\"edgtf-iwt-title\" style=\"margin-top: 17px\">Durata del tour<\/h4>\n        \t\t            <p class=\"edgtf-iwt-text\" style=\"margin-top: 16px\">Da 8 a 9 ore<\/p>\n            <\/div>\n<\/div>[vc_empty_space height=&#8221;20px&#8221;]\t\t<\/div>\n\t<\/div>\n<\/div><div class=\"edgtf-eh-item  edgtf-vertical-alignment-top  \"  data-item-class=\"edgtf-eh-custom-6196\" data-1367-1600=\"0 0 0 43px\" data-1025-1366=\"0 0 0 43px\" data-769-1024=\"0 120px 0 0\" data-681-768=\"0 50px 0 0\" data-680=\"0 0 0 0\">\n\t<div class=\"edgtf-eh-item-inner\">\n\t\t<div class=\"edgtf-eh-item-content edgtf-eh-custom-6196\" style=\"padding: 0 0 0 43px\">\n\t\t\t<div class=\"edgtf-image-with-text-holder    edgtf-image-behavior-custom-link\">\n    <div class=\"edgtf-iwt-image\">\n                                    <img loading=\"lazy\" decoding=\"async\" src=\"https:\/\/chauffeurpositano.com\/wp-content\/uploads\/2022\/07\/icona-include-112x56.png\" alt=\"The Chauffeur of Positano: icona include\" width=\"112\" height=\"56\" \/>                                <\/a>\n            <\/div>\n    <div class=\"edgtf-iwt-text-holder\">\n                    <h4 class=\"edgtf-iwt-title\" style=\"margin-top: 17px\">Include<\/h4>\n        \t\t            <p class=\"edgtf-iwt-text\" style=\"margin-top: 16px\">Incontro e saluto - Veicolo di lusso con aria condizionata - Autista professionale ed esperto - Pedaggi autostradali, benzina, tasse, parcheggio - Bottiglie d&#039;acqua a bordo<\/p>\n            <\/div>\n<\/div>[vc_empty_space height=&#8221;20px&#8221;]\t\t<\/div>\n\t<\/div>\n<\/div><div class=\"edgtf-eh-item  edgtf-vertical-alignment-top  \"  data-item-class=\"edgtf-eh-custom-5036\" data-1367-1600=\"0 0 0 43px\" data-1025-1366=\"0 0 0 43px\" data-769-1024=\"0 120px 0 0\" data-681-768=\"0 50px 0 0\" data-680=\"0 0 0 0\">\n\t<div class=\"edgtf-eh-item-inner\">\n\t\t<div class=\"edgtf-eh-item-content edgtf-eh-custom-5036\" style=\"padding: 0 0 0 43px\">\n\t\t\t<div class=\"edgtf-image-with-text-holder    edgtf-image-behavior-custom-link\">\n    <div class=\"edgtf-iwt-image\">\n                                    <img loading=\"lazy\" decoding=\"async\" src=\"https:\/\/chauffeurpositano.com\/wp-content\/uploads\/2022\/07\/icona-non-include-112x56.png\" alt=\"The Chauffeur of Positano: icona NON include\" width=\"112\" height=\"56\" \/>                                <\/a>\n            <\/div>\n    <div class=\"edgtf-iwt-text-holder\">\n                    <h4 class=\"edgtf-iwt-title\" style=\"margin-top: 17px\">Non include<\/h4>\n        \t\t            <p class=\"edgtf-iwt-text\" style=\"margin-top: 16px\">I pranzi, gli ingressi ai monumenti e ai siti archeologici e le guide private non sono inclusi se non menzionati nelle escursioni.<\/p>\n            <\/div>\n<\/div>[vc_empty_space height=&#8221;20px&#8221;]\t\t<\/div>\n\t<\/div>\n<\/div><\/div>[\/vc_column][\/vc_row][vc_row content_placement=&#8221;middle&#8221; row_content_width=&#8221;grid&#8221; content_text_aligment=&#8221;left&#8221; css=&#8221;.vc_custom_1561977770817{padding-top: 50px !important;padding-bottom: 31px !important;padding-left: 20px !important;}&#8221; simple_background_color=&#8221;#fafafa&#8221;][vc_column]<div class=\"edgtf-elements-holder   edgtf-three-columns  edgtf-responsive-mode-1024 \" ><div class=\"edgtf-eh-item  edgtf-vertical-alignment-top  \"  data-item-class=\"edgtf-eh-custom-9808\" data-1367-1600=\"0 43px 0 0\" data-1025-1366=\"0 43px 0 0\" data-769-1024=\"0 120px 0 0\" data-681-768=\"0 50px 0 0\" data-680=\"0 0 0 0\">\n\t<div class=\"edgtf-eh-item-inner\">\n\t\t<div class=\"edgtf-eh-item-content edgtf-eh-custom-9808\" style=\"padding: 0 43px 0 0\">\n\t\t\t<div class=\"edgtf-image-with-text-holder    edgtf-image-behavior-custom-link\">\n    <div class=\"edgtf-iwt-image\">\n                                                                    <\/a>\n            <\/div>\n    <div class=\"edgtf-iwt-text-holder\">\n        \t\t    <\/div>\n<\/div>\t\t<\/div>\n\t<\/div>\n<\/div><div class=\"edgtf-eh-item  edgtf-vertical-alignment-top  \"  data-item-class=\"edgtf-eh-custom-8376\" data-1367-1600=\"0 43px 0 0\" data-1025-1366=\"0 43px 0 0\" data-769-1024=\"0 120px 0 0\" data-681-768=\"0 50px 0 0\" data-680=\"0 0 0 0\">\n\t<div class=\"edgtf-eh-item-inner\">\n\t\t<div class=\"edgtf-eh-item-content edgtf-eh-custom-8376\" style=\"padding: 0 43px 0 0\">\n\t\t\t<div class=\"edgtf-image-with-text-holder    edgtf-image-behavior-custom-link\">\n    <div class=\"edgtf-iwt-image\">\n                                    <img loading=\"lazy\" decoding=\"async\" src=\"https:\/\/chauffeurpositano.com\/wp-content\/uploads\/2022\/08\/vi-raccomandiamo-298x236.png\" alt=\"The Chauffeur of Positano: vi raccomandiamo\" width=\"298\" height=\"236\" \/>                                <\/a>\n            <\/div>\n    <div class=\"edgtf-iwt-text-holder\">\n        \t\t    <\/div>\n<\/div>\t\t<\/div>\n\t<\/div>\n<\/div><div class=\"edgtf-eh-item  edgtf-vertical-alignment-top  \"  data-item-class=\"edgtf-eh-custom-2191\" data-1367-1600=\"0 43px 0 0\" data-1025-1366=\"0 43px 0 0\" data-769-1024=\"0 120px 0 0\" data-681-768=\"0 50px 0 0\" data-680=\"0 0 0 0\">\n\t<div class=\"edgtf-eh-item-inner\">\n\t\t<div class=\"edgtf-eh-item-content edgtf-eh-custom-2191\" style=\"padding: 0 43px 0 0\">\n\t\t\t<div class=\"edgtf-image-with-text-holder    edgtf-image-behavior-custom-link\">\n    <div class=\"edgtf-iwt-image\">\n                                                                    <\/a>\n            <\/div>\n    <div class=\"edgtf-iwt-text-holder\">\n        \t\t    <\/div>\n<\/div>\t\t<\/div>\n\t<\/div>\n<\/div><\/div>[\/vc_column][\/vc_row][vc_row content_placement=&#8221;middle&#8221; row_content_width=&#8221;grid&#8221; disable_background_image=&#8221;&#8221; content_text_aligment=&#8221;center&#8221; css=&#8221;.vc_custom_1659440092737{padding-top: 85px !important;padding-bottom: 100px !important;}&#8221; simple_background_image=&#8221;6449&#8243; background_image_position=&#8221;center center&#8221;][vc_column]<div class=\"edgtf-elements-holder   edgtf-one-column  edgtf-responsive-mode-768 edgtf-one-column-alignment-left\" ><div class=\"edgtf-eh-item    \"  data-item-class=\"edgtf-eh-custom-8217\">\n\t<div class=\"edgtf-eh-item-inner\">\n\t\t<div class=\"edgtf-eh-item-content edgtf-eh-custom-8217\" >\n\t\t\t[vc_row_inner][vc_column_inner]<div class=\"edgtf-section-title-holder   edgtf-st-position-center\" >\n\t<div class=\"edgtf-st-inner\">\n\t\t\t\t\t<span class=\"edgtf-st-subtitle\" style=\"color: #ffffff\">\n\t\t\t\tContattaci\t\t\t<\/span>\n\t\t\t\t\t\t\t<h2 class=\"edgtf-st-title\" style=\"color: #ffffff\">\n\t\t\t\tprenotate oggi stesso il vostro tour della Reggia di Caserta\t\t\t<\/h2>\n\t\t\t\t\t<\/div>\n<\/div>[\/vc_column_inner][\/vc_row_inner][vc_empty_space height=&#8221;45&#8243;]<a itemprop=\"url\" href=\"https:\/\/chauffeurpositano.com\/it\/richiesta-di-preventivo\/\" target=\"_blank\" style=\"background-color: #0095da;border-color: #0095da\" class=\"edgtf-btn edgtf-btn-medium edgtf-btn-solid edgtf-btn-custom-hover-bg edgtf-btn-custom-border-hover\" data-hover-bg-color=\"#fb586d\" data-hover-border-color=\"#fb586d\" >\n\t\t<span class=\"edgtf-btn-text\">RICHIEDI PREVENTIVO<\/span>\n<\/a>\t\t<\/div>\n\t<\/div>\n<\/div><\/div>[\/vc_column][\/vc_row]<\/p>\n<\/div>","protected":false},"excerpt":{"rendered":"<p>[vc_row row_content_width=&#8221;grid&#8221; content_text_aligment=&#8221;left&#8221; css=&#8221;.vc_custom_1534237525548{padding-top: 100px !important;padding-bottom: 85px !important;}&#8221;][vc_column][\/vc_column][\/vc_row][vc_row content_placement=&#8221;middle&#8221; row_content_width=&#8221;grid&#8221; content_text_aligment=&#8221;left&#8221; css=&#8221;.vc_custom_1534240573757{padding-top: 100px !important;padding-bottom: 31px !important;}&#8221; simple_background_color=&#8221;#fafafa&#8221;][vc_column][\/vc_column][\/vc_row][vc_row content_placement=&#8221;middle&#8221; row_content_width=&#8221;grid&#8221; content_text_aligment=&#8221;left&#8221; css=&#8221;.vc_custom_1561968527495{padding-top: 20px !important;padding-bottom: 31px !important;}&#8221; simple_background_color=&#8221;#fafafa&#8221;][vc_column][\/vc_column][\/vc_row][vc_row content_placement=&#8221;middle&#8221; row_content_width=&#8221;grid&#8221; content_text_aligment=&#8221;left&#8221; css=&#8221;.vc_custom_1561970298064{padding-top: 100px !important;padding-bottom: 31px !important;}&#8221; simple_background_color=&#8221;#fafafa&#8221;][vc_column][\/vc_column][\/vc_row][vc_row content_placement=&#8221;middle&#8221; row_content_width=&#8221;grid&#8221; content_text_aligment=&#8221;left&#8221; css=&#8221;.vc_custom_1561977770817{padding-top: 50px !important;padding-bottom: 31px !important;padding-left: 20px !important;}&#8221; simple_background_color=&#8221;#fafafa&#8221;][vc_column][\/vc_column][\/vc_row][vc_row content_placement=&#8221;middle&#8221; row_content_width=&#8221;grid&#8221; disable_background_image=&#8221;&#8221; content_text_aligment=&#8221;center&#8221; css=&#8221;.vc_custom_1659440092737{padding-top: 85px !important;padding-bottom: 100px !important;}&#8221; simple_background_image=&#8221;6449&#8243; background_image_position=&#8221;center center&#8221;][vc_column][\/vc_column][\/vc_row]<\/p>\n","protected":false},"author":5,"featured_media":0,"parent":0,"menu_order":0,"comment_status":"closed","ping_status":"closed","template":"full-width.php","meta":{"footnotes":""},"class_list":["post-6701","page","type-page","status-publish","hentry"],"_links":{"self":[{"href":"https:\/\/chauffeurpositano.com\/it\/wp-json\/wp\/v2\/pages\/6701","targetHints":{"allow":["GET"]}}],"collection":[{"href":"https:\/\/chauffeurpositano.com\/it\/wp-json\/wp\/v2\/pages"}],"about":[{"href":"https:\/\/chauffeurpositano.com\/it\/wp-json\/wp\/v2\/types\/page"}],"author":[{"embeddable":true,"href":"https:\/\/chauffeurpositano.com\/it\/wp-json\/wp\/v2\/users\/5"}],"replies":[{"embeddable":true,"href":"https:\/\/chauffeurpositano.com\/it\/wp-json\/wp\/v2\/comments?post=6701"}],"version-history":[{"count":0,"href":"https:\/\/chauffeurpositano.com\/it\/wp-json\/wp\/v2\/pages\/6701\/revisions"}],"wp:attachment":[{"href":"https:\/\/chauffeurpositano.com\/it\/wp-json\/wp\/v2\/media?parent=6701"}],"curies":[{"name":"wp","href":"https:\/\/api.w.org\/{rel}","templated":true}]}}