{"id":6700,"date":"2019-08-13T12:26:54","date_gmt":"2019-08-13T10:26:54","guid":{"rendered":"https:\/\/www.chauffeurpositano.com\/sassi-di-matera\/"},"modified":"2022-08-02T16:05:40","modified_gmt":"2022-08-02T14:05:40","slug":"sassi-di-matera","status":"publish","type":"page","link":"https:\/\/chauffeurpositano.com\/it\/sassi-di-matera\/","title":{"rendered":"Sassi di Matera"},"content":{"rendered":"<div class=\"wpb-content-wrapper\"><p>[vc_row row_content_width=&#8221;grid&#8221; content_text_aligment=&#8221;left&#8221; css=&#8221;.vc_custom_1534237525548{padding-top: 100px !important;padding-bottom: 85px !important;}&#8221;][vc_column]<div class=\"edgtf-elements-holder   edgtf-two-columns  edgtf-responsive-mode-1024 edgtf-one-column-alignment-left\" ><div class=\"edgtf-eh-item  edgtf-vertical-alignment-top edgtf-horizontal-alignment-center \"  data-item-class=\"edgtf-eh-custom-5013\">\n\t<div class=\"edgtf-eh-item-inner\">\n\t\t<div class=\"edgtf-eh-item-content edgtf-eh-custom-5013\" style=\"padding: 0 0 0 0\">\n\t\t\t[vc_single_image image=&#8221;6518&#8243; img_size=&#8221;large&#8221; css=&#8221;.vc_custom_1566204805794{padding-top: 20px !important;}&#8221;][vc_empty_space height=&#8221;10px&#8221;]\t\t<\/div>\n\t<\/div>\n<\/div><div class=\"edgtf-eh-item  edgtf-vertical-alignment-top  \"  data-item-class=\"edgtf-eh-custom-9450\" data-1367-1600=\"0 0 35px 50px\" data-1025-1366=\"0 0 36px 50px\" data-769-1024=\"0 130px 0 0\" data-681-768=\"0 60px 0 0\" data-680=\"0 0 0 0\">\n\t<div class=\"edgtf-eh-item-inner\">\n\t\t<div class=\"edgtf-eh-item-content edgtf-eh-custom-9450\" style=\"padding: 0 0 35px 50px\">\n\t\t\t[vc_column_text]<\/p>\n<h3>Tour dell&#8217;antica citt\u00e0 di Matera!<\/h3>\n<p>[\/vc_column_text][vc_empty_space height=&#8221;10px&#8221;][vc_column_text]Matera \u00e8 un&#8217;antica citt\u00e0 della Basilicata, situata nel sud-est dell&#8217;Italia. Questo tour inizier\u00e0 con uno dei nostri autisti che vi verr\u00e0 a prendere al vostro alloggio e guider\u00e0 verso il sud-est dell&#8217;Italia per alcune ore fino a raggiungere la citt\u00e0 di Matera, unica nel suo genere. Il nostro autista vi condurr\u00e0 poi nel centro storico della citt\u00e0, che \u00e8 quasi interamente riservato ai pedoni. Da questo punto attraverserete questa antica citt\u00e0, guardando e ammirando la straordinaria tecnica architettonica.<\/p>\n<p>Dopo che la vostra mente sar\u00e0 stata abbagliata da tutte le bellezze viste durante questo tour, il nostro autista vi riporter\u00e0 al vostro alloggio. Durante il rilassante viaggio di ritorno, potrete fare un breve pisolino o chiacchierare e ricordare l&#8217;incredibile giornata trascorsa in una delle citt\u00e0 pi\u00f9 belle e famose d&#8217;Italia.[\/vc_column_text]\t\t<\/div>\n\t<\/div>\n<\/div><\/div>[\/vc_column][\/vc_row][vc_row content_placement=&#8221;middle&#8221; row_content_width=&#8221;grid&#8221; content_text_aligment=&#8221;left&#8221; css=&#8221;.vc_custom_1534240573757{padding-top: 100px !important;padding-bottom: 31px !important;}&#8221; simple_background_color=&#8221;#fafafa&#8221;][vc_column]<div class=\"edgtf-elements-holder   edgtf-three-columns  edgtf-responsive-mode-1024 \" ><div class=\"edgtf-eh-item  edgtf-vertical-alignment-top  \"  data-item-class=\"edgtf-eh-custom-1973\" data-1367-1600=\"0 43px 0 0\" data-1025-1366=\"0 43px 0 0\" data-769-1024=\"0 120px 0 0\" data-681-768=\"0 50px 0 0\" data-680=\"0 0 0 0\">\n\t<div class=\"edgtf-eh-item-inner\">\n\t\t<div class=\"edgtf-eh-item-content edgtf-eh-custom-1973\" style=\"padding: 0 43px 0 0\">\n\t\t\t<div class=\"edgtf-image-with-text-holder    edgtf-image-behavior-custom-link\">\n    <div class=\"edgtf-iwt-image\">\n                                    <img loading=\"lazy\" decoding=\"async\" src=\"https:\/\/chauffeurpositano.com\/wp-content\/uploads\/2019\/06\/storia-106x56.png\" alt=\"\" width=\"106\" height=\"56\" \/>                                <\/a>\n            <\/div>\n    <div class=\"edgtf-iwt-text-holder\">\n                    <h4 class=\"edgtf-iwt-title\" style=\"margin-top: 17px\">La storia<\/h4>\n        \t\t    <\/div>\n<\/div>[vc_empty_space height=&#8221;20px&#8221;]<div class=\"edgtf-icon-list-holder \" >\n\t<div class=\"edgtf-il-icon-holder\">\n\t\t<i class=\"edgtf-icon-font-awesome fa fa-angle-right \" style=\"color: #fc475f;font-size: 12px\"><\/i>\t<\/div>\n\t<p class=\"edgtf-il-text\" >Matera, conosciuta anche come la Citt\u00e0 dei Sassi, \u00e8 considerata la terza citt\u00e0 pi\u00f9 antica del mondo, risalendo a pi\u00f9 di 10.000 anni fa.<\/p>\n<\/div><div class=\"edgtf-icon-list-holder \" >\n\t<div class=\"edgtf-il-icon-holder\">\n\t\t<i class=\"edgtf-icon-font-awesome fa fa-angle-right \" style=\"color: #fc475f;font-size: 12px\"><\/i>\t<\/div>\n\t<p class=\"edgtf-il-text\" >Considerato uno dei primi insediamenti umani in Italia<\/p>\n<\/div><div class=\"edgtf-icon-list-holder \" >\n\t<div class=\"edgtf-il-icon-holder\">\n\t\t<i class=\"edgtf-icon-font-awesome fa fa-angle-right \" style=\"color: #fc475f;font-size: 12px\"><\/i>\t<\/div>\n\t<p class=\"edgtf-il-text\" >Alcune delle grotte in cui vivono gli abitanti di Matera risalgono all&#039;Et\u00e0 del Bronzo.<\/p>\n<\/div><div class=\"edgtf-icon-list-holder \" >\n\t<div class=\"edgtf-il-icon-holder\">\n\t\t<i class=\"edgtf-icon-font-awesome fa fa-angle-right \" style=\"color: #fc475f;font-size: 12px\"><\/i>\t<\/div>\n\t<p class=\"edgtf-il-text\" >Dal punto di vista preistorico, il territorio materano si presenta come uno dei siti archeologici pi\u00f9 interessanti del Sud Italia.<\/p>\n<\/div>\t\t<\/div>\n\t<\/div>\n<\/div><div class=\"edgtf-eh-item  edgtf-vertical-alignment-top  \"  data-item-class=\"edgtf-eh-custom-2177\" data-1367-1600=\"0 0 0 43px\" data-1025-1366=\"0 0 0 43px\" data-769-1024=\"0 120px 0 0\" data-681-768=\"0 50px 0 0\" data-680=\"0 0 0 0\">\n\t<div class=\"edgtf-eh-item-inner\">\n\t\t<div class=\"edgtf-eh-item-content edgtf-eh-custom-2177\" style=\"padding: 0 0 0 43px\">\n\t\t\t<div class=\"edgtf-image-with-text-holder    edgtf-image-behavior-custom-link\">\n    <div class=\"edgtf-iwt-image\">\n                                    <img loading=\"lazy\" decoding=\"async\" src=\"https:\/\/chauffeurpositano.com\/wp-content\/uploads\/2022\/08\/icona-architettura-112x56.png\" alt=\"The Chauffeur of Positano: icona architettura\" width=\"112\" height=\"56\" \/>                                <\/a>\n            <\/div>\n    <div class=\"edgtf-iwt-text-holder\">\n                    <h4 class=\"edgtf-iwt-title\" style=\"margin-top: 17px\">Architettura<\/h4>\n        \t\t    <\/div>\n<\/div>[vc_empty_space height=&#8221;20px&#8221;]<div class=\"edgtf-icon-list-holder \" >\n\t<div class=\"edgtf-il-icon-holder\">\n\t\t<i class=\"edgtf-icon-font-awesome fa fa-angle-right \" style=\"color: #fc475f;font-size: 12px\"><\/i>\t<\/div>\n\t<p class=\"edgtf-il-text\" >Queste grotte offrono uno dei paesaggi pi\u00f9 singolari della storia italiana.<\/p>\n<\/div><div class=\"edgtf-icon-list-holder \" >\n\t<div class=\"edgtf-il-icon-holder\">\n\t\t<i class=\"edgtf-icon-font-awesome fa fa-angle-right \" style=\"color: #fc475f;font-size: 12px\"><\/i>\t<\/div>\n\t<p class=\"edgtf-il-text\" >Le case sono state progettate e raggruppate in modo meticoloso, in modo che il pavimento di una casa fosse il tetto di quella sottostante.<\/p>\n<\/div><div class=\"edgtf-icon-list-holder \" >\n\t<div class=\"edgtf-il-icon-holder\">\n\t\t<i class=\"edgtf-icon-font-awesome fa fa-angle-right \" style=\"color: #fc475f;font-size: 12px\"><\/i>\t<\/div>\n\t<p class=\"edgtf-il-text\" >Queste semplici case sono state scavate nella tenera roccia di tufo.<\/p>\n<\/div><div class=\"edgtf-icon-list-holder \" >\n\t<div class=\"edgtf-il-icon-holder\">\n\t\t<i class=\"edgtf-icon-font-awesome fa fa-angle-right \" style=\"color: #fc475f;font-size: 12px\"><\/i>\t<\/div>\n\t<p class=\"edgtf-il-text\" >Passaggi sotterranei e cisterne scavate nella pietra che ci mostrano l&#039;importanza della raccolta e della conservazione dell&#039;acqua.<\/p>\n<\/div>\t\t<\/div>\n\t<\/div>\n<\/div><\/div>[\/vc_column][\/vc_row][vc_row content_placement=&#8221;middle&#8221; row_content_width=&#8221;grid&#8221; content_text_aligment=&#8221;left&#8221; css=&#8221;.vc_custom_1561968527495{padding-top: 20px !important;padding-bottom: 31px !important;}&#8221; simple_background_color=&#8221;#fafafa&#8221;][vc_column]<div class=\"edgtf-elements-holder   edgtf-three-columns  edgtf-responsive-mode-1024 \" ><div class=\"edgtf-eh-item  edgtf-vertical-alignment-top  \"  data-item-class=\"edgtf-eh-custom-7278\" data-1367-1600=\"0 43px 0 0\" data-1025-1366=\"0 43px 0 0\" data-769-1024=\"0 120px 0 0\" data-681-768=\"0 50px 0 0\" data-680=\"0 0 0 0\">\n\t<div class=\"edgtf-eh-item-inner\">\n\t\t<div class=\"edgtf-eh-item-content edgtf-eh-custom-7278\" style=\"padding: 0 43px 0 0\">\n\t\t\t[vc_column_text][\/vc_column_text]\t\t<\/div>\n\t<\/div>\n<\/div><\/div>[\/vc_column][\/vc_row][vc_row content_placement=&#8221;middle&#8221; row_content_width=&#8221;grid&#8221; content_text_aligment=&#8221;left&#8221; css=&#8221;.vc_custom_1561970298064{padding-top: 100px !important;padding-bottom: 31px !important;}&#8221; simple_background_color=&#8221;#fafafa&#8221;][vc_column]<div class=\"edgtf-elements-holder   edgtf-three-columns  edgtf-responsive-mode-1024 \" ><div class=\"edgtf-eh-item  edgtf-vertical-alignment-top  \"  data-item-class=\"edgtf-eh-custom-5188\" data-1367-1600=\"0 43px 0 0\" data-1025-1366=\"0 43px 0 0\" data-769-1024=\"0 120px 0 0\" data-681-768=\"0 50px 0 0\" data-680=\"0 0 0 0\">\n\t<div class=\"edgtf-eh-item-inner\">\n\t\t<div class=\"edgtf-eh-item-content edgtf-eh-custom-5188\" style=\"padding: 0 43px 0 0\">\n\t\t\t<div class=\"edgtf-image-with-text-holder    edgtf-image-behavior-custom-link\">\n    <div class=\"edgtf-iwt-image\">\n                                    <img loading=\"lazy\" decoding=\"async\" src=\"https:\/\/chauffeurpositano.com\/wp-content\/uploads\/2022\/07\/icona-tempo-106x56.png\" alt=\"The Chauffeur of Positano: icona tempo\" width=\"106\" height=\"56\" \/>                                <\/a>\n            <\/div>\n    <div class=\"edgtf-iwt-text-holder\">\n                    <h4 class=\"edgtf-iwt-title\" style=\"margin-top: 17px\">Durata del tour<\/h4>\n        \t\t            <p class=\"edgtf-iwt-text\" style=\"margin-top: 16px\">Da 8 a 9 ore<\/p>\n            <\/div>\n<\/div>[vc_empty_space height=&#8221;20px&#8221;]\t\t<\/div>\n\t<\/div>\n<\/div><div class=\"edgtf-eh-item  edgtf-vertical-alignment-top  \"  data-item-class=\"edgtf-eh-custom-1508\" data-1367-1600=\"0 0 0 43px\" data-1025-1366=\"0 0 0 43px\" data-769-1024=\"0 120px 0 0\" data-681-768=\"0 50px 0 0\" data-680=\"0 0 0 0\">\n\t<div class=\"edgtf-eh-item-inner\">\n\t\t<div class=\"edgtf-eh-item-content edgtf-eh-custom-1508\" style=\"padding: 0 0 0 43px\">\n\t\t\t<div class=\"edgtf-image-with-text-holder    edgtf-image-behavior-custom-link\">\n    <div class=\"edgtf-iwt-image\">\n                                    <img loading=\"lazy\" decoding=\"async\" src=\"https:\/\/chauffeurpositano.com\/wp-content\/uploads\/2022\/07\/icona-include-112x56.png\" alt=\"The Chauffeur of Positano: icona include\" width=\"112\" height=\"56\" \/>                                <\/a>\n            <\/div>\n    <div class=\"edgtf-iwt-text-holder\">\n                    <h4 class=\"edgtf-iwt-title\" style=\"margin-top: 17px\">Include<\/h4>\n        \t\t            <p class=\"edgtf-iwt-text\" style=\"margin-top: 16px\">Incontro e saluto - Veicolo di lusso con aria condizionata - Autista professionale ed esperto - Pedaggi autostradali, benzina, tasse, parcheggio - Bottiglie d&#039;acqua a bordo<\/p>\n            <\/div>\n<\/div>[vc_empty_space height=&#8221;20px&#8221;]\t\t<\/div>\n\t<\/div>\n<\/div><div class=\"edgtf-eh-item  edgtf-vertical-alignment-top  \"  data-item-class=\"edgtf-eh-custom-1793\" data-1367-1600=\"0 0 0 43px\" data-1025-1366=\"0 0 0 43px\" data-769-1024=\"0 120px 0 0\" data-681-768=\"0 50px 0 0\" data-680=\"0 0 0 0\">\n\t<div class=\"edgtf-eh-item-inner\">\n\t\t<div class=\"edgtf-eh-item-content edgtf-eh-custom-1793\" style=\"padding: 0 0 0 43px\">\n\t\t\t<div class=\"edgtf-image-with-text-holder    edgtf-image-behavior-custom-link\">\n    <div class=\"edgtf-iwt-image\">\n                                    <img loading=\"lazy\" decoding=\"async\" src=\"https:\/\/chauffeurpositano.com\/wp-content\/uploads\/2022\/07\/icona-non-include-112x56.png\" alt=\"The Chauffeur of Positano: icona NON include\" width=\"112\" height=\"56\" \/>                                <\/a>\n            <\/div>\n    <div class=\"edgtf-iwt-text-holder\">\n                    <h4 class=\"edgtf-iwt-title\" style=\"margin-top: 17px\">Non include<\/h4>\n        \t\t            <p class=\"edgtf-iwt-text\" style=\"margin-top: 16px\">I pranzi, gli ingressi ai monumenti e ai siti archeologici e le guide private non sono inclusi se non menzionati nelle escursioni.<\/p>\n            <\/div>\n<\/div>[vc_empty_space height=&#8221;20px&#8221;]\t\t<\/div>\n\t<\/div>\n<\/div><\/div>[\/vc_column][\/vc_row][vc_row content_placement=&#8221;middle&#8221; row_content_width=&#8221;grid&#8221; content_text_aligment=&#8221;left&#8221; css=&#8221;.vc_custom_1561977770817{padding-top: 50px !important;padding-bottom: 31px !important;padding-left: 20px !important;}&#8221; simple_background_color=&#8221;#fafafa&#8221;][vc_column]<div class=\"edgtf-elements-holder   edgtf-three-columns  edgtf-responsive-mode-1024 \" ><div class=\"edgtf-eh-item  edgtf-vertical-alignment-top  \"  data-item-class=\"edgtf-eh-custom-6696\" data-1367-1600=\"0 43px 0 0\" data-1025-1366=\"0 43px 0 0\" data-769-1024=\"0 120px 0 0\" data-681-768=\"0 50px 0 0\" data-680=\"0 0 0 0\">\n\t<div class=\"edgtf-eh-item-inner\">\n\t\t<div class=\"edgtf-eh-item-content edgtf-eh-custom-6696\" style=\"padding: 0 43px 0 0\">\n\t\t\t<div class=\"edgtf-image-with-text-holder    edgtf-image-behavior-custom-link\">\n    <div class=\"edgtf-iwt-image\">\n                                                                    <\/a>\n            <\/div>\n    <div class=\"edgtf-iwt-text-holder\">\n        \t\t    <\/div>\n<\/div>\t\t<\/div>\n\t<\/div>\n<\/div><div class=\"edgtf-eh-item  edgtf-vertical-alignment-top  \"  data-item-class=\"edgtf-eh-custom-6926\" data-1367-1600=\"0 43px 0 0\" data-1025-1366=\"0 43px 0 0\" data-769-1024=\"0 120px 0 0\" data-681-768=\"0 50px 0 0\" data-680=\"0 0 0 0\">\n\t<div class=\"edgtf-eh-item-inner\">\n\t\t<div class=\"edgtf-eh-item-content edgtf-eh-custom-6926\" style=\"padding: 0 43px 0 0\">\n\t\t\t<div class=\"edgtf-image-with-text-holder    edgtf-image-behavior-custom-link\">\n    <div class=\"edgtf-iwt-image\">\n                                    <img loading=\"lazy\" decoding=\"async\" src=\"https:\/\/chauffeurpositano.com\/wp-content\/uploads\/2022\/08\/vi-raccomandiamo-298x236.png\" alt=\"The Chauffeur of Positano: vi raccomandiamo\" width=\"298\" height=\"236\" \/>                                <\/a>\n            <\/div>\n    <div class=\"edgtf-iwt-text-holder\">\n        \t\t    <\/div>\n<\/div>\t\t<\/div>\n\t<\/div>\n<\/div><div class=\"edgtf-eh-item  edgtf-vertical-alignment-top  \"  data-item-class=\"edgtf-eh-custom-7501\" data-1367-1600=\"0 43px 0 0\" data-1025-1366=\"0 43px 0 0\" data-769-1024=\"0 120px 0 0\" data-681-768=\"0 50px 0 0\" data-680=\"0 0 0 0\">\n\t<div class=\"edgtf-eh-item-inner\">\n\t\t<div class=\"edgtf-eh-item-content edgtf-eh-custom-7501\" style=\"padding: 0 43px 0 0\">\n\t\t\t<div class=\"edgtf-image-with-text-holder    edgtf-image-behavior-custom-link\">\n    <div class=\"edgtf-iwt-image\">\n                                                                    <\/a>\n            <\/div>\n    <div class=\"edgtf-iwt-text-holder\">\n        \t\t    <\/div>\n<\/div>\t\t<\/div>\n\t<\/div>\n<\/div><\/div>[\/vc_column][\/vc_row][vc_row content_placement=&#8221;middle&#8221; row_content_width=&#8221;grid&#8221; disable_background_image=&#8221;&#8221; content_text_aligment=&#8221;center&#8221; css=&#8221;.vc_custom_1566205216805{padding-top: 85px !important;padding-bottom: 100px !important;}&#8221; simple_background_image=&#8221;5016&#8243;][vc_column]<div class=\"edgtf-elements-holder   edgtf-one-column  edgtf-responsive-mode-768 edgtf-one-column-alignment-left\" ><div class=\"edgtf-eh-item    \"  data-item-class=\"edgtf-eh-custom-3940\">\n\t<div class=\"edgtf-eh-item-inner\">\n\t\t<div class=\"edgtf-eh-item-content edgtf-eh-custom-3940\" >\n\t\t\t[vc_row_inner][vc_column_inner]<div class=\"edgtf-section-title-holder   edgtf-st-position-center\" >\n\t<div class=\"edgtf-st-inner\">\n\t\t\t\t\t<span class=\"edgtf-st-subtitle\" style=\"color: #ffffff\">\n\t\t\t\tContattaci\t\t\t<\/span>\n\t\t\t\t\t\t\t<h2 class=\"edgtf-st-title\" style=\"color: #ffffff\">\n\t\t\t\toggi stesso per prenotare i Sassi di Matera\t\t\t<\/h2>\n\t\t\t\t\t<\/div>\n<\/div>[\/vc_column_inner][\/vc_row_inner][vc_empty_space height=&#8221;45&#8243;]<a itemprop=\"url\" href=\"https:\/\/chauffeurpositano.com\/it\/richiesta-di-preventivo\/\" target=\"_blank\" style=\"background-color: #0095da;border-color: #0095da\" class=\"edgtf-btn edgtf-btn-medium edgtf-btn-solid edgtf-btn-custom-hover-bg edgtf-btn-custom-border-hover\" data-hover-bg-color=\"#fb586d\" data-hover-border-color=\"#fb586d\" >\n\t\t<span class=\"edgtf-btn-text\">RICHIEDI PREVENTIVO<\/span>\n<\/a>\t\t<\/div>\n\t<\/div>\n<\/div><\/div>[\/vc_column][\/vc_row]<\/p>\n<\/div>","protected":false},"excerpt":{"rendered":"<p>[vc_row row_content_width=&#8221;grid&#8221; content_text_aligment=&#8221;left&#8221; css=&#8221;.vc_custom_1534237525548{padding-top: 100px !important;padding-bottom: 85px !important;}&#8221;][vc_column][\/vc_column][\/vc_row][vc_row content_placement=&#8221;middle&#8221; row_content_width=&#8221;grid&#8221; content_text_aligment=&#8221;left&#8221; css=&#8221;.vc_custom_1534240573757{padding-top: 100px !important;padding-bottom: 31px !important;}&#8221; simple_background_color=&#8221;#fafafa&#8221;][vc_column][\/vc_column][\/vc_row][vc_row content_placement=&#8221;middle&#8221; row_content_width=&#8221;grid&#8221; content_text_aligment=&#8221;left&#8221; css=&#8221;.vc_custom_1561968527495{padding-top: 20px !important;padding-bottom: 31px !important;}&#8221; simple_background_color=&#8221;#fafafa&#8221;][vc_column][\/vc_column][\/vc_row][vc_row content_placement=&#8221;middle&#8221; row_content_width=&#8221;grid&#8221; content_text_aligment=&#8221;left&#8221; css=&#8221;.vc_custom_1561970298064{padding-top: 100px !important;padding-bottom: 31px !important;}&#8221; simple_background_color=&#8221;#fafafa&#8221;][vc_column][\/vc_column][\/vc_row][vc_row content_placement=&#8221;middle&#8221; row_content_width=&#8221;grid&#8221; content_text_aligment=&#8221;left&#8221; css=&#8221;.vc_custom_1561977770817{padding-top: 50px !important;padding-bottom: 31px !important;padding-left: 20px !important;}&#8221; simple_background_color=&#8221;#fafafa&#8221;][vc_column][\/vc_column][\/vc_row][vc_row content_placement=&#8221;middle&#8221; row_content_width=&#8221;grid&#8221; disable_background_image=&#8221;&#8221; content_text_aligment=&#8221;center&#8221; css=&#8221;.vc_custom_1566205216805{padding-top: 85px !important;padding-bottom: 100px !important;}&#8221; simple_background_image=&#8221;5016&#8243;][vc_column][\/vc_column][\/vc_row]<\/p>\n","protected":false},"author":5,"featured_media":0,"parent":0,"menu_order":0,"comment_status":"closed","ping_status":"closed","template":"full-width.php","meta":{"footnotes":""},"class_list":["post-6700","page","type-page","status-publish","hentry"],"_links":{"self":[{"href":"https:\/\/chauffeurpositano.com\/it\/wp-json\/wp\/v2\/pages\/6700","targetHints":{"allow":["GET"]}}],"collection":[{"href":"https:\/\/chauffeurpositano.com\/it\/wp-json\/wp\/v2\/pages"}],"about":[{"href":"https:\/\/chauffeurpositano.com\/it\/wp-json\/wp\/v2\/types\/page"}],"author":[{"embeddable":true,"href":"https:\/\/chauffeurpositano.com\/it\/wp-json\/wp\/v2\/users\/5"}],"replies":[{"embeddable":true,"href":"https:\/\/chauffeurpositano.com\/it\/wp-json\/wp\/v2\/comments?post=6700"}],"version-history":[{"count":0,"href":"https:\/\/chauffeurpositano.com\/it\/wp-json\/wp\/v2\/pages\/6700\/revisions"}],"wp:attachment":[{"href":"https:\/\/chauffeurpositano.com\/it\/wp-json\/wp\/v2\/media?parent=6700"}],"curies":[{"name":"wp","href":"https:\/\/api.w.org\/{rel}","templated":true}]}}