{"id":6687,"date":"2019-06-27T12:53:33","date_gmt":"2019-06-27T10:53:33","guid":{"rendered":"https:\/\/www.chauffeurpositano.com\/nella-penisola-sorrentina\/"},"modified":"2022-08-01T18:53:58","modified_gmt":"2022-08-01T16:53:58","slug":"tour-gastronomico-all-inclusive-nella-penisola-sorrentina","status":"publish","type":"page","link":"https:\/\/chauffeurpositano.com\/it\/tour-gastronomico-all-inclusive-nella-penisola-sorrentina\/","title":{"rendered":"nella Penisola Sorrentina"},"content":{"rendered":"<div class=\"wpb-content-wrapper\"><p>[vc_row row_content_width=&#8221;grid&#8221; content_text_aligment=&#8221;left&#8221; css=&#8221;.vc_custom_1657892518785{padding-top: 100px !important;padding-bottom: 85px !important;}&#8221;][vc_column]<div class=\"edgtf-elements-holder   edgtf-two-columns  edgtf-responsive-mode-1024 edgtf-one-column-alignment-left\" ><div class=\"edgtf-eh-item  edgtf-vertical-alignment-top edgtf-horizontal-alignment-center \"  data-item-class=\"edgtf-eh-custom-1029\">\n\t<div class=\"edgtf-eh-item-inner\">\n\t\t<div class=\"edgtf-eh-item-content edgtf-eh-custom-1029\" style=\"padding: 0 0 0 0\">\n\t\t\t<div class=\"edgtf-single-image-holder   \">\n    <div class=\"edgtf-si-inner\" >\n                                    <img loading=\"lazy\" decoding=\"async\" src=\"https:\/\/chauffeurpositano.com\/wp-content\/uploads\/2022\/08\/degustazione-di-cibi-e-tour-della-pizza-800x510.jpg\" alt=\"The Chauffeur of Positano: nella Penisola Sorrentina\" width=\"800\" height=\"510\" \/>                        <\/div>\n<\/div>[vc_empty_space height=&#8221;10px&#8221;]\t\t<\/div>\n\t<\/div>\n<\/div><div class=\"edgtf-eh-item  edgtf-vertical-alignment-top  \"  data-item-class=\"edgtf-eh-custom-5903\" data-1367-1600=\"0 0 35px 50px\" data-1025-1366=\"0 0 36px 50px\" data-769-1024=\"0 130px 0 0\" data-681-768=\"0 60px 0 0\" data-680=\"0 0 0 0\">\n\t<div class=\"edgtf-eh-item-inner\">\n\t\t<div class=\"edgtf-eh-item-content edgtf-eh-custom-5903\" style=\"padding: 0 0 35px 50px\">\n\t\t\t[vc_column_text]<\/p>\n<h3>Degustazione di cibi e tour della pizza<\/h3>\n<p>[\/vc_column_text][vc_empty_space height=&#8221;10px&#8221;][vc_column_text]<span style=\"display: inline !important; float: none; background-color: #ffffff; color: #747474; font-family: 'PT Sans',Arial,Helvetica,sans-serif; font-size: 17px; font-style: normal; font-variant: normal; font-weight: 400; letter-spacing: normal; orphans: 2; text-align: left; text-decoration: none; text-indent: 0px; text-transform: none; -webkit-text-stroke-width: 0px; white-space: normal; word-spacing: 0px;\">Uno dei momenti pi\u00f9 emozionanti della visita ad una nuova localit\u00e0 turistica \u00e8 quello di assaporarne i cibi tradizionali e culturali. Il Sud Italia \u00e8 un paese che alcuni visitano solo per il cibo. La cucina italiana \u00e8 famosa per l&#8217;alta qualit\u00e0, la variet\u00e0 e la freschezza degli alimenti. Di quali alimenti si compone la famosa &#8220;Dieta Mediterranea&#8221;? Venite a scoprirlo di persona! Se amate e apprezzate veramente il buon cibo e il vino, questo tour gastronomico all-inclusive \u00e8 perfetto per voi. La Campania \u00e8 una regione ricca di terre fertili e di alimenti di alta qualit\u00e0. \u00c8 qui che si coltiva la maggior parte dell&#8217;uva da vino e dove vive l&#8217;80% dei bufali del Paese (che ci danno l&#8217;ingrediente chiave della famosa mozzarella di bufala). La terra fertile della Campania conferisce al cibo coltivato qui una qualit\u00e0 senza pari. Durante il vostro tour, scoprirete e assaggerete tutte le specialit\u00e0 per cui la Campania \u00e8 conosciuta: pomodori San Marzano, olio d&#8217;oliva, mozzarella, pizza, caff\u00e8, pasta, limoncello e tanto altro ancora!<\/span>[\/vc_column_text][vc_empty_space height=&#8221;33px&#8221;]\t\t<\/div>\n\t<\/div>\n<\/div><\/div>[\/vc_column][\/vc_row][vc_row row_content_width=&#8221;grid&#8221; content_text_aligment=&#8221;left&#8221; css=&#8221;.vc_custom_1566207365379{padding-top: 15px !important;padding-bottom: 100px !important;}&#8221;][vc_column]<div class=\"edgtf-elements-holder   edgtf-two-columns  edgtf-responsive-mode-1024 edgtf-one-column-alignment-left\" ><div class=\"edgtf-eh-item  edgtf-vertical-alignment-top  \"  data-item-class=\"edgtf-eh-custom-1402\" data-1367-1600=\"0 0 35px 50px\" data-1025-1366=\"0 0 36px 50px\" data-769-1024=\"0 130px 0 0\" data-681-768=\"0 60px 0 0\" data-680=\"0 0 0 0\">\n\t<div class=\"edgtf-eh-item-inner\">\n\t\t<div class=\"edgtf-eh-item-content edgtf-eh-custom-1402\" style=\"padding: 0 0 0px 0px\">\n\t\t\t[vc_column_text]<\/p>\n<h3>Cosa aspettarsi da questo all inclusive<br \/>\nTour della Giornata del Cibo nella<br \/>\nPenisola Sorrentina:<\/h3>\n<p>[\/vc_column_text][vc_empty_space height=&#8221;10px&#8221;][vc_column_text]<strong><span style=\"text-align: left; color: #8e8e8e; text-transform: none; text-indent: 0px; letter-spacing: normal; font-family: 'Open Sans',sans-serif; font-size: 14px; font-style: normal; font-variant: normal; text-decoration: none; word-spacing: 0px; display: inline !important; white-space: normal; orphans: 2; float: none; -webkit-text-stroke-width: 0px; background-color: #ffffff;\">Visitate la Limonaia, un&#8217;azienda agricola che produce limoni e olive dal 1850.<\/span><\/strong>[\/vc_column_text]<div class=\"edgtf-icon-list-holder \" >\n\t<div class=\"edgtf-il-icon-holder\">\n\t\t<i class=\"edgtf-icon-font-awesome fa fa-angle-right \" style=\"color: #fc475f;font-size: 12px\"><\/i>\t<\/div>\n\t<p class=\"edgtf-il-text\" style=\"font-size: 14px\">Assaggiate le marmellate fatte in casa di limone e arancia, olio d&#039;oliva e limoncello.<\/p>\n<\/div>[vc_column_text css=&#8221;.vc_custom_1566208210630{padding-left: px !important;}&#8221;]<strong><span style=\"text-align: left; color: #8e8e8e; text-transform: none; text-indent: 0px; letter-spacing: normal; font-family: 'Open Sans',sans-serif; font-size: 14px; font-style: normal; font-variant: normal; text-decoration: none; word-spacing: 0px; display: inline !important; white-space: normal; orphans: 2; float: none; -webkit-text-stroke-width: 0px; background-color: #ffffff;\">Visita a un Caseificio; una fabbrica di formaggi freschi<\/span><\/strong>[\/vc_column_text]<div class=\"edgtf-icon-list-holder \" >\n\t<div class=\"edgtf-il-icon-holder\">\n\t\t<i class=\"edgtf-icon-font-awesome fa fa-angle-right \" style=\"color: #fc475f;font-size: 12px\"><\/i>\t<\/div>\n\t<p class=\"edgtf-il-text\" style=\"font-size: 14px\">Assaggiate una variet\u00e0 di deliziosi formaggi come cacciottine, ricotta e mozzarella mentre imparate il processo di produzione del formaggio!<\/p>\n<\/div>[vc_column_text]<strong><span style=\"text-align: left; color: #8e8e8e; text-transform: none; text-indent: 0px; letter-spacing: normal; font-family: 'Open Sans',sans-serif; font-size: 14px; font-style: normal; font-variant: normal; text-decoration: none; word-spacing: 0px; display: inline !important; white-space: normal; orphans: 2; float: none; -webkit-text-stroke-width: 0px; background-color: #ffffff;\">Visitare una pizzeria locale e scoprire la tecnica di preparazione della pizza con il lievito madre<\/span><\/strong>[\/vc_column_text]<div class=\"edgtf-icon-list-holder \" >\n\t<div class=\"edgtf-il-icon-holder\">\n\t\t<i class=\"edgtf-icon-font-awesome fa fa-angle-right \" style=\"color: #fc475f;font-size: 12px\"><\/i>\t<\/div>\n\t<p class=\"edgtf-il-text\" style=\"font-size: 14px\">\u00c8 ora di sporcarsi le mani! Impastate l&#039;impasto precedentemente preparato mentre imparate come viene fatta la pizza napoletana. Sotto la guida di un autentico chef italiano, creerete la vostra pizza con i vostri ingredienti preferiti e la cuocerete nel forno a legna. Potrete gustare la vostra creazione accompagnata da vino, bibite e dessert per concludere il vostro pasto!<\/p>\n<\/div>[vc_column_text]<strong><span style=\"text-align: left; color: #8e8e8e; text-transform: none; text-indent: 0px; letter-spacing: normal; font-family: 'Open Sans',sans-serif; font-size: 14px; font-style: normal; font-variant: normal; text-decoration: none; word-spacing: 0px; display: inline !important; white-space: normal; orphans: 2; float: none; -webkit-text-stroke-width: 0px; background-color: #ffffff;\">Espresso italiano o gelato italiano?<\/span><\/strong>[\/vc_column_text]<div class=\"edgtf-icon-list-holder \" >\n\t<div class=\"edgtf-il-icon-holder\">\n\t\t<i class=\"edgtf-icon-font-awesome fa fa-angle-right \" style=\"color: #fc475f;font-size: 12px\"><\/i>\t<\/div>\n\t<p class=\"edgtf-il-text\" style=\"font-size: 14px\">Per concludere la giornata, potrai scegliere tra un espresso o un gelato italiano in un bar locale mentre vi godete la vista mozzafiato dell&#039;isola di Capri dalla terraferma.<\/p>\n<\/div>\t\t<\/div>\n\t<\/div>\n<\/div><div class=\"edgtf-eh-item  edgtf-vertical-alignment-top edgtf-horizontal-alignment-center \"  data-item-class=\"edgtf-eh-custom-6397\" data-1367-1600=\"13 50 0 0\" data-1025-1366=\"13 50 0 0\" data-769-1024=\"0 130 0 0\" data-681-768=\"0 60 0 0\" data-680=\"0 0 0 0\">\n\t<div class=\"edgtf-eh-item-inner\">\n\t\t<div class=\"edgtf-eh-item-content edgtf-eh-custom-6397\" style=\"padding: 0 0 0 0\">\n\t\t\t<div class=\"edgtf-single-image-holder   \">\n    <div class=\"edgtf-si-inner\" >\n                                    <img loading=\"lazy\" decoding=\"async\" src=\"https:\/\/chauffeurpositano.com\/wp-content\/uploads\/2019\/08\/sorrento-food2_-800x510.jpg\" alt=\"\" width=\"800\" height=\"510\" \/>                        <\/div>\n<\/div>[vc_empty_space height=&#8221;10px&#8221;]\t\t<\/div>\n\t<\/div>\n<\/div><\/div>[\/vc_column][\/vc_row][vc_row css=&#8221;.vc_custom_1561544543604{padding-top: 50px !important;background-color: #fafafa !important;}&#8221;][vc_column]<div class=\"edgtf-section-title-holder   edgtf-st-position-center\" >\n\t<div class=\"edgtf-st-inner\">\n\t\t\t\t\t<span class=\"edgtf-st-subtitle\" >\n\t\t\t\tUna rapida panoramica del vostro\t\t\t<\/span>\n\t\t\t\t\t\t\t<h2 class=\"edgtf-st-title\" >\n\t\t\t\ttour gastronomico nella Penisola Sorrentina\t\t\t<\/h2>\n\t\t\t\t\t<\/div>\n<\/div>[\/vc_column][\/vc_row][vc_row content_placement=&#8221;middle&#8221; row_content_width=&#8221;grid&#8221; content_text_aligment=&#8221;left&#8221; css=&#8221;.vc_custom_1534240573757{padding-top: 100px !important;padding-bottom: 31px !important;}&#8221; simple_background_color=&#8221;#fafafa&#8221;][vc_column]<div class=\"edgtf-elements-holder   edgtf-three-columns  edgtf-responsive-mode-1024 \" ><div class=\"edgtf-eh-item  edgtf-vertical-alignment-top  \"  data-item-class=\"edgtf-eh-custom-4268\" data-1367-1600=\"0 0 0 43px\" data-1025-1366=\"0 0 0 43px\" data-769-1024=\"0 120px 0 0\" data-681-768=\"0 50px 0 0\" data-680=\"0 0 0 0\">\n\t<div class=\"edgtf-eh-item-inner\">\n\t\t<div class=\"edgtf-eh-item-content edgtf-eh-custom-4268\" style=\"padding: 0 0 0 43px\">\n\t\t\t<div class=\"edgtf-image-with-text-holder    edgtf-image-behavior-custom-link\">\n    <div class=\"edgtf-iwt-image\">\n                                    <img loading=\"lazy\" decoding=\"async\" src=\"https:\/\/chauffeurpositano.com\/wp-content\/uploads\/2019\/06\/food-112x56.png\" alt=\"\" width=\"112\" height=\"56\" \/>                                <\/a>\n            <\/div>\n    <div class=\"edgtf-iwt-text-holder\">\n                    <h4 class=\"edgtf-iwt-title\" style=\"margin-top: 17px\">Cibo<\/h4>\n        \t\t            <p class=\"edgtf-iwt-text\" style=\"margin-top: 16px\">Lasciatevi stuzzicare il palato! L&#039;Italia pi\u00f9 in generale e la Campania in particolare \u00e8 famosa in tutto il mondo per le sue delizie gastronomiche. Con i prodotti locali pi\u00f9 freschi, dai frutti di mare al gelato, dalla mozzarella di bufala alla pizza, la Campania \u00e8 famosa per aver introdotto nuove ricette in tutto il mondo. \u00c8 anche all&#039;origine della famosa Dieta Mediterranea, composta da frutta e verdura fresca, pesce e olio d&#039;oliva. Per questo motivo siamo uno dei Paesi con la pi\u00f9 lunga aspettativa di vita al mondo, con oltre 16.000 residenti che hanno superato i 100 anni. Questo tour da Salerno \u00e8 particolarmente adatto a chi ama e apprezza la buona cucina!<\/p>\n            <\/div>\n<\/div>[vc_empty_space height=&#8221;20px&#8221;]\t\t<\/div>\n\t<\/div>\n<\/div><div class=\"edgtf-eh-item  edgtf-vertical-alignment-top  \"  data-item-class=\"edgtf-eh-custom-5114\" data-1367-1600=\"0 0 0 43px\" data-1025-1366=\"0 0 0 43px\" data-769-1024=\"0 120px 0 0\" data-681-768=\"0 50px 0 0\" data-680=\"0 0 0 0\">\n\t<div class=\"edgtf-eh-item-inner\">\n\t\t<div class=\"edgtf-eh-item-content edgtf-eh-custom-5114\" style=\"padding: 0 0 0 43px\">\n\t\t\t<div class=\"edgtf-image-with-text-holder    edgtf-image-behavior-custom-link\">\n    <div class=\"edgtf-iwt-image\">\n                                    <img loading=\"lazy\" decoding=\"async\" src=\"https:\/\/chauffeurpositano.com\/wp-content\/uploads\/2019\/06\/icon-panorama-112x56.png\" alt=\"\" width=\"112\" height=\"56\" \/>                                <\/a>\n            <\/div>\n    <div class=\"edgtf-iwt-text-holder\">\n                    <h4 class=\"edgtf-iwt-title\" style=\"margin-top: 17px\">Viste panoramiche<\/h4>\n        \t\t            <p class=\"edgtf-iwt-text\" style=\"margin-top: 16px\">Durante questo tour, il nostro autista far\u00e0 delle soste lungo il percorso, permettendovi di scattare delle foto memorabili alle spettacolari viste della Penisola Sorrentina, dalla cima di alcune delle colline di Sorrento! Potrete anche ammirare, dalla terraferma, l&#039;Isola di Capri assieme ai Faraglioni, creando uno sfondo perfetto per un selfie da inviare ad amici e parenti che sicuramente li lascer\u00e0 invidiosi!<\/p>\n            <\/div>\n<\/div>[vc_empty_space height=&#8221;63px&#8221;]\t\t<\/div>\n\t<\/div>\n<\/div><\/div>[\/vc_column][\/vc_row][vc_row content_placement=&#8221;middle&#8221; row_content_width=&#8221;grid&#8221; disable_background_image=&#8221;&#8221; content_text_aligment=&#8221;center&#8221; css=&#8221;.vc_custom_1657892757301{padding-top: 85px !important;padding-bottom: 100px !important;}&#8221; simple_background_image=&#8221;6398&#8243; background_image_position=&#8221;center center&#8221;][vc_column]<div class=\"edgtf-elements-holder   edgtf-one-column  edgtf-responsive-mode-768 \" ><div class=\"edgtf-eh-item    \"  data-item-class=\"edgtf-eh-custom-9353\">\n\t<div class=\"edgtf-eh-item-inner\">\n\t\t<div class=\"edgtf-eh-item-content edgtf-eh-custom-9353\" >\n\t\t\t[vc_row_inner][vc_column_inner]<div class=\"edgtf-section-title-holder   edgtf-st-position-center\" >\n\t<div class=\"edgtf-st-inner\">\n\t\t\t\t\t<span class=\"edgtf-st-subtitle\" style=\"color: #ffffff\">\n\t\t\t\tcontattaci oggi\t\t\t<\/span>\n\t\t\t\t\t\t\t<h2 class=\"edgtf-st-title\" style=\"color: #ffffff\">\n\t\t\t\tper prenotare il tuo tour gastronomico in Penisola Sorrentina\t\t\t<\/h2>\n\t\t\t\t\t<\/div>\n<\/div>[\/vc_column_inner][\/vc_row_inner][vc_empty_space height=&#8221;45&#8243;]<a itemprop=\"url\" href=\"https:\/\/chauffeurpositano.com\/it\/richiesta-di-preventivo\/\" target=\"_blank\" style=\"background-color: #0095da;border-color: #0095da\" class=\"edgtf-btn edgtf-btn-medium edgtf-btn-solid edgtf-btn-custom-hover-bg edgtf-btn-custom-border-hover\" data-hover-bg-color=\"#fb586d\" data-hover-border-color=\"#fb586d\" >\n\t\t<span class=\"edgtf-btn-text\">RICHIEDI PREVENTIVO<\/span>\n<\/a>\t\t<\/div>\n\t<\/div>\n<\/div><\/div>[\/vc_column][\/vc_row]<\/p>\n<\/div>","protected":false},"excerpt":{"rendered":"<p>[vc_row row_content_width=&#8221;grid&#8221; content_text_aligment=&#8221;left&#8221; css=&#8221;.vc_custom_1657892518785{padding-top: 100px !important;padding-bottom: 85px !important;}&#8221;][vc_column][\/vc_column][\/vc_row][vc_row row_content_width=&#8221;grid&#8221; content_text_aligment=&#8221;left&#8221; css=&#8221;.vc_custom_1566207365379{padding-top: 15px !important;padding-bottom: 100px !important;}&#8221;][vc_column][\/vc_column][\/vc_row][vc_row css=&#8221;.vc_custom_1561544543604{padding-top: 50px !important;background-color: #fafafa !important;}&#8221;][vc_column][\/vc_column][\/vc_row][vc_row content_placement=&#8221;middle&#8221; row_content_width=&#8221;grid&#8221; content_text_aligment=&#8221;left&#8221; css=&#8221;.vc_custom_1534240573757{padding-top: 100px !important;padding-bottom: 31px !important;}&#8221; simple_background_color=&#8221;#fafafa&#8221;][vc_column][\/vc_column][\/vc_row][vc_row content_placement=&#8221;middle&#8221; row_content_width=&#8221;grid&#8221; disable_background_image=&#8221;&#8221; content_text_aligment=&#8221;center&#8221; css=&#8221;.vc_custom_1657892757301{padding-top: 85px !important;padding-bottom: 100px !important;}&#8221; simple_background_image=&#8221;6398&#8243; background_image_position=&#8221;center center&#8221;][vc_column][\/vc_column][\/vc_row]<\/p>\n","protected":false},"author":5,"featured_media":0,"parent":0,"menu_order":0,"comment_status":"closed","ping_status":"closed","template":"full-width.php","meta":{"footnotes":""},"class_list":["post-6687","page","type-page","status-publish","hentry"],"_links":{"self":[{"href":"https:\/\/chauffeurpositano.com\/it\/wp-json\/wp\/v2\/pages\/6687","targetHints":{"allow":["GET"]}}],"collection":[{"href":"https:\/\/chauffeurpositano.com\/it\/wp-json\/wp\/v2\/pages"}],"about":[{"href":"https:\/\/chauffeurpositano.com\/it\/wp-json\/wp\/v2\/types\/page"}],"author":[{"embeddable":true,"href":"https:\/\/chauffeurpositano.com\/it\/wp-json\/wp\/v2\/users\/5"}],"replies":[{"embeddable":true,"href":"https:\/\/chauffeurpositano.com\/it\/wp-json\/wp\/v2\/comments?post=6687"}],"version-history":[{"count":0,"href":"https:\/\/chauffeurpositano.com\/it\/wp-json\/wp\/v2\/pages\/6687\/revisions"}],"wp:attachment":[{"href":"https:\/\/chauffeurpositano.com\/it\/wp-json\/wp\/v2\/media?parent=6687"}],"curies":[{"name":"wp","href":"https:\/\/api.w.org\/{rel}","templated":true}]}}