{"id":6684,"date":"2019-07-24T15:36:48","date_gmt":"2019-07-24T13:36:48","guid":{"rendered":"https:\/\/www.chauffeurpositano.com\/incontra-il-nostro-fondatore\/"},"modified":"2022-08-02T09:39:39","modified_gmt":"2022-08-02T07:39:39","slug":"incontra-il-nostro-fondatore","status":"publish","type":"page","link":"https:\/\/chauffeurpositano.com\/it\/incontra-il-nostro-fondatore\/","title":{"rendered":"Incontra il nostro fondatore"},"content":{"rendered":"<div class=\"wpb-content-wrapper\"><p>[vc_row row_content_width=&#8221;grid&#8221; content_text_aligment=&#8221;left&#8221; css=&#8221;.vc_custom_1652716487803{padding-top: 50px !important;padding-bottom: 45px !important;}&#8221;][vc_column]<div class=\"edgtf-elements-holder   edgtf-two-columns  edgtf-responsive-mode-1024 edgtf-one-column-alignment-left\" ><div class=\"edgtf-eh-item  edgtf-vertical-alignment-top  \"  data-item-class=\"edgtf-eh-custom-9448\" data-1367-1600=\"0 0 35px 50px\" data-1025-1366=\"0 0 36px 50px\" data-769-1024=\"0 130px 0 0\" data-681-768=\"0 60px 0 0\" data-680=\"0 0 0 0\">\n\t<div class=\"edgtf-eh-item-inner\">\n\t\t<div class=\"edgtf-eh-item-content edgtf-eh-custom-9448\" style=\"padding: 0 0 35px 50px\">\n\t\t\t[vc_column_text]<\/p>\n<h3>PASSATO, PRESENTE e FUTURO: sono queste le colonne portanti su cui investo il mio tempo e le mie energie.<\/h3>\n<p>[\/vc_column_text][vc_column_text]<\/p>\n<h4>Dal PASSATO ho imparato, ma non mi faccio ostacolare da esso.<\/h4>\n<p>[\/vc_column_text][vc_empty_space height=&#8221;10px&#8221;][vc_column_text]Mi chiamo Giuseppe e, nel 1977, all&#8217;et\u00e0 di 13 anni, mio padre mi ha insegnato a guidare con l&#8217;auto di famiglia, una Fiat 1100 del 1958. 5 anni dopo, ho ottenuto la mia prima patente di guida ufficiale in Italia.<br \/>\nNel 1984 ho ottenuto la mia seconda patente di guida, questa volta a Londra, attraverso il Dipartimento dei Trasporti del Regno Unito. Il test \u00e8 stato effettuato su un autobus Routemaster a due piani del 1957 con cambio manuale.<br \/>\nDa quel giorno in poi, ho sempre lavorato direttamente o indirettamente nel settore dei trasporti e del turismo. Guidare autobus in tutta Europa, gestire un&#8217;agenzia di viaggi, amministratore delegato di un&#8217;azienda che forniva servizi per le compagnie aeree, proprietario\/operatore di un hotel ristorante e, infine, come responsabile della logistica in un&#8217;azienda che lavorava a stretto contatto con UPS, TNT, FedEx.<br \/>\nDa quando mi sono trasferito a Sorrento nel 2010, lavoro nel settore del &#8220;Private Luxury Chauffeuring&#8221; utilizzando tutte le mie conoscenze ed esperienze passate.[\/vc_column_text]\t\t<\/div>\n\t<\/div>\n<\/div><\/div>[\/vc_column][\/vc_row][vc_row][vc_column][vc_single_image image=&#8221;6473&#8243; img_size=&#8221;1300&#215;510&#8243; alignment=&#8221;center&#8221;][\/vc_column][\/vc_row][vc_row row_content_width=&#8221;grid&#8221; content_text_aligment=&#8221;left&#8221; css=&#8221;.vc_custom_1563977441683{padding-top: 20px !important;padding-bottom: 20px !important;}&#8221;][vc_column]<div class=\"edgtf-elements-holder   edgtf-two-columns  edgtf-responsive-mode-1024 edgtf-one-column-alignment-left\" ><div class=\"edgtf-eh-item  edgtf-vertical-alignment-top  \"  data-item-class=\"edgtf-eh-custom-2212\" data-1367-1600=\"0 0 35px 50px\" data-1025-1366=\"0 0 36px 50px\" data-769-1024=\"0 130px 0 0\" data-681-768=\"0 60px 0 0\" data-680=\"0 0 0 0\">\n\t<div class=\"edgtf-eh-item-inner\">\n\t\t<div class=\"edgtf-eh-item-content edgtf-eh-custom-2212\" style=\"padding: 0 0 35px 50px\">\n\t\t\t[vc_column_text]<\/p>\n<h3>Usare il PASSATO ma vivere il PRESENTE.<\/h3>\n<p>[\/vc_column_text][vc_column_text]Non credo in una &#8220;one-man band&#8221; o in una persona che cerca di fare tutto, ma piuttosto in un individuo altamente qualificato e specializzato in un singolo aspetto. Se si riesce a riunire queste persone in un team, si possono ottenere grandi risultati&#8230; e io sono riuscito a farlo.<br \/>\nAttualmente, ho utilizzato le mie esperienze passate e le mie relazioni per riunire persone altamente qualificate e specializzate. Inoltre, ho costruito un rapporto stretto con alcune delle migliori aziende di trasporto e turismo che oggi vengono offerte qui in Italia. Costruendo questo stretto rapporto, si \u00e8 sviluppata una partnership di aziende che, grazie all&#8217;esperienza, alle conoscenze e alle competenze uniche di ciascuno di noi, ha dato vita a questa organizzazione speciale e unica. L&#8217;obiettivo primario di questa partnership distintiva \u00e8 quello di offrire un servizio di trasporto di lusso via mare, strada o aria, mantenendo i pi\u00f9 alti livelli di sicurezza, comfort, conoscenza e qualit\u00e0 del servizio.<br \/>\n&#8220;Mi pongo aspettative realistiche e poi mi aspetto non solo di soddisfarle, ma di superarle&#8221;.[\/vc_column_text][vc_empty_space height=&#8221;10px&#8221;][vc_column_text]<\/p>\n<h3>Vivere il presente con uno sguardo al futuro.<\/h3>\n<p>[\/vc_column_text][vc_column_text]Le persone che ho scelto come partner sono individui dalla mentalit\u00e0 aperta e che condividono tutti le stesse visioni, idee e obiettivi per il futuro. Ci impegniamo al massimo per essere al passo con i progressi tecnologici in materia di comfort e sicurezza. Abbiamo un team dedicato alla costante ricerca di nuove e diverse tecnologie da adottare. Gli skipper, gli autisti e i piloti investono tempo per riferire su tutti gli aspetti che possono essere migliorati dal punto di vista pratico. Infine, cosa altrettanto importante, tutti investono finanziariamente per mantenere la nostra flotta moderna e rinnovata.<\/p>\n<p>Tutto lo staff di <strong>The Chauffeur of Positano<\/strong>, i nostri partner e io, speriamo di vedervi presto e di avere l&#8217;opportunit\u00e0 di servirvi.<\/p>\n<p style=\"text-align: right;\"><em>&#8220;Guidare <strong>i propri<\/strong> sogni&#8221;<\/em><\/p>\n<p style=\"text-align: right;\">Giuseppe Capitanio<\/p>\n<p>[\/vc_column_text]\t\t<\/div>\n\t<\/div>\n<\/div><\/div>[\/vc_column][\/vc_row]<\/p>\n<\/div>","protected":false},"excerpt":{"rendered":"<p>[vc_row row_content_width=&#8221;grid&#8221; content_text_aligment=&#8221;left&#8221; css=&#8221;.vc_custom_1652716487803{padding-top: 50px !important;padding-bottom: 45px !important;}&#8221;][vc_column][\/vc_column][\/vc_row][vc_row][vc_column][vc_single_image image=&#8221;6473&#8243; img_size=&#8221;1300&#215;510&#8243; alignment=&#8221;center&#8221;][\/vc_column][\/vc_row][vc_row row_content_width=&#8221;grid&#8221; content_text_aligment=&#8221;left&#8221; css=&#8221;.vc_custom_1563977441683{padding-top: 20px !important;padding-bottom: 20px !important;}&#8221;][vc_column][\/vc_column][\/vc_row]<\/p>\n","protected":false},"author":5,"featured_media":0,"parent":0,"menu_order":0,"comment_status":"closed","ping_status":"closed","template":"full-width.php","meta":{"footnotes":""},"class_list":["post-6684","page","type-page","status-publish","hentry"],"_links":{"self":[{"href":"https:\/\/chauffeurpositano.com\/it\/wp-json\/wp\/v2\/pages\/6684","targetHints":{"allow":["GET"]}}],"collection":[{"href":"https:\/\/chauffeurpositano.com\/it\/wp-json\/wp\/v2\/pages"}],"about":[{"href":"https:\/\/chauffeurpositano.com\/it\/wp-json\/wp\/v2\/types\/page"}],"author":[{"embeddable":true,"href":"https:\/\/chauffeurpositano.com\/it\/wp-json\/wp\/v2\/users\/5"}],"replies":[{"embeddable":true,"href":"https:\/\/chauffeurpositano.com\/it\/wp-json\/wp\/v2\/comments?post=6684"}],"version-history":[{"count":0,"href":"https:\/\/chauffeurpositano.com\/it\/wp-json\/wp\/v2\/pages\/6684\/revisions"}],"wp:attachment":[{"href":"https:\/\/chauffeurpositano.com\/it\/wp-json\/wp\/v2\/media?parent=6684"}],"curies":[{"name":"wp","href":"https:\/\/api.w.org\/{rel}","templated":true}]}}