{"id":6680,"date":"2019-06-27T09:32:45","date_gmt":"2019-06-27T07:32:45","guid":{"rendered":"https:\/\/www.chauffeurpositano.com\/napoli\/"},"modified":"2022-08-02T10:05:51","modified_gmt":"2022-08-02T08:05:51","slug":"napoli-tour-di-un-intera-giornata","status":"publish","type":"page","link":"https:\/\/chauffeurpositano.com\/it\/napoli-tour-di-un-intera-giornata\/","title":{"rendered":"Napoli"},"content":{"rendered":"<div class=\"wpb-content-wrapper\"><p>[vc_row row_content_width=&#8221;grid&#8221; content_text_aligment=&#8221;left&#8221; css=&#8221;.vc_custom_1534237525548{padding-top: 100px !important;padding-bottom: 85px !important;}&#8221;][vc_column]<div class=\"edgtf-elements-holder   edgtf-two-columns  edgtf-responsive-mode-1024 edgtf-one-column-alignment-left\" ><div class=\"edgtf-eh-item  edgtf-vertical-alignment-top edgtf-horizontal-alignment-center \"  data-item-class=\"edgtf-eh-custom-9218\">\n\t<div class=\"edgtf-eh-item-inner\">\n\t\t<div class=\"edgtf-eh-item-content edgtf-eh-custom-9218\" style=\"padding: 0 0 0 0\">\n\t\t\t[vc_single_image image=&#8221;6509&#8243; img_size=&#8221;large&#8221; css=&#8221;.vc_custom_1659427526764{padding-top: 20px !important;}&#8221;][vc_empty_space height=&#8221;10px&#8221;]\t\t<\/div>\n\t<\/div>\n<\/div><div class=\"edgtf-eh-item  edgtf-vertical-alignment-top  \"  data-item-class=\"edgtf-eh-custom-1538\" data-1367-1600=\"0 0 35px 50px\" data-1025-1366=\"0 0 36px 50px\" data-769-1024=\"0 130px 0 0\" data-681-768=\"0 60px 0 0\" data-680=\"0 0 0 0\">\n\t<div class=\"edgtf-eh-item-inner\">\n\t\t<div class=\"edgtf-eh-item-content edgtf-eh-custom-1538\" style=\"padding: 0 0 35px 50px\">\n\t\t\t[vc_column_text]<\/p>\n<h3>Tour a Napoli di un&#8217;intera giornata, godetevi un tour di un giorno a Napoli<\/h3>\n<p>[\/vc_column_text][vc_empty_space height=&#8221;10px&#8221;][vc_column_text]Napoli \u00e8 una citt\u00e0 bellissima che tutti devono visitare almeno una volta! \u00c8 ricca di musei storici, chiese e molto altro. Chiunque sia interessato a conoscere un po&#8217; di storia importante e voglia entrare in alcune delle chiese pi\u00f9 suggestive, apprezzer\u00e0 questo tour di un&#8217;intera giornata a Napoli. Dopo aver saziato la mente con le nuove conoscenze e lo stupore per tutte le meraviglie che avrete visto, potete deliziare le vostre papille gustative con una deliziosa, fresca e tradizionale pizza napoletana.<\/p>\n<p>Questo emozionante tour di un giorno inizier\u00e0 con uno dei nostri autisti locali che vi condurr\u00e0 nella storica citt\u00e0 italiana di Napoli. Napoli \u00e8 una delle citt\u00e0 pi\u00f9 antiche dell&#8217;emisfero occidentale. A causa della sua et\u00e0, sappiamo molto poco degli eventi storici che hanno caratterizzato la sua origine.[\/vc_column_text]\t\t<\/div>\n\t<\/div>\n<\/div><\/div>[\/vc_column][\/vc_row][vc_row content_placement=&#8221;middle&#8221; css=&#8221;.vc_custom_1561714985308{padding-top: 55px !important;padding-bottom: 100px !important;background-color: #fafafa !important;}&#8221;][vc_column offset=&#8221;vc_col-lg-offset-1 vc_col-lg-10 vc_col-md-12&#8243;]<div class=\"edgtf-section-title-holder   edgtf-st-position-center\" >\n\t<div class=\"edgtf-st-inner\">\n\t\t\t\t\t<span class=\"edgtf-st-subtitle\" >\n\t\t\t\tAttivita' che potrebbero piacervi\t\t\t<\/span>\n\t\t\t\t\t\t\t<h2 class=\"edgtf-st-title\" >\n\t\t\t\tdurante il vostro tour di Napoli\t\t\t<\/h2>\n\t\t\t\t\t<\/div>\n<\/div>[\/vc_column][\/vc_row][vc_row content_placement=&#8221;middle&#8221; row_content_width=&#8221;grid&#8221; content_text_aligment=&#8221;left&#8221; css=&#8221;.vc_custom_1561715006245{padding-top: 10px !important;padding-bottom: 31px !important;}&#8221; simple_background_color=&#8221;#fafafa&#8221;][vc_column]<div class=\"edgtf-elements-holder   edgtf-three-columns  edgtf-responsive-mode-1024 \" ><div class=\"edgtf-eh-item  edgtf-vertical-alignment-top  \"  data-item-class=\"edgtf-eh-custom-3724\" data-1367-1600=\"0 43px 0 0\" data-1025-1366=\"0 43px 0 0\" data-769-1024=\"0 120px 0 0\" data-681-768=\"0 50px 0 0\" data-680=\"0 0 0 0\">\n\t<div class=\"edgtf-eh-item-inner\">\n\t\t<div class=\"edgtf-eh-item-content edgtf-eh-custom-3724\" style=\"padding: 0 43px 0 0\">\n\t\t\t<div class=\"edgtf-image-with-text-holder    edgtf-image-behavior-custom-link\">\n    <div class=\"edgtf-iwt-image\">\n                                    <img loading=\"lazy\" decoding=\"async\" src=\"https:\/\/chauffeurpositano.com\/wp-content\/uploads\/2019\/06\/storia-106x56.png\" alt=\"\" width=\"106\" height=\"56\" \/>                                <\/a>\n            <\/div>\n    <div class=\"edgtf-iwt-text-holder\">\n                    <h4 class=\"edgtf-iwt-title\" style=\"margin-top: 17px\">La storia<\/h4>\n        \t\t            <p class=\"edgtf-iwt-text\" style=\"margin-top: 16px\">Ecco alcuni fatti storici che potreste voler conoscere prima di fare un viaggio a Napoli: la prima colonizzazione del Golfo di Napoli risale a circa 3000 anni fa. Viaggiatori e mercanti provenienti dalla Grecia e dall&#039;Anatolia (attratti dalla ricchezza mineraria del Tirreno), fondarono la prima colonia a Pithecusa. Attualmente questa \u00e8 l&#039;isola di Ischia. Questa colonia si spost\u00f2 poi sul litorale flegreo, proprio di fronte alla costa di Ischia, dove sorse Cuma. Nel V secolo a.C., un gruppo di coloni provenienti da Cuma si stabil\u00ec nell&#039;area compresa tra l&#039;isolotto di Megaride (oggi Castel dell&#039;Ovo) e il Monte Echia (l&#039;attuale collina di Pizzofalcone). Fondarono la citt\u00e0 di Partenope. Cos\u00ec ebbe inizio la storia di Napoli.<\/p>\n            <\/div>\n<\/div>[vc_empty_space height=&#8221;20px&#8221;]\t\t<\/div>\n\t<\/div>\n<\/div><div class=\"edgtf-eh-item  edgtf-vertical-alignment-top  \"  data-item-class=\"edgtf-eh-custom-3704\" data-1367-1600=\"0 0 0 43px\" data-1025-1366=\"0 0 0 43px\" data-769-1024=\"0 120px 0 0\" data-681-768=\"0 50px 0 0\" data-680=\"0 0 0 0\">\n\t<div class=\"edgtf-eh-item-inner\">\n\t\t<div class=\"edgtf-eh-item-content edgtf-eh-custom-3704\" style=\"padding: 0 0 0 43px\">\n\t\t\t<div class=\"edgtf-image-with-text-holder    edgtf-image-behavior-custom-link\">\n    <div class=\"edgtf-iwt-image\">\n                                    <img loading=\"lazy\" decoding=\"async\" src=\"https:\/\/chauffeurpositano.com\/wp-content\/uploads\/2022\/08\/archeologia-106x56.png\" alt=\"The Chauffeur of Positano: archeologia\" width=\"106\" height=\"56\" \/>                                <\/a>\n            <\/div>\n    <div class=\"edgtf-iwt-text-holder\">\n                    <h4 class=\"edgtf-iwt-title\" style=\"margin-top: 17px\">Archeologico<\/h4>\n        \t\t            <p class=\"edgtf-iwt-text\" >La nostra prima tappa di questo tour di un giorno a Napoli sar\u00e0 al Museo Archeologico Nazionale di Napoli (MANN), uno dei primi musei fondato in Europa nel 1800. Contiene la pi\u00f9 ricca e preziosa collezione di arte e reperti di interesse archeologico in Italia. All&#039;interno del museo troverete oltre 3000 esemplari di valore suddivisi in diverse sezioni tematiche. Gli oggetti d&#039;antiquariato sono ordinati per rilevanza, a cominciare dalla Collezione Farnese appartenente alla dinastia reale dei Borboni, che sono i fondatori del museo. Dopo circa due ore nel museo, il vostro The Chauffeur of Positano vi mostrer\u00e0 poi la ``Piazza del Municipio`` che ospita molti edifici importanti, tra cui il municipio della citt\u00e0, i tribunali amministrativi, la ``Galleria Umberto``, ``Piazza del Plebiscito`` e la famosa , \u201cCastel Nuovo\u201d del XIII secolo. Percorrendo il centro storico, verrete indirizzati verso il Museo Cappella Sansevero, nel cuore storico di Napoli. Questo museo \u00e8 un vero gioiello del patrimonio artistico mondiale. \u00c8 qui che creativit\u00e0 barocca, orgoglio dinastico, bellezza e mistero si fondono per creare un&#039;atmosfera unica e apparentemente senza tempo.<\/p>\n            <\/div>\n<\/div>[vc_empty_space height=&#8221;20px&#8221;]\t\t<\/div>\n\t<\/div>\n<\/div><div class=\"edgtf-eh-item  edgtf-vertical-alignment-top  \"  data-item-class=\"edgtf-eh-custom-2253\" data-1367-1600=\"0 0 0 43px\" data-1025-1366=\"0 0 0 43px\" data-769-1024=\"0 120px 0 0\" data-681-768=\"0 50px 0 0\" data-680=\"0 0 0 0\">\n\t<div class=\"edgtf-eh-item-inner\">\n\t\t<div class=\"edgtf-eh-item-content edgtf-eh-custom-2253\" style=\"padding: 0 0 0 43px\">\n\t\t\t<div class=\"edgtf-image-with-text-holder    edgtf-image-behavior-custom-link\">\n    <div class=\"edgtf-iwt-image\">\n                                    <img loading=\"lazy\" decoding=\"async\" src=\"https:\/\/chauffeurpositano.com\/wp-content\/uploads\/2019\/06\/food-112x56.png\" alt=\"\" width=\"112\" height=\"56\" \/>                                <\/a>\n            <\/div>\n    <div class=\"edgtf-iwt-text-holder\">\n                    <h4 class=\"edgtf-iwt-title\" style=\"margin-top: 17px\">Cibo<\/h4>\n        \t\t            <p class=\"edgtf-iwt-text\" style=\"margin-top: 16px\">Il nostro tour di un giorno a Napoli, per\u00f2, non \u00e8 ancora finito! Il nostro autista vi suggerir\u00e0 presto un luogo dove potrete assaporare il gusto autentico di una vera pizza napoletana. La nostra pizza ha origini lontane, che risalgono addirittura al 1500. Nell&#039;antica periferia di Napoli, la focaccia si chiamava infatti pizza. Per renderla pi\u00f9 appetitosa, i cuochi napoletani iniziarono a spalmarla con un composto di strutto, aggiungendo anche sale, aglio o formaggio e basilico per creare una versione pi\u00f9 ricca. Nel 1889 ci fu un coronamento storico. Si verific\u00f2 durante la visita del re Umberto I e di sua moglie, la regina Margherita. Un uomo di nome Raffaele Esposito, che all&#039;epoca era considerato il miglior pizzaiolo di Napoli, serv\u00ec la pizza ai sovrani in visita. La regina Margherita apprezz\u00f2 talmente tanto il sapore del suo piatto che ringrazi\u00f2 Esposito per iscritto. Per ricambiare la gratitudine della regina, Esposito diede il suo nome alla pizza con pomodoro e mozzarella. Fu cos\u00ec che nacque la deliziosa Pizza Margherita! Dopo pranzo sarete accompagnati a visitare la citt\u00e0 di Napoli in auto. Il vostro autista vi racconter\u00e0 molte informazioni e storie su questa famosa citt\u00e0 durante il giro. Dopo il tour, il nostro autista vi riporter\u00e0 al vostro alloggio. Durante il rilassante viaggio di ritorno, in auto, potrete assimilare tutte le informazioni appena apprese sulla citt\u00e0 di Napoli e iniziare a sognare di tornarci ancora!<\/p>\n            <\/div>\n<\/div>[vc_empty_space height=&#8221;63px&#8221;]\t\t<\/div>\n\t<\/div>\n<\/div><\/div>[\/vc_column][\/vc_row][vc_row content_placement=&#8221;middle&#8221; row_content_width=&#8221;grid&#8221; disable_background_image=&#8221;&#8221; content_text_aligment=&#8221;center&#8221; css=&#8221;.vc_custom_1659426185824{padding-top: 85px !important;padding-bottom: 100px !important;}&#8221; simple_background_image=&#8221;6401&#8243; background_image_position=&#8221;center center&#8221;][vc_column]<div class=\"edgtf-elements-holder   edgtf-one-column  edgtf-responsive-mode-768 edgtf-one-column-alignment-left\" ><div class=\"edgtf-eh-item    \"  data-item-class=\"edgtf-eh-custom-3181\">\n\t<div class=\"edgtf-eh-item-inner\">\n\t\t<div class=\"edgtf-eh-item-content edgtf-eh-custom-3181\" >\n\t\t\t[vc_row_inner][vc_column_inner]<div class=\"edgtf-section-title-holder   edgtf-st-position-center\" >\n\t<div class=\"edgtf-st-inner\">\n\t\t\t\t\t<span class=\"edgtf-st-subtitle\" style=\"color: #ffffff\">\n\t\t\t\tContattaci\t\t\t<\/span>\n\t\t\t\t\t\t\t<h2 class=\"edgtf-st-title\" style=\"color: #ffffff\">\n\t\t\t\toggi stesso per prenotare il vostro tour di Napoli\t\t\t<\/h2>\n\t\t\t\t\t<\/div>\n<\/div>[\/vc_column_inner][\/vc_row_inner][vc_empty_space height=&#8221;45&#8243;]<a itemprop=\"url\" href=\"https:\/\/chauffeurpositano.com\/it\/richiesta-di-preventivo\/\" target=\"_blank\" style=\"background-color: #0095da;border-color: #0095da\" class=\"edgtf-btn edgtf-btn-medium edgtf-btn-solid edgtf-btn-custom-hover-bg edgtf-btn-custom-border-hover\" data-hover-bg-color=\"#fb586d\" data-hover-border-color=\"#fb586d\" >\n\t\t<span class=\"edgtf-btn-text\">RICHIEDI PREVENTIVO<\/span>\n<\/a>\t\t<\/div>\n\t<\/div>\n<\/div><\/div>[\/vc_column][\/vc_row]<\/p>\n<\/div>","protected":false},"excerpt":{"rendered":"<p>[vc_row row_content_width=&#8221;grid&#8221; content_text_aligment=&#8221;left&#8221; css=&#8221;.vc_custom_1534237525548{padding-top: 100px !important;padding-bottom: 85px !important;}&#8221;][vc_column][\/vc_column][\/vc_row][vc_row content_placement=&#8221;middle&#8221; css=&#8221;.vc_custom_1561714985308{padding-top: 55px !important;padding-bottom: 100px !important;background-color: #fafafa !important;}&#8221;][vc_column offset=&#8221;vc_col-lg-offset-1 vc_col-lg-10 vc_col-md-12&#8243;][\/vc_column][\/vc_row][vc_row content_placement=&#8221;middle&#8221; row_content_width=&#8221;grid&#8221; content_text_aligment=&#8221;left&#8221; css=&#8221;.vc_custom_1561715006245{padding-top: 10px !important;padding-bottom: 31px !important;}&#8221; simple_background_color=&#8221;#fafafa&#8221;][vc_column][\/vc_column][\/vc_row][vc_row content_placement=&#8221;middle&#8221; row_content_width=&#8221;grid&#8221; disable_background_image=&#8221;&#8221; content_text_aligment=&#8221;center&#8221; css=&#8221;.vc_custom_1659426185824{padding-top: 85px !important;padding-bottom: 100px !important;}&#8221; simple_background_image=&#8221;6401&#8243; background_image_position=&#8221;center center&#8221;][vc_column][\/vc_column][\/vc_row]<\/p>\n","protected":false},"author":5,"featured_media":0,"parent":0,"menu_order":0,"comment_status":"closed","ping_status":"closed","template":"full-width.php","meta":{"footnotes":""},"class_list":["post-6680","page","type-page","status-publish","hentry"],"_links":{"self":[{"href":"https:\/\/chauffeurpositano.com\/it\/wp-json\/wp\/v2\/pages\/6680","targetHints":{"allow":["GET"]}}],"collection":[{"href":"https:\/\/chauffeurpositano.com\/it\/wp-json\/wp\/v2\/pages"}],"about":[{"href":"https:\/\/chauffeurpositano.com\/it\/wp-json\/wp\/v2\/types\/page"}],"author":[{"embeddable":true,"href":"https:\/\/chauffeurpositano.com\/it\/wp-json\/wp\/v2\/users\/5"}],"replies":[{"embeddable":true,"href":"https:\/\/chauffeurpositano.com\/it\/wp-json\/wp\/v2\/comments?post=6680"}],"version-history":[{"count":0,"href":"https:\/\/chauffeurpositano.com\/it\/wp-json\/wp\/v2\/pages\/6680\/revisions"}],"wp:attachment":[{"href":"https:\/\/chauffeurpositano.com\/it\/wp-json\/wp\/v2\/media?parent=6680"}],"curies":[{"name":"wp","href":"https:\/\/api.w.org\/{rel}","templated":true}]}}