{"id":6671,"date":"2019-07-24T17:30:09","date_gmt":"2019-07-24T15:30:09","guid":{"rendered":"https:\/\/www.chauffeurpositano.com\/lazienda\/"},"modified":"2025-06-12T18:17:29","modified_gmt":"2025-06-12T16:17:29","slug":"azienda","status":"publish","type":"page","link":"https:\/\/chauffeurpositano.com\/it\/azienda\/","title":{"rendered":"L&#8217;azienda"},"content":{"rendered":"<div class=\"wpb-content-wrapper\"><p>[vc_row css=&#8221;.vc_custom_1657790156589{padding-top: 50px !important;padding-bottom: 10px !important;}&#8221;][vc_column]<div class=\"edgtf-section-title-holder   edgtf-st-position-center\" >\n\t<div class=\"edgtf-st-inner\">\n\t\t\t\t\t\t\t<h2 class=\"edgtf-st-title\" >\n\t\t\t\tL'evoluzione di The Chauffeur of Positano\t\t\t<\/h2>\n\t\t\t\t\t<\/div>\n<\/div>[\/vc_column][\/vc_row][vc_row row_content_width=&#8221;grid&#8221; content_text_aligment=&#8221;left&#8221; css=&#8221;.vc_custom_1563966190743{padding-top: 70px !important;padding-bottom: 45px !important;}&#8221;][vc_column]<div class=\"edgtf-elements-holder   edgtf-two-columns  edgtf-responsive-mode-1024 edgtf-one-column-alignment-left\" ><div class=\"edgtf-eh-item  edgtf-vertical-alignment-top  \"  data-item-class=\"edgtf-eh-custom-7584\">\n\t<div class=\"edgtf-eh-item-inner\">\n\t\t<div class=\"edgtf-eh-item-content edgtf-eh-custom-7584\" style=\"padding: 0 0 0 0\">\n\t\t\t<div class=\"edgtf-single-image-holder   \">\n    <div class=\"edgtf-si-inner\" >\n                                    <img loading=\"lazy\" decoding=\"async\" width=\"800\" height=\"300\" src=\"https:\/\/chauffeurpositano.com\/wp-content\/uploads\/2022\/08\/logo-2009.jpg\" class=\"attachment-full size-full\" alt=\"The Chauffeur of Positano logo 2009\" srcset=\"https:\/\/chauffeurpositano.com\/wp-content\/uploads\/2022\/08\/logo-2009.jpg 800w, https:\/\/chauffeurpositano.com\/wp-content\/uploads\/2022\/08\/logo-2009-300x113.jpg 300w, https:\/\/chauffeurpositano.com\/wp-content\/uploads\/2022\/08\/logo-2009-768x288.jpg 768w\" sizes=\"auto, (max-width: 800px) 100vw, 800px\" \/>                        <\/div>\n<\/div>[vc_empty_space height=&#8221;15px&#8221;]\t\t<\/div>\n\t<\/div>\n<\/div><div class=\"edgtf-eh-item  edgtf-vertical-alignment-top  \"  data-item-class=\"edgtf-eh-custom-2380\" data-1367-1600=\"0 0 35px 50px\" data-1025-1366=\"0 0 36px 50px\" data-769-1024=\"0 130px 0 0\" data-681-768=\"0 60px 0 0\" data-680=\"0 0 0 0\">\n\t<div class=\"edgtf-eh-item-inner\">\n\t\t<div class=\"edgtf-eh-item-content edgtf-eh-custom-2380\" style=\"padding: 0 0 35px 50px\">\n\t\t\t[vc_column_text]<\/p>\n<h3><strong>2009<\/strong><\/h3>\n<p>[\/vc_column_text][vc_empty_space height=&#8221;30&#8243;][vc_column_text]<\/p>\n<ul>\n<li>L&#8217;azienda <strong>The Chauffeur of Positano<\/strong> \u00e8 stata avviata nel 2009 dal nostro fondatore mentre lavorava ancora come dipendente in una societ\u00e0 di limousine.<\/li>\n<li>Non avendo molti soldi da investire, non poteva realizzare biglietti da visita con i colori rappresentativi de <strong>The Chauffeur of Positano<\/strong>.<\/li>\n<\/ul>\n<p>[\/vc_column_text]\t\t<\/div>\n\t<\/div>\n<\/div><\/div>[\/vc_column][\/vc_row][vc_row][vc_column][vc_separator][\/vc_column][\/vc_row][vc_row row_content_width=&#8221;grid&#8221; content_text_aligment=&#8221;left&#8221; css=&#8221;.vc_custom_1563981448995{padding-top: 30px !important;padding-bottom: 45px !important;}&#8221;][vc_column]<div class=\"edgtf-elements-holder   edgtf-two-columns  edgtf-responsive-mode-1024 edgtf-one-column-alignment-left\" ><div class=\"edgtf-eh-item  edgtf-vertical-alignment-top  \"  data-item-class=\"edgtf-eh-custom-7141\">\n\t<div class=\"edgtf-eh-item-inner\">\n\t\t<div class=\"edgtf-eh-item-content edgtf-eh-custom-7141\" style=\"padding: 0 0 0 0\">\n\t\t\t<div class=\"edgtf-single-image-holder   \">\n    <div class=\"edgtf-si-inner\" >\n                                    <img loading=\"lazy\" decoding=\"async\" width=\"800\" height=\"300\" src=\"https:\/\/chauffeurpositano.com\/wp-content\/uploads\/2022\/08\/logo-2013.jpg\" class=\"attachment-full size-full\" alt=\"The Chauffeur of Positano logo 2013\" srcset=\"https:\/\/chauffeurpositano.com\/wp-content\/uploads\/2022\/08\/logo-2013.jpg 800w, https:\/\/chauffeurpositano.com\/wp-content\/uploads\/2022\/08\/logo-2013-300x113.jpg 300w, https:\/\/chauffeurpositano.com\/wp-content\/uploads\/2022\/08\/logo-2013-768x288.jpg 768w\" sizes=\"auto, (max-width: 800px) 100vw, 800px\" \/>                        <\/div>\n<\/div>[vc_empty_space height=&#8221;15px&#8221;]\t\t<\/div>\n\t<\/div>\n<\/div><div class=\"edgtf-eh-item  edgtf-vertical-alignment-top  \"  data-item-class=\"edgtf-eh-custom-5348\" data-1367-1600=\"0 0 35px 50px\" data-1025-1366=\"0 0 36px 50px\" data-769-1024=\"0 130px 0 0\" data-681-768=\"0 60px 0 0\" data-680=\"0 0 0 0\">\n\t<div class=\"edgtf-eh-item-inner\">\n\t\t<div class=\"edgtf-eh-item-content edgtf-eh-custom-5348\" style=\"padding: 0 0 35px 50px\">\n\t\t\t[vc_column_text]<\/p>\n<h3>2013<\/h3>\n<p>[\/vc_column_text][vc_empty_space height=&#8221;30&#8243;][vc_column_text]<\/p>\n<ul>\n<li>Nel 2013 ha investito nel primo logo aziendale e ha coordinato tutta la cancelleria aziendale.<\/li>\n<li>I tre colori principali di <strong>The Chauffeur of Positano<\/strong> sono: bianco, ciano e magenta.<\/li>\n<li><strong>Bianco<\/strong>: \u00e8 il colore delle pareti che caratterizza le case di Positano. \u00c8 un simbolo di accoglienza, sicurezza e simboleggia la luce del vostro viaggio.<\/li>\n<li><strong>Ciano<\/strong>: una tonalit\u00e0 chiara di blu, che \u00e8 il colore del cielo e del mare di Positano che ogni citt\u00e0 ci invidia. Il blu fa sentire come abbracciati tra il caldo dell&#8217;aria e la freschezza dell&#8217;acqua.<\/li>\n<li><strong>Magenta<\/strong>: rende quella tonalit\u00e0 di rosso della bouganville che solo a Positano cresce cos\u00ec tanto e con colori cos\u00ec intensi. La bouganville rappresenta il nostro benvenuto e l&#8217;amore di tutti noi per voi.<\/li>\n<\/ul>\n<p>[\/vc_column_text]\t\t<\/div>\n\t<\/div>\n<\/div><\/div>[\/vc_column][\/vc_row][vc_row][vc_column][vc_separator][\/vc_column][\/vc_row][vc_row row_content_width=&#8221;grid&#8221; content_text_aligment=&#8221;left&#8221; css=&#8221;.vc_custom_1563981448995{padding-top: 30px !important;padding-bottom: 45px !important;}&#8221;][vc_column]<div class=\"edgtf-elements-holder   edgtf-two-columns  edgtf-responsive-mode-1024 edgtf-one-column-alignment-left\" ><div class=\"edgtf-eh-item  edgtf-vertical-alignment-top  \"  data-item-class=\"edgtf-eh-custom-2511\">\n\t<div class=\"edgtf-eh-item-inner\">\n\t\t<div class=\"edgtf-eh-item-content edgtf-eh-custom-2511\" style=\"padding: 0 0 0 0\">\n\t\t\t<div class=\"edgtf-single-image-holder   \">\n    <div class=\"edgtf-si-inner\" >\n                                    <img loading=\"lazy\" decoding=\"async\" width=\"800\" height=\"300\" src=\"https:\/\/chauffeurpositano.com\/wp-content\/uploads\/2022\/08\/logo-2017.jpg\" class=\"attachment-full size-full\" alt=\"The Chauffeur of Positano logo 2017\" srcset=\"https:\/\/chauffeurpositano.com\/wp-content\/uploads\/2022\/08\/logo-2017.jpg 800w, https:\/\/chauffeurpositano.com\/wp-content\/uploads\/2022\/08\/logo-2017-300x113.jpg 300w, https:\/\/chauffeurpositano.com\/wp-content\/uploads\/2022\/08\/logo-2017-768x288.jpg 768w\" sizes=\"auto, (max-width: 800px) 100vw, 800px\" \/>                        <\/div>\n<\/div>[vc_empty_space height=&#8221;15px&#8221;]\t\t<\/div>\n\t<\/div>\n<\/div><div class=\"edgtf-eh-item  edgtf-vertical-alignment-top  \"  data-item-class=\"edgtf-eh-custom-2251\" data-1367-1600=\"0 0 35px 50px\" data-1025-1366=\"0 0 36px 50px\" data-769-1024=\"0 130px 0 0\" data-681-768=\"0 60px 0 0\" data-680=\"0 0 0 0\">\n\t<div class=\"edgtf-eh-item-inner\">\n\t\t<div class=\"edgtf-eh-item-content edgtf-eh-custom-2251\" style=\"padding: 0 0 35px 50px\">\n\t\t\t[vc_column_text]<\/p>\n<h3>2017<\/h3>\n<p>[\/vc_column_text][vc_empty_space height=&#8221;30&#8243;][vc_column_text]<\/p>\n<ul>\n<li>Nel 2017 \u00e8 stato creato il nuovo logo dell&#8217;azienda. Come si pu\u00f2 notare, i tre simboli (barca, auto ed elicottero) sono scomparsi dal logo. Al suo posto \u00e8 comparso il tipico cappello dell&#8217;autista e la ruota di un&#8217;auto \u00e8 stata inserita nella lettera &#8220;S&#8221;. Alla &#8220;E&#8221; \u00e8 stato aggiunto un piccolo ma importante simbolo locale, che pende dalla &#8220;E&#8221;. Si tratta del &#8220;Cornicello&#8221;, un peperone rosso che simboleggia prosperit\u00e0 e, secondo la tradizione locale, protegge dalla sfortuna.<\/li>\n<li>Nel frattempo sono stati aggiunti nuovi veicoli alla nostra flotta.<\/li>\n<li>Oggi la crescita e le ambizioni che la Societ\u00e0 ha sviluppato sono andate ben oltre le nostre precedenti aspettative. Il nostro logo definitivo \u00e8 stato forgiato e registrato come marchio, il nostro nuovo progetto \u00e8 iniziato e una nuova era per questa azienda \u00e8 appena cominciata.<\/li>\n<\/ul>\n<p>[\/vc_column_text]\t\t<\/div>\n\t<\/div>\n<\/div><\/div>[\/vc_column][\/vc_row][vc_row][vc_column][vc_separator][\/vc_column][\/vc_row][vc_row row_content_width=&#8221;grid&#8221; content_text_aligment=&#8221;left&#8221; css=&#8221;.vc_custom_1563981448995{padding-top: 30px !important;padding-bottom: 45px !important;}&#8221;][vc_column]<div class=\"edgtf-elements-holder   edgtf-two-columns  edgtf-responsive-mode-1024 edgtf-one-column-alignment-left\" ><div class=\"edgtf-eh-item  edgtf-vertical-alignment-top  \"  data-item-class=\"edgtf-eh-custom-6412\">\n\t<div class=\"edgtf-eh-item-inner\">\n\t\t<div class=\"edgtf-eh-item-content edgtf-eh-custom-6412\" style=\"padding: 0 0 0 0\">\n\t\t\t<div class=\"edgtf-single-image-holder   \">\n    <div class=\"edgtf-si-inner\" >\n                                    <img loading=\"lazy\" decoding=\"async\" width=\"800\" height=\"300\" src=\"https:\/\/chauffeurpositano.com\/wp-content\/uploads\/2019\/07\/travel_hospitality.jpg\" class=\"attachment-full size-full\" alt=\"\" srcset=\"https:\/\/chauffeurpositano.com\/wp-content\/uploads\/2019\/07\/travel_hospitality.jpg 800w, https:\/\/chauffeurpositano.com\/wp-content\/uploads\/2019\/07\/travel_hospitality-300x113.jpg 300w, https:\/\/chauffeurpositano.com\/wp-content\/uploads\/2019\/07\/travel_hospitality-768x288.jpg 768w\" sizes=\"auto, (max-width: 800px) 100vw, 800px\" \/>                        <\/div>\n<\/div>[vc_empty_space height=&#8221;15px&#8221;]\t\t<\/div>\n\t<\/div>\n<\/div><div class=\"edgtf-eh-item  edgtf-vertical-alignment-top  \"  data-item-class=\"edgtf-eh-custom-5163\" data-1367-1600=\"0 0 35px 50px\" data-1025-1366=\"0 0 36px 50px\" data-769-1024=\"0 130px 0 0\" data-681-768=\"0 60px 0 0\" data-680=\"0 0 0 0\">\n\t<div class=\"edgtf-eh-item-inner\">\n\t\t<div class=\"edgtf-eh-item-content edgtf-eh-custom-5163\" style=\"padding: 0 0 35px 50px\">\n\t\t\t[vc_column_text]<\/p>\n<h3>2018<\/h3>\n<p>[\/vc_column_text][vc_empty_space height=&#8221;30&#8243;][vc_column_text]<\/p>\n<ul>\n<li>Premio <strong>THA Travel &amp; Hospitality<\/strong>, Certificato di eccellenza Tripadvisor.<\/li>\n<\/ul>\n<p>[\/vc_column_text]\t\t<\/div>\n\t<\/div>\n<\/div><\/div>[\/vc_column][\/vc_row][vc_row][vc_column][vc_separator][\/vc_column][\/vc_row][vc_row row_content_width=&#8221;grid&#8221; content_text_aligment=&#8221;left&#8221; css=&#8221;.vc_custom_1563981448995{padding-top: 30px !important;padding-bottom: 45px !important;}&#8221;][vc_column]<div class=\"edgtf-elements-holder   edgtf-two-columns  edgtf-responsive-mode-1024 edgtf-one-column-alignment-left\" ><div class=\"edgtf-eh-item  edgtf-vertical-alignment-top  \"  data-item-class=\"edgtf-eh-custom-2118\">\n\t<div class=\"edgtf-eh-item-inner\">\n\t\t<div class=\"edgtf-eh-item-content edgtf-eh-custom-2118\" style=\"padding: 0 0 0 0\">\n\t\t\t<div class=\"edgtf-single-image-holder   \">\n    <div class=\"edgtf-si-inner\" >\n                                    <img loading=\"lazy\" decoding=\"async\" width=\"800\" height=\"300\" src=\"https:\/\/chauffeurpositano.com\/wp-content\/uploads\/2019\/07\/tripadvisor.jpg\" class=\"attachment-full size-full\" alt=\"\" srcset=\"https:\/\/chauffeurpositano.com\/wp-content\/uploads\/2019\/07\/tripadvisor.jpg 800w, https:\/\/chauffeurpositano.com\/wp-content\/uploads\/2019\/07\/tripadvisor-300x113.jpg 300w, https:\/\/chauffeurpositano.com\/wp-content\/uploads\/2019\/07\/tripadvisor-768x288.jpg 768w\" sizes=\"auto, (max-width: 800px) 100vw, 800px\" \/>                        <\/div>\n<\/div>[vc_empty_space height=&#8221;15px&#8221;]\t\t<\/div>\n\t<\/div>\n<\/div><div class=\"edgtf-eh-item  edgtf-vertical-alignment-top  \"  data-item-class=\"edgtf-eh-custom-6823\" data-1367-1600=\"0 0 35px 50px\" data-1025-1366=\"0 0 36px 50px\" data-769-1024=\"0 130px 0 0\" data-681-768=\"0 60px 0 0\" data-680=\"0 0 0 0\">\n\t<div class=\"edgtf-eh-item-inner\">\n\t\t<div class=\"edgtf-eh-item-content edgtf-eh-custom-6823\" style=\"padding: 0 0 35px 50px\">\n\t\t\t[vc_column_text]<\/p>\n<h3>2019<\/h3>\n<p>[\/vc_column_text][vc_empty_space height=&#8221;30&#8243;][vc_column_text]<\/p>\n<ul>\n<li>Premiato con il <strong>Certificato di Eccellenza di Tripadvisor<\/strong><\/li>\n<\/ul>\n<p>[\/vc_column_text]\t\t<\/div>\n\t<\/div>\n<\/div><\/div>[\/vc_column][\/vc_row][vc_row row_content_width=&#8221;grid&#8221; content_text_aligment=&#8221;left&#8221; css=&#8221;.vc_custom_1563981448995{padding-top: 30px !important;padding-bottom: 45px !important;}&#8221;][vc_column]<div class=\"edgtf-elements-holder   edgtf-two-columns  edgtf-responsive-mode-1024 edgtf-one-column-alignment-left\" ><div class=\"edgtf-eh-item  edgtf-vertical-alignment-top  \"  data-item-class=\"edgtf-eh-custom-3182\">\n\t<div class=\"edgtf-eh-item-inner\">\n\t\t<div class=\"edgtf-eh-item-content edgtf-eh-custom-3182\" style=\"padding: 0 0 0 0\">\n\t\t\t<div class=\"edgtf-single-image-holder   \">\n    <div class=\"edgtf-si-inner\" >\n                                    <img loading=\"lazy\" decoding=\"async\" width=\"800\" height=\"300\" src=\"https:\/\/chauffeurpositano.com\/wp-content\/uploads\/2025\/06\/tripadvisor.webp\" class=\"attachment-full size-full\" alt=\"\" srcset=\"https:\/\/chauffeurpositano.com\/wp-content\/uploads\/2025\/06\/tripadvisor.webp 800w, https:\/\/chauffeurpositano.com\/wp-content\/uploads\/2025\/06\/tripadvisor-300x113.webp 300w, https:\/\/chauffeurpositano.com\/wp-content\/uploads\/2025\/06\/tripadvisor-768x288.webp 768w\" sizes=\"auto, (max-width: 800px) 100vw, 800px\" \/>                        <\/div>\n<\/div>[vc_empty_space height=&#8221;15px&#8221;]\t\t<\/div>\n\t<\/div>\n<\/div><div class=\"edgtf-eh-item  edgtf-vertical-alignment-top  \"  data-item-class=\"edgtf-eh-custom-9950\" data-1367-1600=\"0 0 35px 50px\" data-1025-1366=\"0 0 36px 50px\" data-769-1024=\"0 130px 0 0\" data-681-768=\"0 60px 0 0\" data-680=\"0 0 0 0\">\n\t<div class=\"edgtf-eh-item-inner\">\n\t\t<div class=\"edgtf-eh-item-content edgtf-eh-custom-9950\" style=\"padding: 0 0 35px 50px\">\n\t\t\t[vc_column_text]<\/p>\n<h3>2019<\/h3>\n<p>[\/vc_column_text][vc_empty_space height=&#8221;30&#8243;][vc_column_text css=&#8221;&#8221;]<\/p>\n<ul>\n<li><strong>Nel 2019 un nuovo restyling del logo.<\/strong><br \/>\nIl nuovo design si compone di tre simboli iconici, ciascuno rappresentante una forza primordiale della natura: Cielo, Mare e Terra. A ognuno di questi elementi corrisponde una modalit\u00e0 di trasporto offerta da Chauffeur of Positano \u2013 via cielo, via mare e via terra \u2013 sempre con passione e professionalit\u00e0.La palette cromatica si ispira all\u2019immaginario visivo di Positano:Lo chauffeur si tinge delle sfumature del cielo e del mare;Il veicolo richiama la forma stilizzata e accogliente dei petali di bouganville, fiore simbolo delle strade positanesi.Il tutto \u00e8 racchiuso in una cornice sottile ed equilibrata, che delinea con eleganza le iniziali dell\u2019azienda: C e P.Le linee fluide del marchio evocano movimento, eleganza e continuit\u00e0: valori che guidano ogni servizio offerto.<br \/>\nIl logo diventa cos\u00ec una sintesi visiva del profondo legame dell\u2019azienda con la Costiera Amalfitana, celebrandone la bellezza autentica e l\u2019armonia perfetta tra gli elementi naturali.<\/li>\n<\/ul>\n<p>[\/vc_column_text]\t\t<\/div>\n\t<\/div>\n<\/div><\/div>[\/vc_column][\/vc_row][vc_row row_content_width=&#8221;grid&#8221; content_text_aligment=&#8221;left&#8221; css=&#8221;.vc_custom_1563981448995{padding-top: 30px !important;padding-bottom: 45px !important;}&#8221;][vc_column]<div class=\"edgtf-elements-holder   edgtf-two-columns  edgtf-responsive-mode-1024 edgtf-one-column-alignment-left\" ><div class=\"edgtf-eh-item  edgtf-vertical-alignment-top  \"  data-item-class=\"edgtf-eh-custom-3408\">\n\t<div class=\"edgtf-eh-item-inner\">\n\t\t<div class=\"edgtf-eh-item-content edgtf-eh-custom-3408\" style=\"padding: 0 0 0 0\">\n\t\t\t<div class=\"edgtf-single-image-holder   \">\n    <div class=\"edgtf-si-inner\" >\n                                    <img loading=\"lazy\" decoding=\"async\" width=\"800\" height=\"300\" src=\"https:\/\/chauffeurpositano.com\/wp-content\/uploads\/2023\/12\/travel-hospitality-2023.jpg\" class=\"attachment-full size-full\" alt=\"The Chauffeur of Positano: Premio THA Travel &amp; Hospitality 2023, Certificato di eccellenza Tripadvisor.\" srcset=\"https:\/\/chauffeurpositano.com\/wp-content\/uploads\/2023\/12\/travel-hospitality-2023.jpg 800w, https:\/\/chauffeurpositano.com\/wp-content\/uploads\/2023\/12\/travel-hospitality-2023-300x113.jpg 300w, https:\/\/chauffeurpositano.com\/wp-content\/uploads\/2023\/12\/travel-hospitality-2023-768x288.jpg 768w\" sizes=\"auto, (max-width: 800px) 100vw, 800px\" \/>                        <\/div>\n<\/div>[vc_empty_space height=&#8221;15px&#8221;]\t\t<\/div>\n\t<\/div>\n<\/div><div class=\"edgtf-eh-item  edgtf-vertical-alignment-top  \"  data-item-class=\"edgtf-eh-custom-7028\" data-1367-1600=\"0 0 35px 50px\" data-1025-1366=\"0 0 36px 50px\" data-769-1024=\"0 130px 0 0\" data-681-768=\"0 60px 0 0\" data-680=\"0 0 0 0\">\n\t<div class=\"edgtf-eh-item-inner\">\n\t\t<div class=\"edgtf-eh-item-content edgtf-eh-custom-7028\" style=\"padding: 0 0 35px 50px\">\n\t\t\t[vc_column_text]<\/p>\n<h3>2023<\/h3>\n<p>[\/vc_column_text][vc_empty_space height=&#8221;30&#8243;][vc_column_text]<\/p>\n<ul>\n<li>Premio <strong>THA Travel &amp; Hospitality<\/strong>, Certificato di eccellenza Tripadvisor.<\/li>\n<\/ul>\n<p>[\/vc_column_text]\t\t<\/div>\n\t<\/div>\n<\/div><\/div>[\/vc_column][\/vc_row][vc_row row_content_width=&#8221;grid&#8221; content_text_aligment=&#8221;left&#8221; css=&#8221;.vc_custom_1563981448995{padding-top: 30px !important;padding-bottom: 45px !important;}&#8221;][vc_column]<div class=\"edgtf-elements-holder   edgtf-two-columns  edgtf-responsive-mode-1024 edgtf-one-column-alignment-center\" ><div class=\"edgtf-eh-item  edgtf-vertical-alignment-top  \"  data-item-class=\"edgtf-eh-custom-2104\" data-1367-1600=\"0 0 35px 50px\" data-1025-1366=\"0 0 36px 50px\" data-769-1024=\"0 130px 0 0\" data-681-768=\"0 60px 0 0\" data-680=\"0 0 0 0\">\n\t<div class=\"edgtf-eh-item-inner\">\n\t\t<div class=\"edgtf-eh-item-content edgtf-eh-custom-2104\" style=\"padding: 0 0 35px 50px\">\n\t\t\t<div class=\"edgtf-section-title-holder   edgtf-st-position-center\" >\n\t<div class=\"edgtf-st-inner\">\n\t\t\t\t\t<span class=\"edgtf-st-subtitle\" >\n\t\t\t\t`` Se i tuoi sogni non ti spaventano sono troppo piccoli ``\t\t\t<\/span>\n\t\t\t\t\t\t\t<\/div>\n<\/div>\t\t<\/div>\n\t<\/div>\n<\/div><\/div>[\/vc_column][\/vc_row]<\/p>\n<\/div>","protected":false},"excerpt":{"rendered":"<p>[vc_row css=&#8221;.vc_custom_1657790156589{padding-top: 50px !important;padding-bottom: 10px !important;}&#8221;][vc_column][\/vc_column][\/vc_row][vc_row row_content_width=&#8221;grid&#8221; content_text_aligment=&#8221;left&#8221; css=&#8221;.vc_custom_1563966190743{padding-top: 70px !important;padding-bottom: 45px !important;}&#8221;][vc_column][\/vc_column][\/vc_row][vc_row][vc_column][vc_separator][\/vc_column][\/vc_row][vc_row row_content_width=&#8221;grid&#8221; content_text_aligment=&#8221;left&#8221; css=&#8221;.vc_custom_1563981448995{padding-top: 30px !important;padding-bottom: 45px !important;}&#8221;][vc_column][\/vc_column][\/vc_row][vc_row][vc_column][vc_separator][\/vc_column][\/vc_row][vc_row row_content_width=&#8221;grid&#8221; content_text_aligment=&#8221;left&#8221; css=&#8221;.vc_custom_1563981448995{padding-top: 30px !important;padding-bottom: 45px !important;}&#8221;][vc_column][\/vc_column][\/vc_row][vc_row][vc_column][vc_separator][\/vc_column][\/vc_row][vc_row row_content_width=&#8221;grid&#8221; content_text_aligment=&#8221;left&#8221; css=&#8221;.vc_custom_1563981448995{padding-top: 30px !important;padding-bottom: 45px !important;}&#8221;][vc_column][\/vc_column][\/vc_row][vc_row][vc_column][vc_separator][\/vc_column][\/vc_row][vc_row row_content_width=&#8221;grid&#8221; content_text_aligment=&#8221;left&#8221; css=&#8221;.vc_custom_1563981448995{padding-top: 30px !important;padding-bottom: 45px !important;}&#8221;][vc_column][\/vc_column][\/vc_row][vc_row row_content_width=&#8221;grid&#8221; content_text_aligment=&#8221;left&#8221; css=&#8221;.vc_custom_1563981448995{padding-top: 30px !important;padding-bottom: 45px !important;}&#8221;][vc_column][\/vc_column][\/vc_row][vc_row row_content_width=&#8221;grid&#8221; content_text_aligment=&#8221;left&#8221; css=&#8221;.vc_custom_1563981448995{padding-top: 30px !important;padding-bottom: 45px !important;}&#8221;][vc_column][\/vc_column][\/vc_row][vc_row row_content_width=&#8221;grid&#8221; content_text_aligment=&#8221;left&#8221; css=&#8221;.vc_custom_1563981448995{padding-top: 30px !important;padding-bottom: [&hellip;]<\/p>\n","protected":false},"author":5,"featured_media":0,"parent":0,"menu_order":0,"comment_status":"closed","ping_status":"closed","template":"","meta":{"footnotes":""},"class_list":["post-6671","page","type-page","status-publish","hentry"],"_links":{"self":[{"href":"https:\/\/chauffeurpositano.com\/it\/wp-json\/wp\/v2\/pages\/6671","targetHints":{"allow":["GET"]}}],"collection":[{"href":"https:\/\/chauffeurpositano.com\/it\/wp-json\/wp\/v2\/pages"}],"about":[{"href":"https:\/\/chauffeurpositano.com\/it\/wp-json\/wp\/v2\/types\/page"}],"author":[{"embeddable":true,"href":"https:\/\/chauffeurpositano.com\/it\/wp-json\/wp\/v2\/users\/5"}],"replies":[{"embeddable":true,"href":"https:\/\/chauffeurpositano.com\/it\/wp-json\/wp\/v2\/comments?post=6671"}],"version-history":[{"count":5,"href":"https:\/\/chauffeurpositano.com\/it\/wp-json\/wp\/v2\/pages\/6671\/revisions"}],"predecessor-version":[{"id":8956,"href":"https:\/\/chauffeurpositano.com\/it\/wp-json\/wp\/v2\/pages\/6671\/revisions\/8956"}],"wp:attachment":[{"href":"https:\/\/chauffeurpositano.com\/it\/wp-json\/wp\/v2\/media?parent=6671"}],"curies":[{"name":"wp","href":"https:\/\/api.w.org\/{rel}","templated":true}]}}