{"id":6670,"date":"2019-08-12T15:35:50","date_gmt":"2019-08-12T13:35:50","guid":{"rendered":"https:\/\/www.chauffeurpositano.com\/escursione-a-terra\/"},"modified":"2022-08-02T12:21:26","modified_gmt":"2022-08-02T10:21:26","slug":"escursione-a-terra","status":"publish","type":"page","link":"https:\/\/chauffeurpositano.com\/it\/escursione-a-terra\/","title":{"rendered":"Escursioni a Terra"},"content":{"rendered":"<div class=\"wpb-content-wrapper\"><p>[vc_row row_content_width=&#8221;grid&#8221; content_text_aligment=&#8221;left&#8221; css=&#8221;.vc_custom_1566309729836{padding-top: 40px !important;padding-bottom: 100px !important;}&#8221;][vc_column]<div class=\"edgtf-elements-holder   edgtf-two-columns  edgtf-responsive-mode-1024 edgtf-one-column-alignment-left\" ><div class=\"edgtf-eh-item    \"  data-item-class=\"edgtf-eh-custom-8994\" data-1367-1600=\"13px 50px 0px 0\" data-1025-1366=\"13px 50px 0px 0\" data-769-1024=\"0 130px 0 0\" data-681-768=\"0 60px 0 0\" data-680=\"0 0 0 0\">\n\t<div class=\"edgtf-eh-item-inner\">\n\t\t<div class=\"edgtf-eh-item-content edgtf-eh-custom-8994\" style=\"padding: 13px 50px 0px 0\">\n\t\t\t[vc_column_text]<\/p>\n<h3>Escursioni a terra da tutti i porti principali!<\/h3>\n<p>[\/vc_column_text][vc_empty_space height=&#8221;10px&#8221;][vc_column_text]<strong>The Chauffeur of Positano<\/strong> pu\u00f2 fornire fantastiche escursioni giornaliere direttamente dalla vostra nave da crociera verso alcune delle destinazioni pi\u00f9 interessanti della Campania. I nostri tour sono stati appositamente studiati per le esigenze dei viaggiatori in crociera. Con noi, siatene certi, che al momento dello sbarco dalla vostra nave da crociera, uno dei nostri autisti professionisti sar\u00e0 gi\u00e0 l\u00ec ad aspettarvi e con la stessa professionalit\u00e0 e puntualit\u00e0 vi riporter\u00e0 alla vostra nave da crociera prima dell&#8217;ultimo imbarco.[\/vc_column_text][vc_column_text]<\/p>\n<h3 class=\"edgtf-st-title\">Informazioni sui nostri tour:<\/h3>\n<p>[\/vc_column_text][vc_column_text]<span style=\"display: inline !important; float: none; background-color: #ffffff; color: #868686; cursor: text; font-family: 'Arial',sans-serif; font-size: 15px; font-style: normal; font-variant: normal; font-weight: 300; letter-spacing: normal; orphans: 2; text-align: left; text-decoration: none; text-indent: 0px; text-transform: none; -webkit-text-stroke-width: 0px; white-space: normal; word-spacing: 0px;\">I nostri tour sono stati progettati per soddisfare i desideri e le aspettative di tutti. Potrete infatti scegliere tra una vasta gamma di tour diversi, tra cui visite archeologiche a siti e musei famosi, cibo e gastronomia, storia e vino, e molti altri ancora! <\/span>[\/vc_column_text][vc_column_text]<\/p>\n<h3 class=\"edgtf-st-title\">Scegliete il vostro tour:<\/h3>\n<p>[\/vc_column_text][vc_column_text]Visitate la nostra sezione tour per vedere alcuni dei tour che offriamo. Se avete in mente qualcosa di pi\u00f9 specifico, non esitate a contattarci direttamente e potremo creare qualcosa di specifico per voi e\/o per i vostri familiari e amici.[\/vc_column_text]\t\t<\/div>\n\t<\/div>\n<\/div><div class=\"edgtf-eh-item  edgtf-vertical-alignment-top  \"  data-item-class=\"edgtf-eh-custom-3226\">\n\t<div class=\"edgtf-eh-item-inner\">\n\t\t<div class=\"edgtf-eh-item-content edgtf-eh-custom-3226\" style=\"padding: 0 0 0 0\">\n\t\t\t[vc_empty_space height=&#8221;35px&#8221;]<div class=\"edgtf-single-image-holder   \">\n    <div class=\"edgtf-si-inner\" >\n                                    <img loading=\"lazy\" decoding=\"async\" width=\"800\" height=\"510\" src=\"https:\/\/chauffeurpositano.com\/wp-content\/uploads\/2022\/08\/escursione-a-terra-2.jpg\" class=\"attachment-full size-full\" alt=\"The Chauffeur of Positano: Escursioni a Terra\" srcset=\"https:\/\/chauffeurpositano.com\/wp-content\/uploads\/2022\/08\/escursione-a-terra-2.jpg 800w, https:\/\/chauffeurpositano.com\/wp-content\/uploads\/2022\/08\/escursione-a-terra-2-300x191.jpg 300w, https:\/\/chauffeurpositano.com\/wp-content\/uploads\/2022\/08\/escursione-a-terra-2-768x490.jpg 768w\" sizes=\"auto, (max-width: 800px) 100vw, 800px\" \/>                        <\/div>\n<\/div>\t\t<\/div>\n\t<\/div>\n<\/div><\/div>[\/vc_column][\/vc_row]<\/p>\n<\/div>","protected":false},"excerpt":{"rendered":"<p>[vc_row row_content_width=&#8221;grid&#8221; content_text_aligment=&#8221;left&#8221; css=&#8221;.vc_custom_1566309729836{padding-top: 40px !important;padding-bottom: 100px !important;}&#8221;][vc_column][\/vc_column][\/vc_row]<\/p>\n","protected":false},"author":5,"featured_media":0,"parent":0,"menu_order":0,"comment_status":"closed","ping_status":"closed","template":"full-width.php","meta":{"footnotes":""},"class_list":["post-6670","page","type-page","status-publish","hentry"],"_links":{"self":[{"href":"https:\/\/chauffeurpositano.com\/it\/wp-json\/wp\/v2\/pages\/6670","targetHints":{"allow":["GET"]}}],"collection":[{"href":"https:\/\/chauffeurpositano.com\/it\/wp-json\/wp\/v2\/pages"}],"about":[{"href":"https:\/\/chauffeurpositano.com\/it\/wp-json\/wp\/v2\/types\/page"}],"author":[{"embeddable":true,"href":"https:\/\/chauffeurpositano.com\/it\/wp-json\/wp\/v2\/users\/5"}],"replies":[{"embeddable":true,"href":"https:\/\/chauffeurpositano.com\/it\/wp-json\/wp\/v2\/comments?post=6670"}],"version-history":[{"count":0,"href":"https:\/\/chauffeurpositano.com\/it\/wp-json\/wp\/v2\/pages\/6670\/revisions"}],"wp:attachment":[{"href":"https:\/\/chauffeurpositano.com\/it\/wp-json\/wp\/v2\/media?parent=6670"}],"curies":[{"name":"wp","href":"https:\/\/api.w.org\/{rel}","templated":true}]}}