{"id":6628,"date":"2019-06-27T12:18:24","date_gmt":"2019-06-27T10:18:24","guid":{"rendered":"https:\/\/www.chauffeurpositano.com\/ercolano-e-pompei\/"},"modified":"2022-08-01T14:01:02","modified_gmt":"2022-08-01T12:01:02","slug":"il-miglior-tour-del-vino-di-ercolano-pompei","status":"publish","type":"page","link":"https:\/\/chauffeurpositano.com\/it\/il-miglior-tour-del-vino-di-ercolano-pompei\/","title":{"rendered":"Ercolano &#038; Pompei"},"content":{"rendered":"<div class=\"wpb-content-wrapper\"><p>[vc_row row_content_width=&#8221;grid&#8221; content_text_aligment=&#8221;left&#8221; css=&#8221;.vc_custom_1534237525548{padding-top: 100px !important;padding-bottom: 85px !important;}&#8221;][vc_column]<div class=\"edgtf-elements-holder   edgtf-two-columns  edgtf-responsive-mode-1024 edgtf-one-column-alignment-left\" ><div class=\"edgtf-eh-item  edgtf-vertical-alignment-top edgtf-horizontal-alignment-center \"  data-item-class=\"edgtf-eh-custom-3567\">\n\t<div class=\"edgtf-eh-item-inner\">\n\t\t<div class=\"edgtf-eh-item-content edgtf-eh-custom-3567\" style=\"padding: 0 0 0 0\">\n\t\t\t[vc_single_image image=&#8221;6525&#8243; img_size=&#8221;large&#8221; css=&#8221;.vc_custom_1659355258384{padding-top: 20px !important;}&#8221;][vc_empty_space height=&#8221;10px&#8221;]\t\t<\/div>\n\t<\/div>\n<\/div><div class=\"edgtf-eh-item  edgtf-vertical-alignment-top  \"  data-item-class=\"edgtf-eh-custom-4866\" data-1367-1600=\"0 0 35px 50px\" data-1025-1366=\"0 0 36px 50px\" data-769-1024=\"0 130px 0 0\" data-681-768=\"0 60px 0 0\" data-680=\"0 0 0 0\">\n\t<div class=\"edgtf-eh-item-inner\">\n\t\t<div class=\"edgtf-eh-item-content edgtf-eh-custom-4866\" style=\"padding: 0 0 35px 50px\">\n\t\t\t[vc_column_text]<\/p>\n<h3>Archeologia &amp; Piacere<\/h3>\n<p>[\/vc_column_text][vc_column_text]Questo tour di un giorno a Ercolano e Pompei inizier\u00e0 con uno dei nostri autisti locali che verr\u00e0 a prendervi alla vostra residenza o alla vostra nave da crociera. Percorreremo le pendici del Vesuvio fino a raggiungere la prima citt\u00e0 antica, Ercolano o Pompei, a seconda di dove inizieremo il viaggio. Esplorare queste due famose citt\u00e0 antiche, distrutte dall&#8217;eruzione del vulcano Vesuvio migliaia di anni fa, \u00e8 un&#8217;esperienza unica nella vita. Con questo tour a Ercolano e Pompei, potrete farvi un&#8217;idea chiara di come fosse la vita nel mondo antico. Tuttavia, dopo tutto, siete in vacanza e soprattutto in Italia, quindi tra una citt\u00e0 e l&#8217;altra, dopo essere stati stupiti dalle meravigliose rovine, avrete la possibilit\u00e0 di deliziare le vostre papille gustative con i ricchi sapori di un vino unico, prodotto con uve che crescono direttamente sul Vesuvio, mentre ammirate alcuni panorami spettacolari.[\/vc_column_text]\t\t<\/div>\n\t<\/div>\n<\/div><\/div>[\/vc_column][\/vc_row][vc_row content_placement=&#8221;middle&#8221; css=&#8221;.vc_custom_1561718668971{padding-top: 55px !important;padding-bottom: 50px !important;background-color: #fafafa !important;}&#8221;][vc_column offset=&#8221;vc_col-lg-offset-1 vc_col-lg-10 vc_col-md-12&#8243;]<div class=\"edgtf-section-title-holder   edgtf-st-position-center\" >\n\t<div class=\"edgtf-st-inner\">\n\t\t\t\t\t<span class=\"edgtf-st-subtitle\" >\n\t\t\t\tEcco alcuni fatti interessanti\t\t\t<\/span>\n\t\t\t\t\t\t\t<h2 class=\"edgtf-st-title\" >\n\t\t\t\tsulle citt\u00e0 di Ercolano e Pompei:\t\t\t<\/h2>\n\t\t\t\t\t<\/div>\n<\/div>[\/vc_column][\/vc_row][vc_row content_placement=&#8221;middle&#8221; row_content_width=&#8221;grid&#8221; content_text_aligment=&#8221;left&#8221; css=&#8221;.vc_custom_1561718675760{padding-top: 50px !important;padding-bottom: 31px !important;}&#8221; simple_background_color=&#8221;#fafafa&#8221;][vc_column]<div class=\"edgtf-elements-holder   edgtf-three-columns  edgtf-responsive-mode-1024 \" ><div class=\"edgtf-eh-item  edgtf-vertical-alignment-top  \"  data-item-class=\"edgtf-eh-custom-3758\" data-1367-1600=\"0 43px 0 0\" data-1025-1366=\"0 43px 0 0\" data-769-1024=\"0 120px 0 0\" data-681-768=\"0 50px 0 0\" data-680=\"0 0 0 0\">\n\t<div class=\"edgtf-eh-item-inner\">\n\t\t<div class=\"edgtf-eh-item-content edgtf-eh-custom-3758\" style=\"padding: 0 43px 0 0\">\n\t\t\t<div class=\"edgtf-image-with-text-holder    edgtf-image-behavior-custom-link\">\n    <div class=\"edgtf-iwt-image\">\n                                    <img loading=\"lazy\" decoding=\"async\" src=\"https:\/\/chauffeurpositano.com\/wp-content\/uploads\/2019\/06\/storia-106x56.png\" alt=\"\" width=\"106\" height=\"56\" \/>                                <\/a>\n            <\/div>\n    <div class=\"edgtf-iwt-text-holder\">\n                    <h4 class=\"edgtf-iwt-title\" style=\"margin-top: 17px\">La storia<\/h4>\n        \t\t    <\/div>\n<\/div>[vc_empty_space height=&#8221;20px&#8221;]<div class=\"edgtf-icon-list-holder \" >\n\t<div class=\"edgtf-il-icon-holder\">\n\t\t<i class=\"edgtf-icon-font-awesome fa fa-angle-right \" style=\"color: #da1d47\"><\/i>\t<\/div>\n\t<p class=\"edgtf-il-text\" >Una famosa eruzione si verific\u00f2 nell&#039;anno 79 d.C., quando il Vesuvio seppell\u00ec Pompei e, successivamente, anche la citt\u00e0 di Ercolano sotto una spessa coltre di cenere vulcanica e gas caldi.<\/p>\n<\/div><div class=\"edgtf-icon-list-holder \" >\n\t<div class=\"edgtf-il-icon-holder\">\n\t\t<i class=\"edgtf-icon-font-awesome fa fa-angle-right \" style=\"color: #da1d47\"><\/i>\t<\/div>\n\t<p class=\"edgtf-il-text\" >A Pompei morirono circa 2000 persone e la citt\u00e0 rimase abbandonata per centinaia di anni, finch\u00e9 un gruppo di esploratori la riscopr\u00ec nel 1748. Scavarono le rovine e impararono molto sulla vita quotidiana nell&#039;antichit\u00e0.<\/p>\n<\/div><div class=\"edgtf-icon-list-holder \" >\n\t<div class=\"edgtf-il-icon-holder\">\n\t\t<i class=\"edgtf-icon-font-awesome fa fa-angle-right \" style=\"color: #da1d47\"><\/i>\t<\/div>\n\t<p class=\"edgtf-il-text\" >A differenza di Pompei, la citt\u00e0 dell&#039;antica Ercolano non fu mai dimenticata, ma non fu ``riscoperta`` di nuovo fino al 1709, quando un contadino scavando un pozzo si imbatt\u00e9 in un marmo<\/p>\n<\/div><div class=\"edgtf-icon-list-holder \" >\n\t<div class=\"edgtf-il-icon-holder\">\n\t\t<i class=\"edgtf-icon-font-awesome fa fa-angle-right \" style=\"color: #da1d47\"><\/i>\t<\/div>\n\t<p class=\"edgtf-il-text\" >In seguito sono state effettuate numerose esplorazioni in cui gli operai hanno scavato pozzi verticali e gallerie nel materiale vulcanico. Un archeologo di nome Amedeo Maiuri mise insieme un gruppo di lavoratori per scavare, restaurare e mostrare le case romane al pubblico.<\/p>\n<\/div>\t\t<\/div>\n\t<\/div>\n<\/div><div class=\"edgtf-eh-item  edgtf-vertical-alignment-top  \"  data-item-class=\"edgtf-eh-custom-5019\" data-1367-1600=\"0 43px 0 0\" data-1025-1366=\"0 43px 0 0\" data-769-1024=\"0 120px 0 0\" data-681-768=\"0 50px 0 0\" data-680=\"0 0 0 0\">\n\t<div class=\"edgtf-eh-item-inner\">\n\t\t<div class=\"edgtf-eh-item-content edgtf-eh-custom-5019\" style=\"padding: 0 43px 0 0\">\n\t\t\t<div class=\"edgtf-image-with-text-holder    edgtf-image-behavior-custom-link\">\n    <div class=\"edgtf-iwt-image\">\n                                    <img loading=\"lazy\" decoding=\"async\" src=\"https:\/\/chauffeurpositano.com\/wp-content\/uploads\/2019\/06\/vesuvio-icon-106x56.png\" alt=\"\" width=\"106\" height=\"56\" \/>                                <\/a>\n            <\/div>\n    <div class=\"edgtf-iwt-text-holder\">\n                    <h4 class=\"edgtf-iwt-title\" style=\"margin-top: 17px\">Vino del Vesuvio<\/h4>\n        \t\t            <p class=\"edgtf-iwt-text\" >Quando inizierete la vostra esplorazione, vedrete gli antichi resti della citt\u00e0 e avrete un assaggio di com&#039;era la vita in passato. Dopo aver visitato questa antica citt\u00e0, continueremo a guidare lungo i piedi del Vesuvio fino a raggiungere i vigneti. Questi vigneti sono sparsi in una terra ricca di storia, misticismo e nota per gli sconvolgimenti sociali. I vigneti dell&#039;azienda sono coltivati sul suolo vesuviano, tra Torre del Greco, Torre Annunziata e Boscotrecase, detto anche \u201cBosco delle Tre Case Religiose\u201d. Ci fermeremo ai piedi dello Sterminator Vesevo (questo nome fu dato al Vesuvio da un poeta italiano Giacomo Leopardi). Qui avrete l&#039;opportunit\u00e0 di degustare diverse variet\u00e0 di vini e assaporare un pranzo delizioso e leggero a base di ingredienti freschi e locali.<\/p>\n            <\/div>\n<\/div>[vc_empty_space height=&#8221;20px&#8221;]\t\t<\/div>\n\t<\/div>\n<\/div><div class=\"edgtf-eh-item  edgtf-vertical-alignment-top  \"  data-item-class=\"edgtf-eh-custom-1165\" data-1367-1600=\"0 0 0 43px\" data-1025-1366=\"0 0 0 43px\" data-769-1024=\"0 120px 0 0\" data-681-768=\"0 50px 0 0\" data-680=\"0 0 0 0\">\n\t<div class=\"edgtf-eh-item-inner\">\n\t\t<div class=\"edgtf-eh-item-content edgtf-eh-custom-1165\" style=\"padding: 0 0 0 43px\">\n\t\t\t<div class=\"edgtf-image-with-text-holder    edgtf-image-behavior-custom-link\">\n    <div class=\"edgtf-iwt-image\">\n                                    <img loading=\"lazy\" decoding=\"async\" src=\"https:\/\/chauffeurpositano.com\/wp-content\/uploads\/2022\/08\/archeologia-112x56.png\" alt=\"The Chauffeur of Positano: archeologia\" width=\"112\" height=\"56\" \/>                                <\/a>\n            <\/div>\n    <div class=\"edgtf-iwt-text-holder\">\n                    <h4 class=\"edgtf-iwt-title\" style=\"margin-top: 17px\">Archeologia<\/h4>\n        \t\t            <p class=\"edgtf-iwt-text\" style=\"margin-top: 16px\">Esplorare il sito di Ercolano, Patrimonio dell&#039;Umanit\u00e0 dell&#039;UNESCO, \u00e8 un viaggio che ricorderete per sempre e di cui farete tesoro. Potrete vedere gli antichi resti della citt\u00e0 e capire come era la vita di allora. Sarete sorpresi dalla quantit\u00e0 di dettagli delle rovine. Ci\u00f2 \u00e8 dovuto al fatto che il sito si \u00e8 conservato bene dopo la famosa eruzione del Vesuvio che ha ricoperto la citt\u00e0 di ceneri vulcaniche nel 79 d.C. Da allora sono stati scoperti pi\u00f9 di 300 corpi, uccisi dall&#039;intenso calore della cenere e dei gas caldi. Durante la visita guidata di Ercolano, potrete ammirare manufatti come letti, case, porte, cibo e molto altro ancora.<\/p>\n            <\/div>\n<\/div>\t\t<\/div>\n\t<\/div>\n<\/div><\/div>[\/vc_column][\/vc_row][vc_row content_placement=&#8221;middle&#8221; row_content_width=&#8221;grid&#8221; content_text_aligment=&#8221;left&#8221; css=&#8221;.vc_custom_1561631735274{padding-top: 10px !important;padding-bottom: 31px !important;}&#8221; simple_background_color=&#8221;#fafafa&#8221;][vc_column]<div class=\"edgtf-elements-holder   edgtf-three-columns  edgtf-responsive-mode-1024 \" ><div class=\"edgtf-eh-item  edgtf-vertical-alignment-top  \"  data-item-class=\"edgtf-eh-custom-8016\" data-1367-1600=\"0 43px 0 0\" data-1025-1366=\"0 43px 0 0\" data-769-1024=\"0 120px 0 0\" data-681-768=\"0 50px 0 0\" data-680=\"0 0 0 0\">\n\t<div class=\"edgtf-eh-item-inner\">\n\t\t<div class=\"edgtf-eh-item-content edgtf-eh-custom-8016\" style=\"padding: 0 43px 0 0\">\n\t\t\t<div class=\"edgtf-image-with-text-holder    edgtf-image-behavior-custom-link\">\n    <div class=\"edgtf-iwt-image\">\n                                    <img loading=\"lazy\" decoding=\"async\" src=\"https:\/\/chauffeurpositano.com\/wp-content\/uploads\/2018\/09\/p1-custom-icon-img-2-112x56.png\" alt=\"a\" width=\"112\" height=\"56\" \/>                                <\/a>\n            <\/div>\n    <div class=\"edgtf-iwt-text-holder\">\n        \t\t            <p class=\"edgtf-iwt-text\" style=\"margin-top: 16px\">Una volta terminato il tour, vi incontreremo fuori dalle rovine per iniziare il viaggio panoramico e rilassante di ritorno alla vostra residenza. Qualunque sia il vostro alloggio, potrete rilassarvi sapendo che il vostro autista locale conosce la strada.<\/p>\n            <\/div>\n<\/div>[vc_empty_space height=&#8221;20px&#8221;]\t\t<\/div>\n\t<\/div>\n<\/div><\/div>[\/vc_column][\/vc_row][vc_row content_placement=&#8221;middle&#8221; row_content_width=&#8221;grid&#8221; disable_background_image=&#8221;&#8221; content_text_aligment=&#8221;center&#8221; css=&#8221;.vc_custom_1659355150500{padding-top: 85px !important;padding-bottom: 100px !important;}&#8221; simple_background_image=&#8221;6393&#8243; background_image_position=&#8221;center center&#8221;][vc_column]<div class=\"edgtf-elements-holder   edgtf-one-column  edgtf-responsive-mode-768 edgtf-one-column-alignment-left\" ><div class=\"edgtf-eh-item    \"  data-item-class=\"edgtf-eh-custom-2717\">\n\t<div class=\"edgtf-eh-item-inner\">\n\t\t<div class=\"edgtf-eh-item-content edgtf-eh-custom-2717\" >\n\t\t\t[vc_row_inner][vc_column_inner]<div class=\"edgtf-section-title-holder   edgtf-st-position-center\" >\n\t<div class=\"edgtf-st-inner\">\n\t\t\t\t\t<span class=\"edgtf-st-subtitle\" style=\"color: #ffffff\">\n\t\t\t\tContattateci\t\t\t<\/span>\n\t\t\t\t\t\t\t<h2 class=\"edgtf-st-title\" style=\"color: #ffffff\">\n\t\t\t\toggi stesso per prenotare la vostra giornata del vino in Irpinia\t\t\t<\/h2>\n\t\t\t\t\t<\/div>\n<\/div>[\/vc_column_inner][\/vc_row_inner][vc_empty_space height=&#8221;45&#8243;]<a itemprop=\"url\" href=\"https:\/\/chauffeurpositano.com\/it\/richiesta-di-preventivo\/\" target=\"_blank\" style=\"background-color: #0095da;border-color: #0095da\" class=\"edgtf-btn edgtf-btn-medium edgtf-btn-solid edgtf-btn-custom-hover-bg edgtf-btn-custom-border-hover\" data-hover-bg-color=\"#fb586d\" data-hover-border-color=\"#fb586d\" >\n\t\t<span class=\"edgtf-btn-text\">RICHIEDI PREVENTIVO<\/span>\n<\/a>\t\t<\/div>\n\t<\/div>\n<\/div><\/div>[\/vc_column][\/vc_row]<\/p>\n<\/div>","protected":false},"excerpt":{"rendered":"<p>[vc_row row_content_width=&#8221;grid&#8221; content_text_aligment=&#8221;left&#8221; css=&#8221;.vc_custom_1534237525548{padding-top: 100px !important;padding-bottom: 85px !important;}&#8221;][vc_column][\/vc_column][\/vc_row][vc_row content_placement=&#8221;middle&#8221; css=&#8221;.vc_custom_1561718668971{padding-top: 55px !important;padding-bottom: 50px !important;background-color: #fafafa !important;}&#8221;][vc_column offset=&#8221;vc_col-lg-offset-1 vc_col-lg-10 vc_col-md-12&#8243;][\/vc_column][\/vc_row][vc_row content_placement=&#8221;middle&#8221; row_content_width=&#8221;grid&#8221; content_text_aligment=&#8221;left&#8221; css=&#8221;.vc_custom_1561718675760{padding-top: 50px !important;padding-bottom: 31px !important;}&#8221; simple_background_color=&#8221;#fafafa&#8221;][vc_column][\/vc_column][\/vc_row][vc_row content_placement=&#8221;middle&#8221; row_content_width=&#8221;grid&#8221; content_text_aligment=&#8221;left&#8221; css=&#8221;.vc_custom_1561631735274{padding-top: 10px !important;padding-bottom: 31px !important;}&#8221; simple_background_color=&#8221;#fafafa&#8221;][vc_column][\/vc_column][\/vc_row][vc_row content_placement=&#8221;middle&#8221; row_content_width=&#8221;grid&#8221; disable_background_image=&#8221;&#8221; content_text_aligment=&#8221;center&#8221; css=&#8221;.vc_custom_1659355150500{padding-top: 85px !important;padding-bottom: 100px !important;}&#8221; simple_background_image=&#8221;6393&#8243; background_image_position=&#8221;center center&#8221;][vc_column][\/vc_column][\/vc_row]<\/p>\n","protected":false},"author":5,"featured_media":0,"parent":0,"menu_order":0,"comment_status":"closed","ping_status":"closed","template":"full-width.php","meta":{"footnotes":""},"class_list":["post-6628","page","type-page","status-publish","hentry"],"_links":{"self":[{"href":"https:\/\/chauffeurpositano.com\/it\/wp-json\/wp\/v2\/pages\/6628","targetHints":{"allow":["GET"]}}],"collection":[{"href":"https:\/\/chauffeurpositano.com\/it\/wp-json\/wp\/v2\/pages"}],"about":[{"href":"https:\/\/chauffeurpositano.com\/it\/wp-json\/wp\/v2\/types\/page"}],"author":[{"embeddable":true,"href":"https:\/\/chauffeurpositano.com\/it\/wp-json\/wp\/v2\/users\/5"}],"replies":[{"embeddable":true,"href":"https:\/\/chauffeurpositano.com\/it\/wp-json\/wp\/v2\/comments?post=6628"}],"version-history":[{"count":0,"href":"https:\/\/chauffeurpositano.com\/it\/wp-json\/wp\/v2\/pages\/6628\/revisions"}],"wp:attachment":[{"href":"https:\/\/chauffeurpositano.com\/it\/wp-json\/wp\/v2\/media?parent=6628"}],"curies":[{"name":"wp","href":"https:\/\/api.w.org\/{rel}","templated":true}]}}