{"id":6626,"date":"2019-06-26T16:30:30","date_gmt":"2019-06-26T14:30:30","guid":{"rendered":"https:\/\/www.chauffeurpositano.com\/ercolano-vesuvio-e-pompei\/"},"modified":"2022-08-01T18:35:03","modified_gmt":"2022-08-01T16:35:03","slug":"ercolano-vesuvio-e-pompei-tour-di-un-giorno","status":"publish","type":"page","link":"https:\/\/chauffeurpositano.com\/it\/ercolano-vesuvio-e-pompei-tour-di-un-giorno\/","title":{"rendered":"Ercolano, Vesuvio &#038; Pompei"},"content":{"rendered":"<div class=\"wpb-content-wrapper\"><p>[vc_row row_content_width=&#8221;grid&#8221; content_text_aligment=&#8221;left&#8221; css=&#8221;.vc_custom_1534237525548{padding-top: 100px !important;padding-bottom: 85px !important;}&#8221;][vc_column]<div class=\"edgtf-elements-holder   edgtf-two-columns  edgtf-responsive-mode-1024 edgtf-one-column-alignment-left\" ><div class=\"edgtf-eh-item  edgtf-vertical-alignment-top edgtf-horizontal-alignment-center \"  data-item-class=\"edgtf-eh-custom-6783\">\n\t<div class=\"edgtf-eh-item-inner\">\n\t\t<div class=\"edgtf-eh-item-content edgtf-eh-custom-6783\" style=\"padding: 0 0 0 0\">\n\t\t\t[vc_single_image image=&#8221;6380&#8243; img_size=&#8221;large&#8221; css=&#8221;.vc_custom_1561563352328{padding-top: 20px !important;}&#8221;][vc_empty_space height=&#8221;10px&#8221;]\t\t<\/div>\n\t<\/div>\n<\/div><div class=\"edgtf-eh-item  edgtf-vertical-alignment-top  \"  data-item-class=\"edgtf-eh-custom-9438\" data-1367-1600=\"0 0 35px 50px\" data-1025-1366=\"0 0 36px 50px\" data-769-1024=\"0 130px 0 0\" data-681-768=\"0 60px 0 0\" data-680=\"0 0 0 0\">\n\t<div class=\"edgtf-eh-item-inner\">\n\t\t<div class=\"edgtf-eh-item-content edgtf-eh-custom-9438\" style=\"padding: 0 0 35px 50px\">\n\t\t\t[vc_column_text]<\/p>\n<h3>Il miglior tour di Ercolano, Vesuvio e Pompei<\/h3>\n<p>[\/vc_column_text][vc_empty_space height=&#8221;10px&#8221;][vc_column_text]Vi siete mai chiesti quale sia la potenza di un vulcano? Con questo tour, potrete viaggiare lungo la base del vulcano e poi salire a piedi fino al cratere del <strong>Vesuvio.<\/strong> Dopo aver visto da vicino il famoso vulcano, verrete portati nelle antiche citt\u00e0 di <strong>Ercolano<\/strong> e <strong>Pompei<\/strong> per vedere i danni catastrofici provocati dalla eruzione di questo vulcano. Rimarrete stupiti da come tutto si sia conservato bene sotto la cenere vulcanica.<\/p>\n<p>Questo tour, di un&#8217;intera giornata, inizia con un viaggio in auto ai piedi del Vesuvio. Il vostro autista locale vi porter\u00e0 prima a Ercolano. Potrete chiacchierare con il nostro autista, ottenere alcune informazioni e prepararvi a essere deliziati durante la vostra visita a una citt\u00e0 storica.[\/vc_column_text]<div class=\"edgtf-icon-list-holder \" >\n\t<div class=\"edgtf-il-icon-holder\">\n\t\t<i class=\"edgtf-icon-font-awesome fa fa-angle-right \" style=\"color: #fc475f;font-size: 12px\"><\/i>\t<\/div>\n\t<p class=\"edgtf-il-text\" style=\"font-size: 14px\">Il Vesuvio ebbe una famosa eruzione nell&#039;anno 79 d.C., seppellendo completamente l&#039;antica citt\u00e0 romana di Pompei sotto una spessa coltre di cenere.<\/p>\n<\/div><div class=\"edgtf-icon-list-holder \" >\n\t<div class=\"edgtf-il-icon-holder\">\n\t\t<i class=\"edgtf-icon-font-awesome fa fa-angle-right \" style=\"color: #fc475f;font-size: 12px\"><\/i>\t<\/div>\n\t<p class=\"edgtf-il-text\" style=\"font-size: 14px\">Circa 2000 persone persero la vita durante questa eruzione e Pompei fu completamente abbandonata per centinaia di anni.<\/p>\n<\/div><div class=\"edgtf-icon-list-holder \" >\n\t<div class=\"edgtf-il-icon-holder\">\n\t\t<i class=\"edgtf-icon-font-awesome fa fa-angle-right \" style=\"color: #fc475f;font-size: 12px\"><\/i>\t<\/div>\n\t<p class=\"edgtf-il-text\" style=\"font-size: 14px\">Nel 1748 un gruppo di esploratori riscopr\u00ec Pompei! La citt\u00e0 era ancora per lo pi\u00f9 intatta sotto tutta la cenere.<\/p>\n<\/div><div class=\"edgtf-icon-list-holder \" >\n\t<div class=\"edgtf-il-icon-holder\">\n\t\t<i class=\"edgtf-icon-font-awesome fa fa-angle-right \" style=\"color: #fc475f;font-size: 12px\"><\/i>\t<\/div>\n\t<p class=\"edgtf-il-text\" style=\"font-size: 14px\">Tutti gli edifici, i manufatti e gli scheletri rimasti nella citt\u00e0 sepolta ci hanno insegnato molto sulla vita quotidiana nel mondo antico. Pompei era una fiorente localit\u00e0 turistica per i cittadini pi\u00f9 illustri di Roma. Le strade di Pompei erano fiancheggiate da case eleganti, ville elaborate, fabbriche, negozi, taverne, bordelli, caff\u00e8 e altro ancora!<\/p>\n<\/div>\t\t<\/div>\n\t<\/div>\n<\/div><\/div>[\/vc_column][\/vc_row][vc_row content_placement=&#8221;middle&#8221; css=&#8221;.vc_custom_1659371562218{padding-top: 50px !important;padding-bottom: 30px !important;background-color: #fafafa !important;}&#8221;][vc_column offset=&#8221;vc_col-lg-offset-1 vc_col-lg-10 vc_col-md-12&#8243;]<div class=\"edgtf-section-title-holder   edgtf-st-position-center\" >\n\t<div class=\"edgtf-st-inner\">\n\t\t\t\t\t<span class=\"edgtf-st-subtitle\" >\n\t\t\t\tEcco alcuni fatti\t\t\t<\/span>\n\t\t\t\t\t\t\t<h2 class=\"edgtf-st-title\" >\n\t\t\t\tsu queste antiche citt\u00e0\t\t\t<\/h2>\n\t\t\t\t\t<\/div>\n<\/div>[\/vc_column][\/vc_row][vc_row content_placement=&#8221;middle&#8221; row_content_width=&#8221;grid&#8221; content_text_aligment=&#8221;left&#8221; css=&#8221;.vc_custom_1561711774622{padding-top: 50px !important;padding-bottom: 31px !important;}&#8221; simple_background_color=&#8221;#fafafa&#8221;][vc_column]<div class=\"edgtf-elements-holder   edgtf-three-columns  edgtf-responsive-mode-1024 \" ><div class=\"edgtf-eh-item  edgtf-vertical-alignment-top  \"  data-item-class=\"edgtf-eh-custom-2390\" data-1367-1600=\"0 43px 0 0\" data-1025-1366=\"0 43px 0 0\" data-769-1024=\"0 120px 0 0\" data-681-768=\"0 50px 0 0\" data-680=\"0 0 0 0\">\n\t<div class=\"edgtf-eh-item-inner\">\n\t\t<div class=\"edgtf-eh-item-content edgtf-eh-custom-2390\" style=\"padding: 0 43px 0 0\">\n\t\t\t<div class=\"edgtf-image-with-text-holder    edgtf-image-behavior-custom-link\">\n    <div class=\"edgtf-iwt-image\">\n                                    <img loading=\"lazy\" decoding=\"async\" src=\"https:\/\/chauffeurpositano.com\/wp-content\/uploads\/2022\/08\/archeologia-106x56.png\" alt=\"The Chauffeur of Positano: archeologia\" width=\"106\" height=\"56\" \/>                                <\/a>\n            <\/div>\n    <div class=\"edgtf-iwt-text-holder\">\n                    <h4 class=\"edgtf-iwt-title\" style=\"margin-top: 17px\">Archeologico<\/h4>\n        \t\t            <p class=\"edgtf-iwt-text\" >Ercolano non fu mai del tutto dimenticata. La citt\u00e0 romana fu per\u00f2 \u201criscoperta\u201d solo nel 1709, quando un contadino scavando un pozzo trov\u00f2 del marmo. Solo pi\u00f9 tardi si sono accorti che aveva davvero scoperto il teatro romano!<\/p>\n            <\/div>\n<\/div>[vc_empty_space height=&#8221;20px&#8221;]<div class=\"edgtf-icon-list-holder \" >\n\t<div class=\"edgtf-il-icon-holder\">\n\t\t<i class=\"edgtf-icon-font-awesome fa fa-angle-right \" style=\"color: #fc475f;font-size: 12px\"><\/i>\t<\/div>\n\t<p class=\"edgtf-il-text\" style=\"font-size: 14px\">Ercolano era un&#039;antica citt\u00e0 romana situata vicino a Napoli e al Vesuvio. Il suo nome deriva dall&#039;eroe greco Ercole.<\/p>\n<\/div><div class=\"edgtf-icon-list-holder \" >\n\t<div class=\"edgtf-il-icon-holder\">\n\t\t<i class=\"edgtf-icon-font-awesome fa fa-angle-right \" style=\"color: #fc475f;font-size: 12px\"><\/i>\t<\/div>\n\t<p class=\"edgtf-il-text\" style=\"font-size: 14px\">Ercolano e Pompii sono siti del patrimonio mondiale dell&#039;UNESCO.<\/p>\n<\/div><div class=\"edgtf-icon-list-holder \" >\n\t<div class=\"edgtf-il-icon-holder\">\n\t\t<i class=\"edgtf-icon-font-awesome fa fa-angle-right \" style=\"color: #fc475f;font-size: 12px\"><\/i>\t<\/div>\n\t<p class=\"edgtf-il-text\" style=\"font-size: 14px\">Ercolano fu fondata dai Greci intorno al 600 a.C. Era un importante centro commerciale grazie alla sua posizione strategica vicino al Golfo di Napoli.<\/p>\n<\/div><div class=\"edgtf-icon-list-holder \" >\n\t<div class=\"edgtf-il-icon-holder\">\n\t\t<i class=\"edgtf-icon-font-awesome fa fa-angle-right \" style=\"color: #fc475f;font-size: 12px\"><\/i>\t<\/div>\n\t<p class=\"edgtf-il-text\" style=\"font-size: 14px\">Il 24 agosto del 79 d.C., una massiccia eruzione vulcanica distrusse la citt\u00e0 di Pompei e, successivamente, anche Ercolano fu distrutta dall&#039;esondazione di ceneri e gas.<\/p>\n<\/div><div class=\"edgtf-icon-list-holder \" >\n\t<div class=\"edgtf-il-icon-holder\">\n\t\t<i class=\"edgtf-icon-font-awesome fa fa-angle-right \" style=\"color: #fc475f;font-size: 12px\"><\/i>\t<\/div>\n\t<p class=\"edgtf-il-text\" style=\"font-size: 14px\">Il Vesuvio \u00e8 l&#039;unico vulcano attivo dell&#039;Europa continentale, anche se attualmente \u00e8 inattivo.<\/p>\n<\/div><div class=\"edgtf-icon-list-holder \" >\n\t<div class=\"edgtf-il-icon-holder\">\n\t\t<i class=\"edgtf-icon-font-awesome fa fa-angle-right \" style=\"color: #fc475f;font-size: 12px\"><\/i>\t<\/div>\n\t<p class=\"edgtf-il-text\" style=\"font-size: 14px\">Nel 1748, un gruppo di esploratori riscopr\u00ec Pompei! La citt\u00e0 era ancora in gran parte intatta sotto la cenere.<\/p>\n<\/div><div class=\"edgtf-icon-list-holder \" >\n\t<div class=\"edgtf-il-icon-holder\">\n\t\t<i class=\"edgtf-icon-font-awesome fa fa-angle-right \" style=\"color: #fc475f;font-size: 12px\"><\/i>\t<\/div>\n\t<p class=\"edgtf-il-text\" style=\"font-size: 14px\">Tutti gli edifici, i manufatti e gli scheletri rimasti nella citt\u00e0 sepolta di Pompei ci hanno insegnato molto sulla vita quotidiana nell&#039;antichit\u00e0.<\/p>\n<\/div>\t\t<\/div>\n\t<\/div>\n<\/div><div class=\"edgtf-eh-item  edgtf-vertical-alignment-top  \"  data-item-class=\"edgtf-eh-custom-3462\" data-1367-1600=\"0 0 0 43px\" data-1025-1366=\"0 0 0 43px\" data-769-1024=\"0 120px 0 0\" data-681-768=\"0 50px 0 0\" data-680=\"0 0 0 0\">\n\t<div class=\"edgtf-eh-item-inner\">\n\t\t<div class=\"edgtf-eh-item-content edgtf-eh-custom-3462\" style=\"padding: 0 0 0 43px\">\n\t\t\t<div class=\"edgtf-image-with-text-holder    edgtf-image-behavior-custom-link\">\n    <div class=\"edgtf-iwt-image\">\n                                    <img loading=\"lazy\" decoding=\"async\" src=\"https:\/\/chauffeurpositano.com\/wp-content\/uploads\/2019\/06\/vesuvio-icon-112x56.png\" alt=\"\" width=\"112\" height=\"56\" \/>                                <\/a>\n            <\/div>\n    <div class=\"edgtf-iwt-text-holder\">\n                    <h4 class=\"edgtf-iwt-title\" style=\"margin-top: 17px\">Vesuvio<\/h4>\n        \t\t            <p class=\"edgtf-iwt-text\" style=\"margin-top: 16px\">Nel nostro tour di un giorno a Ercolano \u00e8 inclusa la visita al Vesuvio, quindi ecco alcuni fatti che sono piuttosto notevoli:<\/p>\n            <\/div>\n<\/div>[vc_empty_space height=&#8221;20px&#8221;]<div class=\"edgtf-icon-list-holder \" >\n\t<div class=\"edgtf-il-icon-holder\">\n\t\t<i class=\"edgtf-icon-font-awesome fa fa-angle-right \" style=\"color: #fc475f;font-size: 12px\"><\/i>\t<\/div>\n\t<p class=\"edgtf-il-text\" style=\"font-size: 14px\">Dal 1995 il Vesuvio \u00e8 un parco nazionale. \u00c8 molto vicino al capoluogo partenopeo.<\/p>\n<\/div><div class=\"edgtf-icon-list-holder \" >\n\t<div class=\"edgtf-il-icon-holder\">\n\t\t<i class=\"edgtf-icon-font-awesome fa fa-angle-right \" style=\"color: #fc475f;font-size: 12px\"><\/i>\t<\/div>\n\t<p class=\"edgtf-il-text\" style=\"font-size: 14px\">\u00c8 considerato il vulcano pi\u00f9 pericoloso di tutta l&#039;Europa. Le eruzioni di questa temuta montagna tendono a essere esplosive piuttosto che dolci.<\/p>\n<\/div><div class=\"edgtf-icon-list-holder \" >\n\t<div class=\"edgtf-il-icon-holder\">\n\t\t<i class=\"edgtf-icon-font-awesome fa fa-angle-right \" style=\"color: #fc475f;font-size: 12px\"><\/i>\t<\/div>\n\t<p class=\"edgtf-il-text\" style=\"font-size: 14px\">Il Vesuvio ebbe una famosa eruzione nel 79 d.C. che seppell\u00ec completamente la citt\u00e0 di Pompei. La miscela di gas caldi e cenere sommerse la citt\u00e0 di Ercolano, che era gi\u00e0 stata evacuata. Circa 2000 persone furono uccise e le due citt\u00e0 furono spazzate via. Dopo centinaia di anni, gli esploratori riscoprirono il sito di Pompei e dissotterrarono tutto per mostrare il modo in cui le persone vivevano nel mondo antico.<\/p>\n<\/div>\t\t<\/div>\n\t<\/div>\n<\/div><div class=\"edgtf-eh-item  edgtf-vertical-alignment-top  \"  data-item-class=\"edgtf-eh-custom-2059\" data-1367-1600=\"0 0 0 43px\" data-1025-1366=\"0 0 0 43px\" data-769-1024=\"0 120px 0 0\" data-681-768=\"0 50px 0 0\" data-680=\"0 0 0 0\">\n\t<div class=\"edgtf-eh-item-inner\">\n\t\t<div class=\"edgtf-eh-item-content edgtf-eh-custom-2059\" style=\"padding: 0 0 0 43px\">\n\t\t\t<div class=\"edgtf-image-with-text-holder    edgtf-image-behavior-custom-link\">\n    <div class=\"edgtf-iwt-image\">\n                                    <img loading=\"lazy\" decoding=\"async\" src=\"https:\/\/chauffeurpositano.com\/wp-content\/uploads\/2019\/06\/trekking-112x56.png\" alt=\"\" width=\"112\" height=\"56\" \/>                                <\/a>\n            <\/div>\n    <div class=\"edgtf-iwt-text-holder\">\n                    <h4 class=\"edgtf-iwt-title\" style=\"margin-top: 17px\">Attivit\u00e0<\/h4>\n        \t\t            <p class=\"edgtf-iwt-text\" style=\"margin-top: 16px\">Durante questo tour di Ercolano, Vesuvio e Pompei, le attivit\u00e0 principali sono le passeggiate e le escursioni. Si consiglia vivamente di indossare scarpe chiuse e comode perch\u00e9 il sentiero che porta al Vesuvio pu\u00f2 essere sassoso. Entrambi i tour a piedi di Pompei ed Ercolano durano circa due ore, con un&#039;escursione al Vesuvio nel mezzo.<\/p>\n            <\/div>\n<\/div>[vc_empty_space height=&#8221;63px&#8221;]\t\t<\/div>\n\t<\/div>\n<\/div><\/div>[\/vc_column][\/vc_row][vc_row content_placement=&#8221;middle&#8221; row_content_width=&#8221;grid&#8221; disable_background_image=&#8221;&#8221; content_text_aligment=&#8221;center&#8221; css=&#8221;.vc_custom_1659371699984{padding-top: 85px !important;padding-bottom: 100px !important;}&#8221; simple_background_image=&#8221;6393&#8243; background_image_position=&#8221;center center&#8221;][vc_column]<div class=\"edgtf-elements-holder   edgtf-one-column  edgtf-responsive-mode-768 edgtf-one-column-alignment-left\" ><div class=\"edgtf-eh-item    \"  data-item-class=\"edgtf-eh-custom-6130\">\n\t<div class=\"edgtf-eh-item-inner\">\n\t\t<div class=\"edgtf-eh-item-content edgtf-eh-custom-6130\" >\n\t\t\t[vc_row_inner][vc_column_inner]<div class=\"edgtf-section-title-holder   edgtf-st-position-center\" >\n\t<div class=\"edgtf-st-inner\">\n\t\t\t\t\t<span class=\"edgtf-st-subtitle\" style=\"color: #ffffff\">\n\t\t\t\tprenota il tuo tour ad\t\t\t<\/span>\n\t\t\t\t\t\t\t<h2 class=\"edgtf-st-title\" style=\"color: #ffffff\">\n\t\t\t\tErcolano, Vesuvio e Pompei\t\t\t<\/h2>\n\t\t\t\t\t<\/div>\n<\/div>[\/vc_column_inner][\/vc_row_inner][vc_empty_space height=&#8221;45&#8243;]<a itemprop=\"url\" href=\"https:\/\/chauffeurpositano.com\/it\/richiesta-di-preventivo\/\" target=\"_blank\" style=\"background-color: #0095da;border-color: #0095da\" class=\"edgtf-btn edgtf-btn-medium edgtf-btn-solid edgtf-btn-custom-hover-bg edgtf-btn-custom-border-hover\" data-hover-bg-color=\"#fb586d\" data-hover-border-color=\"#fb586d\" >\n\t\t<span class=\"edgtf-btn-text\">RICHIEDI PREVENTIVO<\/span>\n<\/a>\t\t<\/div>\n\t<\/div>\n<\/div><\/div>[\/vc_column][\/vc_row]<\/p>\n<\/div>","protected":false},"excerpt":{"rendered":"<p>[vc_row row_content_width=&#8221;grid&#8221; content_text_aligment=&#8221;left&#8221; css=&#8221;.vc_custom_1534237525548{padding-top: 100px !important;padding-bottom: 85px !important;}&#8221;][vc_column][\/vc_column][\/vc_row][vc_row content_placement=&#8221;middle&#8221; css=&#8221;.vc_custom_1659371562218{padding-top: 50px !important;padding-bottom: 30px !important;background-color: #fafafa !important;}&#8221;][vc_column offset=&#8221;vc_col-lg-offset-1 vc_col-lg-10 vc_col-md-12&#8243;][\/vc_column][\/vc_row][vc_row content_placement=&#8221;middle&#8221; row_content_width=&#8221;grid&#8221; content_text_aligment=&#8221;left&#8221; css=&#8221;.vc_custom_1561711774622{padding-top: 50px !important;padding-bottom: 31px !important;}&#8221; simple_background_color=&#8221;#fafafa&#8221;][vc_column][\/vc_column][\/vc_row][vc_row content_placement=&#8221;middle&#8221; row_content_width=&#8221;grid&#8221; disable_background_image=&#8221;&#8221; content_text_aligment=&#8221;center&#8221; css=&#8221;.vc_custom_1659371699984{padding-top: 85px !important;padding-bottom: 100px !important;}&#8221; simple_background_image=&#8221;6393&#8243; background_image_position=&#8221;center center&#8221;][vc_column][\/vc_column][\/vc_row]<\/p>\n","protected":false},"author":5,"featured_media":0,"parent":0,"menu_order":0,"comment_status":"closed","ping_status":"closed","template":"full-width.php","meta":{"footnotes":""},"class_list":["post-6626","page","type-page","status-publish","hentry"],"_links":{"self":[{"href":"https:\/\/chauffeurpositano.com\/it\/wp-json\/wp\/v2\/pages\/6626","targetHints":{"allow":["GET"]}}],"collection":[{"href":"https:\/\/chauffeurpositano.com\/it\/wp-json\/wp\/v2\/pages"}],"about":[{"href":"https:\/\/chauffeurpositano.com\/it\/wp-json\/wp\/v2\/types\/page"}],"author":[{"embeddable":true,"href":"https:\/\/chauffeurpositano.com\/it\/wp-json\/wp\/v2\/users\/5"}],"replies":[{"embeddable":true,"href":"https:\/\/chauffeurpositano.com\/it\/wp-json\/wp\/v2\/comments?post=6626"}],"version-history":[{"count":0,"href":"https:\/\/chauffeurpositano.com\/it\/wp-json\/wp\/v2\/pages\/6626\/revisions"}],"wp:attachment":[{"href":"https:\/\/chauffeurpositano.com\/it\/wp-json\/wp\/v2\/media?parent=6626"}],"curies":[{"name":"wp","href":"https:\/\/api.w.org\/{rel}","templated":true}]}}