{"id":6623,"date":"2019-06-27T11:10:39","date_gmt":"2019-06-27T09:10:39","guid":{"rendered":"https:\/\/www.chauffeurpositano.com\/tour-di-paestum-e-dei-bufali\/"},"modified":"2022-08-02T11:29:06","modified_gmt":"2022-08-02T09:29:06","slug":"tour-di-paestum-e-dei-bufali","status":"publish","type":"page","link":"https:\/\/chauffeurpositano.com\/it\/tour-di-paestum-e-dei-bufali\/","title":{"rendered":"Tour di Paestum &#038; dei bufali"},"content":{"rendered":"<div class=\"wpb-content-wrapper\"><p>[vc_row row_content_width=&#8221;grid&#8221; content_text_aligment=&#8221;left&#8221; css=&#8221;.vc_custom_1534237525548{padding-top: 100px !important;padding-bottom: 85px !important;}&#8221;][vc_column]<div class=\"edgtf-elements-holder   edgtf-two-columns  edgtf-responsive-mode-1024 edgtf-one-column-alignment-left\" ><div class=\"edgtf-eh-item  edgtf-vertical-alignment-top edgtf-horizontal-alignment-center \"  data-item-class=\"edgtf-eh-custom-9978\">\n\t<div class=\"edgtf-eh-item-inner\">\n\t\t<div class=\"edgtf-eh-item-content edgtf-eh-custom-9978\" style=\"padding: 0 0 0 0\">\n\t\t\t<div class=\"edgtf-single-image-holder   \">\n    <div class=\"edgtf-si-inner\" >\n                                    <img loading=\"lazy\" decoding=\"async\" src=\"https:\/\/chauffeurpositano.com\/wp-content\/uploads\/2022\/08\/tour-di-paestum-e-dei-bufali-800x510.jpg\" alt=\"The Chauffeur of Positano: Tour di Paestum &amp; dei bufali\" width=\"800\" height=\"510\" \/>                        <\/div>\n<\/div>[vc_empty_space height=&#8221;10px&#8221;]\t\t<\/div>\n\t<\/div>\n<\/div><div class=\"edgtf-eh-item  edgtf-vertical-alignment-top  \"  data-item-class=\"edgtf-eh-custom-5265\" data-1367-1600=\"0 0 35px 50px\" data-1025-1366=\"0 0 36px 50px\" data-769-1024=\"0 130px 0 0\" data-681-768=\"0 60px 0 0\" data-680=\"0 0 0 0\">\n\t<div class=\"edgtf-eh-item-inner\">\n\t\t<div class=\"edgtf-eh-item-content edgtf-eh-custom-5265\" style=\"padding: 0 0 35px 50px\">\n\t\t\t[vc_column_text]<\/p>\n<h3>Un tour a Paestum; la terra della storia e delle bufale!<\/h3>\n<h3><\/h3>\n<p>[\/vc_column_text][vc_empty_space height=&#8221;10px&#8221;][vc_column_text]Scoprite le splendide rovine di un&#8217;antica citt\u00e0 greca e imparate la storia che vi sta dietro. Durante la visita a Paestum, avrete la possibilit\u00e0 di esplorare templi e rovine millenarie. Ma questo tour non \u00e8 solo storia: avrete anche la possibilit\u00e0 di assaggiare alcuni dei cibi pi\u00f9 popolari in Campania. \u00c8 la combinazione perfetta di cibo per la mente e cibo per le papille gustative.[\/vc_column_text][vc_empty_space height=&#8221;33px&#8221;]\t\t<\/div>\n\t<\/div>\n<\/div><\/div>[\/vc_column][\/vc_row][vc_row css=&#8221;.vc_custom_1561544543604{padding-top: 50px !important;background-color: #fafafa !important;}&#8221;][vc_column]<div class=\"edgtf-section-title-holder   edgtf-st-position-center\" >\n\t<div class=\"edgtf-st-inner\">\n\t\t\t\t\t<span class=\"edgtf-st-subtitle\" >\n\t\t\t\tCosa aspettarsi durante il vostro\t\t\t<\/span>\n\t\t\t\t\t\t\t<h2 class=\"edgtf-st-title\" >\n\t\t\t\tTour di Paestum e delle bufale\t\t\t<\/h2>\n\t\t\t\t\t<\/div>\n<\/div>[\/vc_column][\/vc_row][vc_row content_placement=&#8221;middle&#8221; row_content_width=&#8221;grid&#8221; content_text_aligment=&#8221;left&#8221; css=&#8221;.vc_custom_1534240573757{padding-top: 100px !important;padding-bottom: 31px !important;}&#8221; simple_background_color=&#8221;#fafafa&#8221;][vc_column]<div class=\"edgtf-elements-holder   edgtf-three-columns  edgtf-responsive-mode-1024 \" ><div class=\"edgtf-eh-item  edgtf-vertical-alignment-top  \"  data-item-class=\"edgtf-eh-custom-6330\" data-1367-1600=\"0 43px 0 0\" data-1025-1366=\"0 43px 0 0\" data-769-1024=\"0 120px 0 0\" data-681-768=\"0 50px 0 0\" data-680=\"0 0 0 0\">\n\t<div class=\"edgtf-eh-item-inner\">\n\t\t<div class=\"edgtf-eh-item-content edgtf-eh-custom-6330\" style=\"padding: 0 43px 0 0\">\n\t\t\t<div class=\"edgtf-image-with-text-holder    edgtf-image-behavior-custom-link\">\n    <div class=\"edgtf-iwt-image\">\n                                    <img loading=\"lazy\" decoding=\"async\" src=\"https:\/\/chauffeurpositano.com\/wp-content\/uploads\/2022\/08\/archeologia-106x56.png\" alt=\"The Chauffeur of Positano: archeologia\" width=\"106\" height=\"56\" \/>                                <\/a>\n            <\/div>\n    <div class=\"edgtf-iwt-text-holder\">\n                    <h4 class=\"edgtf-iwt-title\" style=\"margin-top: 17px\">Archeologico<\/h4>\n        \t\t    <\/div>\n<\/div>[vc_empty_space height=&#8221;20px&#8221;]<div class=\"edgtf-icon-list-holder \" >\n\t<div class=\"edgtf-il-icon-holder\">\n\t\t<i class=\"edgtf-icon-font-awesome fa fa-angle-right \" style=\"color: #da1d47;font-size: 12px\"><\/i>\t<\/div>\n\t<p class=\"edgtf-il-text\" >Questo antico patrimonio dell&#039;UNESCO \u00e8 in realt\u00e0 la porta del Parco Nazionale del Cilento.<\/p>\n<\/div><div class=\"edgtf-icon-list-holder \" >\n\t<div class=\"edgtf-il-icon-holder\">\n\t\t<i class=\"edgtf-icon-font-awesome fa fa-angle-right \" style=\"color: #da1d47;font-size: 12px\"><\/i>\t<\/div>\n\t<p class=\"edgtf-il-text\" >I greci provenienti da Sibari fondarono la citt\u00e0 nel 600 a.C.<\/p>\n<\/div><div class=\"edgtf-icon-list-holder \" >\n\t<div class=\"edgtf-il-icon-holder\">\n\t\t<i class=\"edgtf-icon-font-awesome fa fa-angle-right \" style=\"color: #da1d47;font-size: 12px\"><\/i>\t<\/div>\n\t<p class=\"edgtf-il-text\" >Paestum \u00e8 nota per le sue rose che crescono spontanee e offrono uno scenario incantevole.<\/p>\n<\/div><div class=\"edgtf-icon-list-holder \" >\n\t<div class=\"edgtf-il-icon-holder\">\n\t\t<i class=\"edgtf-icon-font-awesome fa fa-angle-right \" style=\"color: #da1d47;font-size: 12px\"><\/i>\t<\/div>\n\t<p class=\"edgtf-il-text\" >Durante il IX secolo, Paestum fu abbandonata a causa della malaria diffusa. Gli archeologi ritengono che questo evento abbia portato alle strutture antiche ben conservate che si trovano oggi in citt\u00e0.<\/p>\n<\/div><div class=\"edgtf-icon-list-holder \" >\n\t<div class=\"edgtf-il-icon-holder\">\n\t\t<i class=\"edgtf-icon-font-awesome fa fa-angle-right \" style=\"color: #da1d47;font-size: 12px\"><\/i>\t<\/div>\n\t<p class=\"edgtf-il-text\" >All&#039;interno di Paestum si trova una bellissima citt\u00e0 chiamata Magna Grecia che dovete assolutamente visitare e scoprire.<\/p>\n<\/div>\t\t<\/div>\n\t<\/div>\n<\/div><div class=\"edgtf-eh-item  edgtf-vertical-alignment-top  \"  data-item-class=\"edgtf-eh-custom-4429\" data-1367-1600=\"0 43px 0 0\" data-1025-1366=\"0 43px 0 0\" data-769-1024=\"0 120px 0 0\" data-681-768=\"0 50px 0 0\" data-680=\"0 0 0 0\">\n\t<div class=\"edgtf-eh-item-inner\">\n\t\t<div class=\"edgtf-eh-item-content edgtf-eh-custom-4429\" style=\"padding: 0 43px 0 0\">\n\t\t\t<div class=\"edgtf-image-with-text-holder    edgtf-image-behavior-custom-link\">\n    <div class=\"edgtf-iwt-image\">\n                                    <img loading=\"lazy\" decoding=\"async\" src=\"https:\/\/chauffeurpositano.com\/wp-content\/uploads\/2019\/06\/icon_bufale-106x56.png\" alt=\"\" width=\"106\" height=\"56\" \/>                                <\/a>\n            <\/div>\n    <div class=\"edgtf-iwt-text-holder\">\n                    <h4 class=\"edgtf-iwt-title\" style=\"margin-top: 17px\">Bufalo<\/h4>\n        \t\t    <\/div>\n<\/div>[vc_empty_space height=&#8221;20px&#8221;]<div class=\"edgtf-icon-list-holder \" >\n\t<div class=\"edgtf-il-icon-holder\">\n\t\t<i class=\"edgtf-icon-font-awesome fa fa-angle-right \" style=\"color: #da1d47;font-size: 12px\"><\/i>\t<\/div>\n\t<p class=\"edgtf-il-text\" >L&#039;Italia produce oltre 37.000 tonnellate di mozzarella di bufala all&#039;anno.<\/p>\n<\/div><div class=\"edgtf-icon-list-holder \" >\n\t<div class=\"edgtf-il-icon-holder\">\n\t\t<i class=\"edgtf-icon-font-awesome fa fa-angle-right \" style=\"color: #da1d47;font-size: 12px\"><\/i>\t<\/div>\n\t<p class=\"edgtf-il-text\" >Il latte di bufala contiene il 7% di grassi, mentre il latte vaccino ne contiene il 3%, rendendo i prodotti a base di latte di bufala particolarmente ricchi e cremosi.<\/p>\n<\/div><div class=\"edgtf-icon-list-holder \" >\n\t<div class=\"edgtf-il-icon-holder\">\n\t\t<i class=\"edgtf-icon-font-awesome fa fa-angle-right \" style=\"color: #da1d47;font-size: 12px\"><\/i>\t<\/div>\n\t<p class=\"edgtf-il-text\" >La mozzarella di bufala \u00e8 prodotta con il latte della bufala mediterranea.<\/p>\n<\/div><div class=\"edgtf-icon-list-holder \" >\n\t<div class=\"edgtf-il-icon-holder\">\n\t\t<i class=\"edgtf-icon-font-awesome fa fa-angle-right \" style=\"color: #da1d47;font-size: 12px\"><\/i>\t<\/div>\n\t<p class=\"edgtf-il-text\" >\u00c8 un prodotto tradizionalmente prodotto in Campania, soprattutto nelle province di Caserta e Salerno.<\/p>\n<\/div><div class=\"edgtf-icon-list-holder \" >\n\t<div class=\"edgtf-il-icon-holder\">\n\t\t<i class=\"edgtf-icon-font-awesome fa fa-angle-right \" style=\"color: #da1d47;font-size: 12px\"><\/i>\t<\/div>\n\t<p class=\"edgtf-il-text\" >Le province di Salerno e Caserta contengono oltre l&#039;80% degli allevamenti bufalini nazionali.<\/p>\n<\/div>\t\t<\/div>\n\t<\/div>\n<\/div><\/div>[\/vc_column][\/vc_row][vc_row content_placement=&#8221;middle&#8221; row_content_width=&#8221;grid&#8221; content_text_aligment=&#8221;left&#8221; css=&#8221;.vc_custom_1561629137037{padding-top: 10px !important;padding-bottom: 31px !important;}&#8221; simple_background_color=&#8221;#fafafa&#8221;][vc_column]<div class=\"edgtf-elements-holder   edgtf-three-columns  edgtf-responsive-mode-1024 \" ><div class=\"edgtf-eh-item  edgtf-vertical-alignment-top  \"  data-item-class=\"edgtf-eh-custom-1472\" data-1367-1600=\"0 43px 0 0\" data-1025-1366=\"0 43px 0 0\" data-769-1024=\"0 120px 0 0\" data-681-768=\"0 50px 0 0\" data-680=\"0 0 0 0\">\n\t<div class=\"edgtf-eh-item-inner\">\n\t\t<div class=\"edgtf-eh-item-content edgtf-eh-custom-1472\" style=\"padding: 0 43px 0 0\">\n\t\t\t<div class=\"edgtf-image-with-text-holder    edgtf-image-behavior-custom-link\">\n    <div class=\"edgtf-iwt-image\">\n                                    <img loading=\"lazy\" decoding=\"async\" src=\"https:\/\/chauffeurpositano.com\/wp-content\/uploads\/2018\/09\/p1-custom-icon-img-2-112x56.png\" alt=\"a\" width=\"112\" height=\"56\" \/>                                <\/a>\n            <\/div>\n    <div class=\"edgtf-iwt-text-holder\">\n        \t\t            <p class=\"edgtf-iwt-text\" style=\"margin-top: 16px\">Dopo questa splendida giornata trascorsa a conoscere la storia, a visitare l&#039;allevamento di bufali e a provare generose porzioni di mozzarella di bufala, il vostro autista vi riporter\u00e0 al vostro alloggio. Durante il viaggio di ritorno, della durata di due ore, potrete godervi il paesaggio e chiacchierare dell&#039;emozionante giornata piena di ricordi che porterete con voi.<\/p>\n            <\/div>\n<\/div>[vc_empty_space height=&#8221;63px&#8221;]\t\t<\/div>\n\t<\/div>\n<\/div><\/div>[\/vc_column][\/vc_row][vc_row content_placement=&#8221;middle&#8221; row_content_width=&#8221;grid&#8221; disable_background_image=&#8221;&#8221; content_text_aligment=&#8221;center&#8221; css=&#8221;.vc_custom_1659432307848{padding-top: 85px !important;padding-bottom: 100px !important;}&#8221; simple_background_image=&#8221;6408&#8243; background_image_position=&#8221;center center&#8221;][vc_column]<div class=\"edgtf-elements-holder   edgtf-one-column  edgtf-responsive-mode-768 \" ><div class=\"edgtf-eh-item    \"  data-item-class=\"edgtf-eh-custom-2799\">\n\t<div class=\"edgtf-eh-item-inner\">\n\t\t<div class=\"edgtf-eh-item-content edgtf-eh-custom-2799\" >\n\t\t\t[vc_row_inner][vc_column_inner]<div class=\"edgtf-section-title-holder   edgtf-st-position-center\" >\n\t<div class=\"edgtf-st-inner\">\n\t\t\t\t\t<span class=\"edgtf-st-subtitle\" style=\"color: #ffffff\">\n\t\t\t\tContattateci\t\t\t<\/span>\n\t\t\t\t\t\t\t<h2 class=\"edgtf-st-title\" style=\"color: #ffffff\">\n\t\t\t\tper prenotare il tour di Paestum e dei Bufali\t\t\t<\/h2>\n\t\t\t\t\t<\/div>\n<\/div>[\/vc_column_inner][\/vc_row_inner][vc_empty_space height=&#8221;45&#8243;]<a itemprop=\"url\" href=\"https:\/\/chauffeurpositano.com\/it\/richiesta-di-preventivo\/\" target=\"_blank\" style=\"background-color: #0095da;border-color: #0095da\" class=\"edgtf-btn edgtf-btn-medium edgtf-btn-solid edgtf-btn-custom-hover-bg edgtf-btn-custom-border-hover\" data-hover-bg-color=\"#fb586d\" data-hover-border-color=\"#fb586d\" >\n\t\t<span class=\"edgtf-btn-text\">RICHIEDI PREVENTIVO<\/span>\n<\/a>\t\t<\/div>\n\t<\/div>\n<\/div><\/div>[\/vc_column][\/vc_row]<\/p>\n<\/div>","protected":false},"excerpt":{"rendered":"<p>[vc_row row_content_width=&#8221;grid&#8221; content_text_aligment=&#8221;left&#8221; css=&#8221;.vc_custom_1534237525548{padding-top: 100px !important;padding-bottom: 85px !important;}&#8221;][vc_column][\/vc_column][\/vc_row][vc_row css=&#8221;.vc_custom_1561544543604{padding-top: 50px !important;background-color: #fafafa !important;}&#8221;][vc_column][\/vc_column][\/vc_row][vc_row content_placement=&#8221;middle&#8221; row_content_width=&#8221;grid&#8221; content_text_aligment=&#8221;left&#8221; css=&#8221;.vc_custom_1534240573757{padding-top: 100px !important;padding-bottom: 31px !important;}&#8221; simple_background_color=&#8221;#fafafa&#8221;][vc_column][\/vc_column][\/vc_row][vc_row content_placement=&#8221;middle&#8221; row_content_width=&#8221;grid&#8221; content_text_aligment=&#8221;left&#8221; css=&#8221;.vc_custom_1561629137037{padding-top: 10px !important;padding-bottom: 31px !important;}&#8221; simple_background_color=&#8221;#fafafa&#8221;][vc_column][\/vc_column][\/vc_row][vc_row content_placement=&#8221;middle&#8221; row_content_width=&#8221;grid&#8221; disable_background_image=&#8221;&#8221; content_text_aligment=&#8221;center&#8221; css=&#8221;.vc_custom_1659432307848{padding-top: 85px !important;padding-bottom: 100px !important;}&#8221; simple_background_image=&#8221;6408&#8243; background_image_position=&#8221;center center&#8221;][vc_column][\/vc_column][\/vc_row]<\/p>\n","protected":false},"author":5,"featured_media":0,"parent":0,"menu_order":0,"comment_status":"closed","ping_status":"closed","template":"full-width.php","meta":{"footnotes":""},"class_list":["post-6623","page","type-page","status-publish","hentry"],"_links":{"self":[{"href":"https:\/\/chauffeurpositano.com\/it\/wp-json\/wp\/v2\/pages\/6623","targetHints":{"allow":["GET"]}}],"collection":[{"href":"https:\/\/chauffeurpositano.com\/it\/wp-json\/wp\/v2\/pages"}],"about":[{"href":"https:\/\/chauffeurpositano.com\/it\/wp-json\/wp\/v2\/types\/page"}],"author":[{"embeddable":true,"href":"https:\/\/chauffeurpositano.com\/it\/wp-json\/wp\/v2\/users\/5"}],"replies":[{"embeddable":true,"href":"https:\/\/chauffeurpositano.com\/it\/wp-json\/wp\/v2\/comments?post=6623"}],"version-history":[{"count":0,"href":"https:\/\/chauffeurpositano.com\/it\/wp-json\/wp\/v2\/pages\/6623\/revisions"}],"wp:attachment":[{"href":"https:\/\/chauffeurpositano.com\/it\/wp-json\/wp\/v2\/media?parent=6623"}],"curies":[{"name":"wp","href":"https:\/\/api.w.org\/{rel}","templated":true}]}}