{"id":6621,"date":"2019-06-26T10:44:42","date_gmt":"2019-06-26T08:44:42","guid":{"rendered":"https:\/\/www.chauffeurpositano.com\/positano-sorrento-pompei\/"},"modified":"2022-08-02T11:52:13","modified_gmt":"2022-08-02T09:52:13","slug":"positano-sorrento-pompei","status":"publish","type":"page","link":"https:\/\/chauffeurpositano.com\/it\/positano-sorrento-pompei\/","title":{"rendered":"Positano-Sorrento-Pompei"},"content":{"rendered":"<div class=\"wpb-content-wrapper\"><p>[vc_row row_content_width=&#8221;grid&#8221; content_text_aligment=&#8221;left&#8221; css=&#8221;.vc_custom_1534237525548{padding-top: 100px !important;padding-bottom: 85px !important;}&#8221;][vc_column]<div class=\"edgtf-elements-holder   edgtf-two-columns  edgtf-responsive-mode-1024 edgtf-one-column-alignment-left\" ><div class=\"edgtf-eh-item  edgtf-vertical-alignment-top edgtf-horizontal-alignment-center \"  data-item-class=\"edgtf-eh-custom-6680\">\n\t<div class=\"edgtf-eh-item-inner\">\n\t\t<div class=\"edgtf-eh-item-content edgtf-eh-custom-6680\" style=\"padding: 0 0 0 0\">\n\t\t\t[vc_single_image image=&#8221;6397&#8243; img_size=&#8221;800&#215;510&#8243; css=&#8221;.vc_custom_1561711226435{padding-top: 40px !important;}&#8221;][vc_empty_space height=&#8221;10px&#8221;]\t\t<\/div>\n\t<\/div>\n<\/div><div class=\"edgtf-eh-item  edgtf-vertical-alignment-top  \"  data-item-class=\"edgtf-eh-custom-7225\" data-1367-1600=\"0 0 35px 50px\" data-1025-1366=\"0 0 36px 50px\" data-769-1024=\"0 130px 0 0\" data-681-768=\"0 60px 0 0\" data-680=\"0 0 0 0\">\n\t<div class=\"edgtf-eh-item-inner\">\n\t\t<div class=\"edgtf-eh-item-content edgtf-eh-custom-7225\" style=\"padding: 0 0 35px 50px\">\n\t\t\t[vc_column_text]<\/p>\n<h3>Il miglior tour di Positano, Sorrento e Pompei<\/h3>\n<p>[\/vc_column_text][vc_empty_space height=&#8221;10px&#8221;][vc_column_text]Questo <strong>tour di un giorno a Pompei, Sorrento e Positano <\/strong>inizia con un prelievo programmato da parte del nostro autista. Godetevi il vostro viaggio in auto con un professionista locale, dove potrete rilassarvi e ammirare la vista mozzafiato della scogliera. Percorreremo i piedi del Vesuvio, il famoso vulcano situato nel golfo di Napoli.[\/vc_column_text][vc_empty_space height=&#8221;33px&#8221;]<div class=\"edgtf-icon-list-holder \" >\n\t<div class=\"edgtf-il-icon-holder\">\n\t\t<i class=\"edgtf-icon-font-awesome fa fa-angle-right \" style=\"color: #fc475f;font-size: 12px\"><\/i>\t<\/div>\n\t<p class=\"edgtf-il-text\" style=\"font-size: 14px\">Il Vesuvio ebbe una famosa eruzione nell&#039;anno 79 d.C., seppellendo completamente l&#039;antica citt\u00e0 romana di Pompei sotto una spessa coltre di cenere.<\/p>\n<\/div><div class=\"edgtf-icon-list-holder \" >\n\t<div class=\"edgtf-il-icon-holder\">\n\t\t<i class=\"edgtf-icon-font-awesome fa fa-angle-right \" style=\"color: #fc475f;font-size: 12px\"><\/i>\t<\/div>\n\t<p class=\"edgtf-il-text\" style=\"font-size: 14px\">Circa 2000 persone persero la vita durante questa eruzione e Pompei fu completamente abbandonata per centinaia di anni.<\/p>\n<\/div><div class=\"edgtf-icon-list-holder \" >\n\t<div class=\"edgtf-il-icon-holder\">\n\t\t<i class=\"edgtf-icon-font-awesome fa fa-angle-right \" style=\"color: #fc475f;font-size: 12px\"><\/i>\t<\/div>\n\t<p class=\"edgtf-il-text\" style=\"font-size: 14px\">Nel 1748 un gruppo di esploratori riscopr\u00ec Pompei! La citt\u00e0 era ancora per lo pi\u00f9 intatta sotto tutta la cenere.<\/p>\n<\/div><div class=\"edgtf-icon-list-holder \" >\n\t<div class=\"edgtf-il-icon-holder\">\n\t\t<i class=\"edgtf-icon-font-awesome fa fa-angle-right \" style=\"color: #fc475f;font-size: 12px\"><\/i>\t<\/div>\n\t<p class=\"edgtf-il-text\" style=\"font-size: 14px\">Tutti gli edifici, i manufatti e gli scheletri rimasti nella citt\u00e0 sepolta ci hanno insegnato molto sulla vita quotidiana nel mondo antico. Pompei era una fiorente localit\u00e0 turistica per i cittadini pi\u00f9 illustri di Roma. Le strade di Pompei erano fiancheggiate da case eleganti, ville elaborate, fabbriche, negozi, taverne, bordelli, caff\u00e8 e altro ancora!<\/p>\n<\/div>\t\t<\/div>\n\t<\/div>\n<\/div><\/div>[\/vc_column][\/vc_row][vc_row css=&#8221;.vc_custom_1561544543604{padding-top: 50px !important;background-color: #fafafa !important;}&#8221;][vc_column]<div class=\"edgtf-section-title-holder   edgtf-st-position-center\" >\n\t<div class=\"edgtf-st-inner\">\n\t\t\t\t\t<span class=\"edgtf-st-subtitle\" >\n\t\t\t\tCosa vi aspetta durante la giornata\t\t\t<\/span>\n\t\t\t\t\t\t\t<h2 class=\"edgtf-st-title\" >\n\t\t\t\ttour di Pompei, Sorrento e Positano\t\t\t<\/h2>\n\t\t\t\t\t<\/div>\n<\/div>[\/vc_column][\/vc_row][vc_row content_placement=&#8221;middle&#8221; row_content_width=&#8221;grid&#8221; content_text_aligment=&#8221;left&#8221; css=&#8221;.vc_custom_1534240573757{padding-top: 100px !important;padding-bottom: 31px !important;}&#8221; simple_background_color=&#8221;#fafafa&#8221;][vc_column]<div class=\"edgtf-elements-holder   edgtf-three-columns  edgtf-responsive-mode-1024 \" ><div class=\"edgtf-eh-item  edgtf-vertical-alignment-top  \"  data-item-class=\"edgtf-eh-custom-1294\" data-1367-1600=\"0 43px 0 0\" data-1025-1366=\"0 43px 0 0\" data-769-1024=\"0 120px 0 0\" data-681-768=\"0 50px 0 0\" data-680=\"0 0 0 0\">\n\t<div class=\"edgtf-eh-item-inner\">\n\t\t<div class=\"edgtf-eh-item-content edgtf-eh-custom-1294\" style=\"padding: 0 43px 0 0\">\n\t\t\t<div class=\"edgtf-image-with-text-holder    edgtf-image-behavior-custom-link\">\n    <div class=\"edgtf-iwt-image\">\n                                    <img loading=\"lazy\" decoding=\"async\" src=\"https:\/\/chauffeurpositano.com\/wp-content\/uploads\/2022\/08\/archeologia-106x56.png\" alt=\"The Chauffeur of Positano: archeologia\" width=\"106\" height=\"56\" \/>                                <\/a>\n            <\/div>\n    <div class=\"edgtf-iwt-text-holder\">\n                    <h4 class=\"edgtf-iwt-title\" style=\"margin-top: 17px\">Archeologico<\/h4>\n        \t\t            <p class=\"edgtf-iwt-text\" style=\"margin-top: 16px\">Questo tour \u00e8 una splendida occasione per visitare Pompei, uno dei siti archeologici pi\u00f9 importanti del mondo. Dichiarata Patrimonio dell&#039;Umanit\u00e0 dall&#039;UNESCO, la storia di questa vasta area di circa 437.000 metri quadrati \u00e8 notevole. La visita pu\u00f2 essere effettuata con o senza guida autorizzata. Se avete bisogno di una guida, \u00e8 possibile organizzarla prima della visita con un supplemento. Si consiglia vivamente di avere una guida turistica personale per trarre il massimo dalla visita.<\/p>\n            <\/div>\n<\/div>[vc_empty_space height=&#8221;63px&#8221;]\t\t<\/div>\n\t<\/div>\n<\/div><div class=\"edgtf-eh-item  edgtf-vertical-alignment-top  \"  data-item-class=\"edgtf-eh-custom-6686\" data-1367-1600=\"0 0 0 43px\" data-1025-1366=\"0 0 0 43px\" data-769-1024=\"0 120px 0 0\" data-681-768=\"0 50px 0 0\" data-680=\"0 0 0 0\">\n\t<div class=\"edgtf-eh-item-inner\">\n\t\t<div class=\"edgtf-eh-item-content edgtf-eh-custom-6686\" style=\"padding: 0 0 0 43px\">\n\t\t\t<div class=\"edgtf-image-with-text-holder    edgtf-image-behavior-custom-link\">\n    <div class=\"edgtf-iwt-image\">\n                                    <img loading=\"lazy\" decoding=\"async\" src=\"https:\/\/chauffeurpositano.com\/wp-content\/uploads\/2022\/07\/negozi-e-food-112x56.png\" alt=\"The Chauffeur of Positano: Negozi &amp; Food\" width=\"112\" height=\"56\" \/>                                <\/a>\n            <\/div>\n    <div class=\"edgtf-iwt-text-holder\">\n                    <h4 class=\"edgtf-iwt-title\" style=\"margin-top: 17px\">Negozio e cibo<\/h4>\n        \t\t            <p class=\"edgtf-iwt-text\" style=\"margin-top: 16px\">Inizierete il vostro viaggio verso Sorrento. Durante il tragitto, i nostri autisti locali vi intratterranno con alcune storie sulle persone e sulla cultura della zona. Ci fermeremo anche lungo alcuni punti panoramici per scattare foto e poi vi accompagneremo fino alla piazza principale di Sorrento. Prendetevi tutto il tempo necessario per esplorare questa splendida localit\u00e0 turistica, originariamente costruita come una terrazza sul Mar Mediterraneo. Fate shopping nei negozi locali, godetevi una passeggiata nella parte storica della citt\u00e0, gustate un delizioso gelato o anche un bicchierino del famoso limoncello della costa.<\/p>\n            <\/div>\n<\/div>[vc_empty_space height=&#8221;63px&#8221;]\t\t<\/div>\n\t<\/div>\n<\/div><div class=\"edgtf-eh-item  edgtf-vertical-alignment-top  \"  data-item-class=\"edgtf-eh-custom-1778\" data-1367-1600=\"0 0 0 43px\" data-1025-1366=\"0 0 0 43px\" data-769-1024=\"0 120px 0 0\" data-681-768=\"0 50px 0 0\" data-680=\"0 0 0 0\">\n\t<div class=\"edgtf-eh-item-inner\">\n\t\t<div class=\"edgtf-eh-item-content edgtf-eh-custom-1778\" style=\"padding: 0 0 0 43px\">\n\t\t\t<div class=\"edgtf-image-with-text-holder    edgtf-image-behavior-custom-link\">\n    <div class=\"edgtf-iwt-image\">\n                                    <img loading=\"lazy\" decoding=\"async\" src=\"https:\/\/chauffeurpositano.com\/wp-content\/uploads\/2019\/06\/icon-panorama-112x56.png\" alt=\"\" width=\"112\" height=\"56\" \/>                                <\/a>\n            <\/div>\n    <div class=\"edgtf-iwt-text-holder\">\n                    <h4 class=\"edgtf-iwt-title\" style=\"margin-top: 17px\">Paesaggio e foto<\/h4>\n        \t\t            <p class=\"edgtf-iwt-text\" >Dopo aver lasciato Sorrento, vi porteremo a fare un giro in auto lungo le coste pi\u00f9 famose e belle del mondo, su strade collinari con panorami meravigliosi fino a raggiungere il villaggio di Positano. La posizione geografica di Positano contribuisce a renderla un luogo ricco di storia e bellezze naturali. Durante la guida attraverso queste colline, il nostro autista ovviamente si fermer\u00e0 in luoghi diversi per farvi ammirare il panorama e scattare alcune foto memorabili. Il nostro autista percorrer\u00e0 ``Viale Pasitea``, una tortuosa strada a senso unico che forma un anello intorno al centro di Positano. Parcheggerete vicino a Piazza ``Dei Mulini``, che \u00e8 l&#039;ultimo punto accessibile in auto. Da questo punto, dovrete camminare per circa un&#039;ora per godervi appieno tutte le pittoresche case e negozi. Mentre lo fate, rimarrete piacevolmente sorpresi di trovarvi molto vicino allo splendido lungomare. Positano \u00e8 conosciuta a livello internazionale per il suo abbigliamento. La cittadina \u00e8 ricca di piccole ed eleganti boutique di abbigliamento, tutte dislocate lungo entrambi i lati delle strade. Al termine di questo emozionante tour, il nostro autista vi riporter\u00e0 alla vostra residenza. Durante il viaggio di ritorno, potrete godere di alcune viste tra le pi\u00f9 panoramiche e ricordare le attivit\u00e0 e le esperienze della giornata.<\/p>\n            <\/div>\n<\/div>[vc_empty_space height=&#8221;63px&#8221;]\t\t<\/div>\n\t<\/div>\n<\/div><\/div>[\/vc_column][\/vc_row][vc_row content_placement=&#8221;middle&#8221; row_content_width=&#8221;grid&#8221; disable_background_image=&#8221;&#8221; content_text_aligment=&#8221;center&#8221; css=&#8221;.vc_custom_1564989937903{padding-top: 85px !important;padding-bottom: 100px !important;}&#8221; simple_background_image=&#8221;3632&#8243;][vc_column]<div class=\"edgtf-elements-holder   edgtf-one-column  edgtf-responsive-mode-768 \" ><div class=\"edgtf-eh-item    \"  data-item-class=\"edgtf-eh-custom-1389\">\n\t<div class=\"edgtf-eh-item-inner\">\n\t\t<div class=\"edgtf-eh-item-content edgtf-eh-custom-1389\" >\n\t\t\t[vc_row_inner][vc_column_inner]<div class=\"edgtf-section-title-holder   edgtf-st-position-center\" >\n\t<div class=\"edgtf-st-inner\">\n\t\t\t\t\t<span class=\"edgtf-st-subtitle\" style=\"color: #ffffff\">\n\t\t\t\tContattateci oggi e\t\t\t<\/span>\n\t\t\t\t\t\t\t<h2 class=\"edgtf-st-title\" style=\"color: #ffffff\">\n\t\t\t\tprenotate il vostro tour di Positano, Sorrento e Pompei\t\t\t<\/h2>\n\t\t\t\t\t<\/div>\n<\/div>[\/vc_column_inner][\/vc_row_inner][vc_empty_space height=&#8221;45&#8243;]<a itemprop=\"url\" href=\"https:\/\/chauffeurpositano.com\/it\/richiesta-di-preventivo\/\" target=\"_blank\" style=\"background-color: #0095da;border-color: #0095da\" class=\"edgtf-btn edgtf-btn-medium edgtf-btn-solid edgtf-btn-custom-hover-bg edgtf-btn-custom-border-hover\" data-hover-bg-color=\"#fb586d\" data-hover-border-color=\"#fb586d\" >\n\t\t<span class=\"edgtf-btn-text\">RICHIEDI PREVENTIVO<\/span>\n<\/a>\t\t<\/div>\n\t<\/div>\n<\/div><\/div>[\/vc_column][\/vc_row]<\/p>\n<\/div>","protected":false},"excerpt":{"rendered":"<p>[vc_row row_content_width=&#8221;grid&#8221; content_text_aligment=&#8221;left&#8221; css=&#8221;.vc_custom_1534237525548{padding-top: 100px !important;padding-bottom: 85px !important;}&#8221;][vc_column][\/vc_column][\/vc_row][vc_row css=&#8221;.vc_custom_1561544543604{padding-top: 50px !important;background-color: #fafafa !important;}&#8221;][vc_column][\/vc_column][\/vc_row][vc_row content_placement=&#8221;middle&#8221; row_content_width=&#8221;grid&#8221; content_text_aligment=&#8221;left&#8221; css=&#8221;.vc_custom_1534240573757{padding-top: 100px !important;padding-bottom: 31px !important;}&#8221; simple_background_color=&#8221;#fafafa&#8221;][vc_column][\/vc_column][\/vc_row][vc_row content_placement=&#8221;middle&#8221; row_content_width=&#8221;grid&#8221; disable_background_image=&#8221;&#8221; content_text_aligment=&#8221;center&#8221; css=&#8221;.vc_custom_1564989937903{padding-top: 85px !important;padding-bottom: 100px !important;}&#8221; simple_background_image=&#8221;3632&#8243;][vc_column][\/vc_column][\/vc_row]<\/p>\n","protected":false},"author":5,"featured_media":0,"parent":0,"menu_order":0,"comment_status":"closed","ping_status":"closed","template":"full-width.php","meta":{"footnotes":""},"class_list":["post-6621","page","type-page","status-publish","hentry"],"_links":{"self":[{"href":"https:\/\/chauffeurpositano.com\/it\/wp-json\/wp\/v2\/pages\/6621","targetHints":{"allow":["GET"]}}],"collection":[{"href":"https:\/\/chauffeurpositano.com\/it\/wp-json\/wp\/v2\/pages"}],"about":[{"href":"https:\/\/chauffeurpositano.com\/it\/wp-json\/wp\/v2\/types\/page"}],"author":[{"embeddable":true,"href":"https:\/\/chauffeurpositano.com\/it\/wp-json\/wp\/v2\/users\/5"}],"replies":[{"embeddable":true,"href":"https:\/\/chauffeurpositano.com\/it\/wp-json\/wp\/v2\/comments?post=6621"}],"version-history":[{"count":0,"href":"https:\/\/chauffeurpositano.com\/it\/wp-json\/wp\/v2\/pages\/6621\/revisions"}],"wp:attachment":[{"href":"https:\/\/chauffeurpositano.com\/it\/wp-json\/wp\/v2\/media?parent=6621"}],"curies":[{"name":"wp","href":"https:\/\/api.w.org\/{rel}","templated":true}]}}