{"id":6619,"date":"2019-06-27T10:07:23","date_gmt":"2019-06-27T08:07:23","guid":{"rendered":"https:\/\/www.chauffeurpositano.com\/tour-del-vino-con-pranzo\/"},"modified":"2022-08-02T15:44:53","modified_gmt":"2022-08-02T13:44:53","slug":"tour-enogastronomico-di-un-giorno-in-irpinia","status":"publish","type":"page","link":"https:\/\/chauffeurpositano.com\/it\/tour-enogastronomico-di-un-giorno-in-irpinia\/","title":{"rendered":"Tour del vino con pranzo"},"content":{"rendered":"<div class=\"wpb-content-wrapper\"><p>[vc_row row_content_width=&#8221;grid&#8221; content_text_aligment=&#8221;left&#8221; css=&#8221;.vc_custom_1657797246733{padding-top: 100px !important;padding-bottom: 85px !important;}&#8221;][vc_column]<div class=\"edgtf-elements-holder   edgtf-two-columns  edgtf-responsive-mode-1024 edgtf-one-column-alignment-left\" ><div class=\"edgtf-eh-item  edgtf-vertical-alignment-top edgtf-horizontal-alignment-center \"  data-item-class=\"edgtf-eh-custom-2037\">\n\t<div class=\"edgtf-eh-item-inner\">\n\t\t<div class=\"edgtf-eh-item-content edgtf-eh-custom-2037\" style=\"padding: 0 0 0 0\">\n\t\t\t[vc_single_image image=&#8221;6524&#8243; img_size=&#8221;large&#8221; css=&#8221;.vc_custom_1566297472277{padding-top: 20px !important;}&#8221;][vc_empty_space height=&#8221;10px&#8221;]\t\t<\/div>\n\t<\/div>\n<\/div><div class=\"edgtf-eh-item  edgtf-vertical-alignment-top  \"  data-item-class=\"edgtf-eh-custom-3940\" data-1367-1600=\"0 0 35px 50px\" data-1025-1366=\"0 0 36px 50px\" data-769-1024=\"0 130px 0 0\" data-681-768=\"0 60px 0 0\" data-680=\"0 0 0 0\">\n\t<div class=\"edgtf-eh-item-inner\">\n\t\t<div class=\"edgtf-eh-item-content edgtf-eh-custom-3940\" style=\"padding: 0 0 35px 50px\">\n\t\t\t[vc_column_text]<\/p>\n<h3>Il miglior tour enologico con pranzo in Campania<\/h3>\n<p>[\/vc_column_text][vc_column_text]<strong>The Chauffeur of Positano<\/strong> offre uno dei pi\u00f9 bei <strong>wine tour<\/strong> nella terra del vino, conosciuta come Irpinia. Possiamo definire l&#8217;Irpinia come la culla del vino in Campania, ed \u00e8 uno dei luoghi pi\u00f9 antichi dove si produce il vino italiano. \u00c8 anche uno dei luoghi pi\u00f9 importanti in cui trascorrere una giornata all&#8217;insegna del vino, in quanto si apprende l&#8217;intero processo fenologico, dalla vigna alla vinificazione.<br \/>\nTutti sanno che l&#8217;Irpinia \u00e8 il territorio in cui \u00e8 nato il Taurasi. Il <strong>Taurasi DOCG<\/strong> \u00e8 uno dei vini pi\u00f9 apprezzati del Sud Italia e rappresenta un&#8217;antica filosofia di trasformazione dell&#8217;antichissima <strong>uva Aglianico<\/strong> in questo vino molto apprezzato. Questo processo richiede diversi anni di invecchiamento, con l&#8217;affilatura iniziale che avviene in una botte per poi completare il processo in bottiglia.[\/vc_column_text]\t\t<\/div>\n\t<\/div>\n<\/div><\/div>[\/vc_column][\/vc_row][vc_row content_placement=&#8221;middle&#8221; css=&#8221;.vc_custom_1657797251436{padding-top: 55px !important;padding-bottom: 40px !important;background-color: #fafafa !important;}&#8221;][vc_column offset=&#8221;vc_col-lg-offset-1 vc_col-lg-10 vc_col-md-12&#8243;]<div class=\"edgtf-section-title-holder   edgtf-st-position-center\" >\n\t<div class=\"edgtf-st-inner\">\n\t\t\t\t\t<span class=\"edgtf-st-subtitle\" >\n\t\t\t\tOur\t\t\t<\/span>\n\t\t\t\t\t\t\t<h2 class=\"edgtf-st-title\" >\n\t\t\t\ttour enologico in Irpinia\t\t\t<\/h2>\n\t\t\t\t\t<\/div>\n<\/div>[\/vc_column][\/vc_row][vc_row content_placement=&#8221;middle&#8221; row_content_width=&#8221;grid&#8221; content_text_aligment=&#8221;left&#8221; css=&#8221;.vc_custom_1657797254308{padding-top: 30px !important;padding-bottom: 31px !important;}&#8221; simple_background_color=&#8221;#fafafa&#8221;][vc_column]<div class=\"edgtf-elements-holder   edgtf-three-columns  edgtf-responsive-mode-1024 \" ><div class=\"edgtf-eh-item  edgtf-vertical-alignment-top  \"  data-item-class=\"edgtf-eh-custom-5777\" data-1367-1600=\"0 43px 0 0\" data-1025-1366=\"0 43px 0 0\" data-769-1024=\"0 120px 0 0\" data-681-768=\"0 50px 0 0\" data-680=\"0 0 0 0\">\n\t<div class=\"edgtf-eh-item-inner\">\n\t\t<div class=\"edgtf-eh-item-content edgtf-eh-custom-5777\" style=\"padding: 0 43px 0 0\">\n\t\t\t<div class=\"edgtf-image-with-text-holder    edgtf-image-behavior-custom-link\">\n    <div class=\"edgtf-iwt-image\">\n                                    <img loading=\"lazy\" decoding=\"async\" src=\"https:\/\/chauffeurpositano.com\/wp-content\/uploads\/2022\/08\/icona-vino-106x56.png\" alt=\"The Chauffeur of Positano: icona vino\" width=\"106\" height=\"56\" \/>                                <\/a>\n            <\/div>\n    <div class=\"edgtf-iwt-text-holder\">\n                    <h4 class=\"edgtf-iwt-title\" style=\"margin-top: 17px\">Tour del vino<\/h4>\n        \t\t            <p class=\"edgtf-iwt-text\" >Questo tour inizia con un viaggio in auto dalla vostra residenza all&#039;azienda vinicola. Una volta arrivati in cantina sarete accolti con caff\u00e8 e croissant, visita dei vigneti dove vi spiegheranno le fasi fenologiche del ciclo vitivinicolo, tenuta dallo staff tecnico della cantina, visita della cantina con spiegazione del processo di vinificazione, accompagnata da aperitivo, degustazione tecnica di cinque vini dell&#039;azienda, tra cui i pi\u00f9 importanti DOC e DOCG dell&#039;Irpinia, accompagnati da salumi e formaggi di produzione locale. Dopo la degustazione, pranzerete con il \u201cMen\u00f9 del contadino\u201d in uno dei ristoranti convenzionati vicini alla cantina.<\/p>\n            <\/div>\n<\/div>[vc_empty_space height=&#8221;20px&#8221;]\t\t<\/div>\n\t<\/div>\n<\/div><div class=\"edgtf-eh-item  edgtf-vertical-alignment-top  \"  data-item-class=\"edgtf-eh-custom-4273\" data-1367-1600=\"0 0 0 43px\" data-1025-1366=\"0 0 0 43px\" data-769-1024=\"0 120px 0 0\" data-681-768=\"0 50px 0 0\" data-680=\"0 0 0 0\">\n\t<div class=\"edgtf-eh-item-inner\">\n\t\t<div class=\"edgtf-eh-item-content edgtf-eh-custom-4273\" style=\"padding: 0 0 0 43px\">\n\t\t\t<div class=\"edgtf-image-with-text-holder    edgtf-image-behavior-custom-link\">\n    <div class=\"edgtf-iwt-image\">\n                                    <img loading=\"lazy\" decoding=\"async\" src=\"https:\/\/chauffeurpositano.com\/wp-content\/uploads\/2022\/08\/bambini-icona-112x56.png\" alt=\"The Chauffeur of Positano: icona bambini\" width=\"112\" height=\"56\" \/>                                <\/a>\n            <\/div>\n    <div class=\"edgtf-iwt-text-holder\">\n                    <h4 class=\"edgtf-iwt-title\" style=\"margin-top: 17px\">I bambini<\/h4>\n        \t\t            <p class=\"edgtf-iwt-text\" style=\"margin-top: 16px\">Questo wine tour \u00e8 per tutti, se siete una famiglia con bambini, non dovete preoccuparvi che possano salire a bordo perch\u00e9 non possono assaggiare il vino. Noi di The Chauffeur of Positano cerchiamo di pensare a tutto e a tutti. Durante la visita alla cantina, i bambini avranno la possibilit\u00e0 di assaggiare marmellate come introduzione all&#039;approccio alla degustazione del vino e degli aromi, \u00e8 un modo divertente per assaporare il meraviglioso mondo della degustazione e sviluppare i loro sensi.<\/p>\n            <\/div>\n<\/div>\t\t<\/div>\n\t<\/div>\n<\/div><div class=\"edgtf-eh-item  edgtf-vertical-alignment-top  \"  data-item-class=\"edgtf-eh-custom-7080\" data-1367-1600=\"0 0 0 43px\" data-1025-1366=\"0 0 0 43px\" data-769-1024=\"0 120px 0 0\" data-681-768=\"0 50px 0 0\" data-680=\"0 0 0 0\">\n\t<div class=\"edgtf-eh-item-inner\">\n\t\t<div class=\"edgtf-eh-item-content edgtf-eh-custom-7080\" style=\"padding: 0 0 0 43px\">\n\t\t\t<div class=\"edgtf-image-with-text-holder    edgtf-image-behavior-custom-link\">\n    <div class=\"edgtf-iwt-image\">\n                                    <img loading=\"lazy\" decoding=\"async\" src=\"https:\/\/chauffeurpositano.com\/wp-content\/uploads\/2019\/06\/info-112x56.png\" alt=\"\" width=\"112\" height=\"56\" \/>                                <\/a>\n            <\/div>\n    <div class=\"edgtf-iwt-text-holder\">\n                    <h4 class=\"edgtf-iwt-title\" style=\"margin-top: 17px\">Informazioni tecniche<\/h4>\n        \t\t            <p class=\"edgtf-iwt-text\" style=\"margin-top: 16px\">Il wine tour in Irpinia \u00e8 disponibile da ogni localit\u00e0 della Costiera Amalfitana, Sorrento, Napoli e Salerno, sia dalla citt\u00e0 che dal porto nel caso di persone che arrivano con una nave da crociera. Il servizio sar\u00e0 effettuato con un&#039;auto privata o con un minivan (a seconda del numero di partecipanti); all&#039;arrivo in cantina potrebbero esserci altre persone che partecipano al tour, ma \u00e8 sempre un numero limitato. La visita alle cantine si conclude con il ritorno alla vostra nave da crociera\/residenza nel tardo pomeriggio con lo stesso autista privato.<\/p>\n            <\/div>\n<\/div>\t\t<\/div>\n\t<\/div>\n<\/div><\/div>[\/vc_column][\/vc_row][vc_row content_placement=&#8221;middle&#8221; row_content_width=&#8221;grid&#8221; disable_background_image=&#8221;&#8221; content_text_aligment=&#8221;center&#8221; css=&#8221;.vc_custom_1659447094817{padding-top: 85px !important;padding-bottom: 100px !important;}&#8221; simple_background_image=&#8221;6405&#8243; background_image_position=&#8221;center center&#8221;][vc_column]<div class=\"edgtf-elements-holder   edgtf-one-column  edgtf-responsive-mode-768 edgtf-one-column-alignment-left\" ><div class=\"edgtf-eh-item    \"  data-item-class=\"edgtf-eh-custom-5745\">\n\t<div class=\"edgtf-eh-item-inner\">\n\t\t<div class=\"edgtf-eh-item-content edgtf-eh-custom-5745\" >\n\t\t\t[vc_row_inner][vc_column_inner]<div class=\"edgtf-section-title-holder   edgtf-st-position-center\" >\n\t<div class=\"edgtf-st-inner\">\n\t\t\t\t\t<span class=\"edgtf-st-subtitle\" style=\"color: #ffffff\">\n\t\t\t\tcontattaci oggi\t\t\t<\/span>\n\t\t\t\t\t\t\t<h2 class=\"edgtf-st-title\" style=\"color: #ffffff\">\n\t\t\t\tper prenotare il tuo tour del vino in Irpinia\t\t\t<\/h2>\n\t\t\t\t\t<\/div>\n<\/div>[\/vc_column_inner][\/vc_row_inner][vc_empty_space height=&#8221;45&#8243;]<a itemprop=\"url\" href=\"https:\/\/chauffeurpositano.com\/it\/richiesta-di-preventivo\/\" target=\"_blank\" style=\"background-color: #0095da;border-color: #0095da\" class=\"edgtf-btn edgtf-btn-medium edgtf-btn-solid edgtf-btn-custom-hover-bg edgtf-btn-custom-border-hover\" data-hover-bg-color=\"#fb586d\" data-hover-border-color=\"#fb586d\" >\n\t\t<span class=\"edgtf-btn-text\">RICHIEDI PREVENTIVO<\/span>\n<\/a>\t\t<\/div>\n\t<\/div>\n<\/div><\/div>[\/vc_column][\/vc_row]<\/p>\n<\/div>","protected":false},"excerpt":{"rendered":"<p>[vc_row row_content_width=&#8221;grid&#8221; content_text_aligment=&#8221;left&#8221; css=&#8221;.vc_custom_1657797246733{padding-top: 100px !important;padding-bottom: 85px !important;}&#8221;][vc_column][\/vc_column][\/vc_row][vc_row content_placement=&#8221;middle&#8221; css=&#8221;.vc_custom_1657797251436{padding-top: 55px !important;padding-bottom: 40px !important;background-color: #fafafa !important;}&#8221;][vc_column offset=&#8221;vc_col-lg-offset-1 vc_col-lg-10 vc_col-md-12&#8243;][\/vc_column][\/vc_row][vc_row content_placement=&#8221;middle&#8221; row_content_width=&#8221;grid&#8221; content_text_aligment=&#8221;left&#8221; css=&#8221;.vc_custom_1657797254308{padding-top: 30px !important;padding-bottom: 31px !important;}&#8221; simple_background_color=&#8221;#fafafa&#8221;][vc_column][\/vc_column][\/vc_row][vc_row content_placement=&#8221;middle&#8221; row_content_width=&#8221;grid&#8221; disable_background_image=&#8221;&#8221; content_text_aligment=&#8221;center&#8221; css=&#8221;.vc_custom_1659447094817{padding-top: 85px !important;padding-bottom: 100px !important;}&#8221; simple_background_image=&#8221;6405&#8243; background_image_position=&#8221;center center&#8221;][vc_column][\/vc_column][\/vc_row]<\/p>\n","protected":false},"author":5,"featured_media":0,"parent":0,"menu_order":0,"comment_status":"closed","ping_status":"closed","template":"full-width.php","meta":{"footnotes":""},"class_list":["post-6619","page","type-page","status-publish","hentry"],"_links":{"self":[{"href":"https:\/\/chauffeurpositano.com\/it\/wp-json\/wp\/v2\/pages\/6619","targetHints":{"allow":["GET"]}}],"collection":[{"href":"https:\/\/chauffeurpositano.com\/it\/wp-json\/wp\/v2\/pages"}],"about":[{"href":"https:\/\/chauffeurpositano.com\/it\/wp-json\/wp\/v2\/types\/page"}],"author":[{"embeddable":true,"href":"https:\/\/chauffeurpositano.com\/it\/wp-json\/wp\/v2\/users\/5"}],"replies":[{"embeddable":true,"href":"https:\/\/chauffeurpositano.com\/it\/wp-json\/wp\/v2\/comments?post=6619"}],"version-history":[{"count":0,"href":"https:\/\/chauffeurpositano.com\/it\/wp-json\/wp\/v2\/pages\/6619\/revisions"}],"wp:attachment":[{"href":"https:\/\/chauffeurpositano.com\/it\/wp-json\/wp\/v2\/media?parent=6619"}],"curies":[{"name":"wp","href":"https:\/\/api.w.org\/{rel}","templated":true}]}}