{"id":6602,"date":"2019-06-26T17:58:45","date_gmt":"2019-06-26T15:58:45","guid":{"rendered":"https:\/\/www.chauffeurpositano.com\/la-costiera-amalfitana-in-versione-integrale\/"},"modified":"2022-08-01T11:41:58","modified_gmt":"2022-08-01T09:41:58","slug":"costiera-amalfitana-in-versione-integrale","status":"publish","type":"page","link":"https:\/\/chauffeurpositano.com\/it\/costiera-amalfitana-in-versione-integrale\/","title":{"rendered":"Costiera Amalfitana in versione integrale"},"content":{"rendered":"<div class=\"wpb-content-wrapper\"><p>[vc_row row_content_width=&#8221;grid&#8221; content_text_aligment=&#8221;left&#8221; css=&#8221;.vc_custom_1652806747596{padding-top: 50px !important;padding-bottom: 85px !important;}&#8221;][vc_column]<div class=\"edgtf-elements-holder   edgtf-two-columns  edgtf-responsive-mode-1024 edgtf-one-column-alignment-left\" ><div class=\"edgtf-eh-item  edgtf-vertical-alignment-top edgtf-horizontal-alignment-center \"  data-item-class=\"edgtf-eh-custom-7024\">\n\t<div class=\"edgtf-eh-item-inner\">\n\t\t<div class=\"edgtf-eh-item-content edgtf-eh-custom-7024\" style=\"padding: 0 0 0 0\">\n\t\t\t[vc_single_image image=&#8221;6507&#8243; img_size=&#8221;large&#8221; css=&#8221;.vc_custom_1564994251023{padding-top: 20px !important;}&#8221;][vc_empty_space height=&#8221;10px&#8221;]\t\t<\/div>\n\t<\/div>\n<\/div><div class=\"edgtf-eh-item  edgtf-vertical-alignment-top  \"  data-item-class=\"edgtf-eh-custom-2274\" data-1367-1600=\"0 0 35px 50px\" data-1025-1366=\"0 0 36px 50px\" data-769-1024=\"0 130px 0 0\" data-681-768=\"0 60px 0 0\" data-680=\"0 0 0 0\">\n\t<div class=\"edgtf-eh-item-inner\">\n\t\t<div class=\"edgtf-eh-item-content edgtf-eh-custom-2274\" style=\"padding: 0 0 35px 50px\">\n\t\t\t[vc_column_text]<\/p>\n<h3>Tour di un giorno intero della Costiera Amalfitana<\/h3>\n<p>[\/vc_column_text][vc_empty_space height=&#8221;10px&#8221;][vc_column_text]La Costiera Amalfitana \u00e8 una delle coste pi\u00f9 belle e mozzafiato del mondo. Il vostro tour di un&#8217;intera giornata inizier\u00e0 con il nostro autista di lingua inglese che arriver\u00e0 alla vostra residenza\/nave da crociera, per venirvi a prendere. Godetevi un viaggio esaltante lungo la Costiera Amalfitana, ammirando le magiche e panoramiche vedute delle scogliere a strapiombo sul mare.<\/p>\n<p>Gli incantevoli paesini di Positano, Praiano, Furore, Conca dei Marini, Amalfi e Atrani saranno il vostro itinerario per la giornata, prima di arrivare alle splendide colline di Ravello.<\/p>\n<p>Questi villaggi pittoreschi sono lo sfondo perfetto per un&#8217;opportunit\u00e0 fotografica e il nostro autista si fermer\u00e0 in luoghi pittoreschi lungo il percorso per creare ricordi indelebili e senza tempo.<\/p>\n<p>I nostri autisti sono persone del posto che hanno assorbito la cultura e le tradizioni della zona e vi racconteranno molte storie ricche di esperienze personali.[\/vc_column_text]\t\t<\/div>\n\t<\/div>\n<\/div><\/div>[\/vc_column][\/vc_row][vc_row content_placement=&#8221;middle&#8221; row_content_width=&#8221;grid&#8221; content_text_aligment=&#8221;left&#8221; css=&#8221;.vc_custom_1652806767387{padding-top: 20px !important;padding-bottom: 31px !important;}&#8221; simple_background_color=&#8221;#fafafa&#8221;][vc_column]<div class=\"edgtf-elements-holder   edgtf-three-columns  edgtf-responsive-mode-1024 \" ><div class=\"edgtf-eh-item  edgtf-vertical-alignment-top  \"  data-item-class=\"edgtf-eh-custom-1827\" data-1367-1600=\"0 43px 0 0\" data-1025-1366=\"0 43px 0 0\" data-769-1024=\"0 120px 0 0\" data-681-768=\"0 50px 0 0\" data-680=\"0 0 0 0\">\n\t<div class=\"edgtf-eh-item-inner\">\n\t\t<div class=\"edgtf-eh-item-content edgtf-eh-custom-1827\" style=\"padding: 0 43px 0 0\">\n\t\t\t[vc_empty_space height=&#8221;10px&#8221;]<div class=\"edgtf-image-with-text-holder    edgtf-image-behavior-custom-link\">\n    <div class=\"edgtf-iwt-image\">\n                                    <img loading=\"lazy\" decoding=\"async\" src=\"https:\/\/chauffeurpositano.com\/wp-content\/uploads\/2019\/06\/icon-panorama-106x56.png\" alt=\"\" width=\"106\" height=\"56\" \/>                                <\/a>\n            <\/div>\n    <div class=\"edgtf-iwt-text-holder\">\n                    <h4 class=\"edgtf-iwt-title\" style=\"margin-top: 17px\">Paesaggio &amp; Foto<\/h4>\n        \t\t            <p class=\"edgtf-iwt-text\" style=\"margin-top: 16px\">I villaggi lungo la Costiera Amalfitana sono cos\u00ec unici e allo stesso tempo cos\u00ec diversi tra loro, che rappresentano una vera e propria festa di scatti fotografici per gli amanti della fotografia.<\/p>\n            <\/div>\n<\/div>[vc_empty_space height=&#8221;30px&#8221;]<div class=\"edgtf-icon-list-holder \" >\n\t<div class=\"edgtf-il-icon-holder\">\n\t\t<i class=\"edgtf-icon-font-awesome fa fa-angle-right \" style=\"color: #fc475f;font-size: 12px\"><\/i>\t<\/div>\n\t<p class=\"edgtf-il-text\" >Citt\u00e0 balneare da cartolina sulla Costiera Amalfitana, Positano \u00e8 anche una delle destinazioni turistiche pi\u00f9 raffinate d&#039;Italia.<\/p>\n<\/div><div class=\"edgtf-icon-list-holder \" >\n\t<div class=\"edgtf-il-icon-holder\">\n\t\t<i class=\"edgtf-icon-font-awesome fa fa-angle-right \" style=\"color: #fc475f;font-size: 12px\"><\/i>\t<\/div>\n\t<p class=\"edgtf-il-text\" >Arroccata sul fianco dei Monti Lattari, Positano ha un clima mite, spiagge tranquille e un&#039;architettura antica che ne aumentano il fascino.<\/p>\n<\/div><div class=\"edgtf-icon-list-holder \" >\n\t<div class=\"edgtf-il-icon-holder\">\n\t\t<i class=\"edgtf-icon-font-awesome fa fa-angle-right \" style=\"color: #fc475f;font-size: 12px\"><\/i>\t<\/div>\n\t<p class=\"edgtf-il-text\" >Le case di Positano, dai colori vivaci, sono letteralmente accatastate l&#039;una sull&#039;altra e di solito sono decorate con piante fiorite e interessanti elementi architettonici.<\/p>\n<\/div>\t\t<\/div>\n\t<\/div>\n<\/div><div class=\"edgtf-eh-item  edgtf-vertical-alignment-top  \"  data-item-class=\"edgtf-eh-custom-7031\" data-1367-1600=\"0 0 0 43px\" data-1025-1366=\"0 0 0 43px\" data-769-1024=\"0 120px 0 0\" data-681-768=\"0 50px 0 0\" data-680=\"0 0 0 0\">\n\t<div class=\"edgtf-eh-item-inner\">\n\t\t<div class=\"edgtf-eh-item-content edgtf-eh-custom-7031\" style=\"padding: 0 0 0 43px\">\n\t\t\t[vc_empty_space height=&#8221;20px&#8221;]<div class=\"edgtf-image-with-text-holder    edgtf-image-behavior-custom-link\">\n    <div class=\"edgtf-iwt-image\">\n                                    <img loading=\"lazy\" decoding=\"async\" src=\"https:\/\/chauffeurpositano.com\/wp-content\/uploads\/2019\/06\/icon_chiesa-112x56.png\" alt=\"\" width=\"112\" height=\"56\" \/>                                <\/a>\n            <\/div>\n    <div class=\"edgtf-iwt-text-holder\">\n                    <h4 class=\"edgtf-iwt-title\" style=\"margin-top: 17px\">Curiosit\u00e0 sulle Chiese<\/h4>\n        \t\t    <\/div>\n<\/div>[vc_empty_space height=&#8221;30px&#8221;]<div class=\"edgtf-icon-list-holder \" >\n\t<div class=\"edgtf-il-icon-holder\">\n\t\t<i class=\"edgtf-icon-font-awesome fa fa-angle-right \" style=\"color: #fc475f;font-size: 12px\"><\/i>\t<\/div>\n\t<p class=\"edgtf-il-text\" >Positano, tra le tante chiese presenti in questo borgo, la chiesa di Santa Maria Assunta \u00e8 la pi\u00f9 importante per i residenti locali. Fondata intorno al XII secolo.<\/p>\n<\/div><div class=\"edgtf-icon-list-holder \" >\n\t<div class=\"edgtf-il-icon-holder\">\n\t\t<i class=\"edgtf-icon-font-awesome fa fa-angle-right \" style=\"color: #fc475f;font-size: 12px\"><\/i>\t<\/div>\n\t<p class=\"edgtf-il-text\" >A Praiano, la chiesa di San Gennaro, proprio nel centro del paese, fu costruita nel 1589 su una struttura preesistente risalente al 1200.<\/p>\n<\/div><div class=\"edgtf-icon-list-holder \" >\n\t<div class=\"edgtf-il-icon-holder\">\n\t\t<i class=\"edgtf-icon-font-awesome fa fa-angle-right \" style=\"color: #fc475f;font-size: 12px\"><\/i>\t<\/div>\n\t<p class=\"edgtf-il-text\" >La Cattedrale di Amalfi \u00e8 una struttura cattolica romana del IX secolo. \u00c8 dedicata all&#039;apostolo Sant&#039;Andrea. Prevalentemente in stile romanico arabo-normanno, \u00e8 stata pi\u00f9 volte rimaneggiata con l&#039;aggiunta di elementi romanici, bizantini, gotici e barocchi.<\/p>\n<\/div><div class=\"edgtf-icon-list-holder \" >\n\t<div class=\"edgtf-il-icon-holder\">\n\t\t<i class=\"edgtf-icon-font-awesome fa fa-angle-right \" style=\"color: #fc475f;font-size: 12px\"><\/i>\t<\/div>\n\t<p class=\"edgtf-il-text\" >Ravello, il Duomo di Ravello, che sorge su un alto podio in piazza del Vescovado, \u00e8 dedicato a S.Pantaleone e fu fondato nel 1086 dal primo vescovo di Ravello.<\/p>\n<\/div>[vc_empty_space height=&#8221;20px&#8221;]\t\t<\/div>\n\t<\/div>\n<\/div><div class=\"edgtf-eh-item  edgtf-vertical-alignment-top  \"  data-item-class=\"edgtf-eh-custom-6934\" data-1367-1600=\"0 0 0 43px\" data-1025-1366=\"0 0 0 43px\" data-769-1024=\"0 120px 0 0\" data-681-768=\"0 50px 0 0\" data-680=\"0 0 0 0\">\n\t<div class=\"edgtf-eh-item-inner\">\n\t\t<div class=\"edgtf-eh-item-content edgtf-eh-custom-6934\" style=\"padding: 0 0 0 43px\">\n\t\t\t[vc_empty_space height=&#8221;20px&#8221;]<div class=\"edgtf-image-with-text-holder    edgtf-image-behavior-custom-link\">\n    <div class=\"edgtf-iwt-image\">\n                                    <img loading=\"lazy\" decoding=\"async\" src=\"https:\/\/chauffeurpositano.com\/wp-content\/uploads\/2022\/07\/negozi-e-food-112x56.png\" alt=\"The Chauffeur of Positano: Negozi &amp; Food\" width=\"112\" height=\"56\" \/>                                <\/a>\n            <\/div>\n    <div class=\"edgtf-iwt-text-holder\">\n                    <h4 class=\"edgtf-iwt-title\" style=\"margin-top: 17px\">Negozi &amp; Food<\/h4>\n        \t\t    <\/div>\n<\/div>[vc_empty_space height=&#8221;30px&#8221;]<div class=\"edgtf-icon-list-holder \" >\n\t<div class=\"edgtf-il-icon-holder\">\n\t\t<i class=\"edgtf-icon-font-awesome fa fa-angle-right \" style=\"color: #fc475f;font-size: 12px\"><\/i>\t<\/div>\n\t<p class=\"edgtf-il-text\" >Positano \u00e8 conosciuta a livello internazionale per il suo l&#039;abbigliamento e pu\u00f2 soddisfare molti acquirenti con la sua variet\u00e0 di innumerevoli ed eleganti boutique.<\/p>\n<\/div><div class=\"edgtf-icon-list-holder \" >\n\t<div class=\"edgtf-il-icon-holder\">\n\t\t<i class=\"edgtf-icon-font-awesome fa fa-angle-right \" style=\"color: #fc475f;font-size: 12px\"><\/i>\t<\/div>\n\t<p class=\"edgtf-il-text\" >Uno dei maggiori centri di produzione di ceramica in Italia \u00e8 stato Vietri sul Mare, in Costiera Amalfitana, insieme a Positano.<\/p>\n<\/div><div class=\"edgtf-icon-list-holder \" >\n\t<div class=\"edgtf-il-icon-holder\">\n\t\t<i class=\"edgtf-icon-font-awesome fa fa-angle-right \" style=\"color: #fc475f;font-size: 12px\"><\/i>\t<\/div>\n\t<p class=\"edgtf-il-text\" >La terra locale, ricca di argilla e di contenuto vulcanico, \u00e8 stata utilizzata per produrre ceramica per migliaia di anni. Oggi, alcune delle migliori ceramiche sono prodotte in Costiera Amalfitana. Gli artisti traggono ispirazione dalla bellezza naturale del paesaggio circostante.<\/p>\n<\/div><div class=\"edgtf-icon-list-holder \" >\n\t<div class=\"edgtf-il-icon-holder\">\n\t\t<i class=\"edgtf-icon-font-awesome fa fa-angle-right \" style=\"color: #fc475f;font-size: 12px\"><\/i>\t<\/div>\n\t<p class=\"edgtf-il-text\" >La Costiera Amalfitana, secoli di raffinatezza culinaria, vi aspetta in ognuno dei tanti ristoranti e trattorie tipiche della Costiera. Potreste pensare che non ci sia molta variet\u00e0 in un paese cos\u00ec piccolo, ma rimarrete stupiti dall&#039;incredibile quantit\u00e0 di piatti, formaggi, prodotti agricoli, vini, salumi, frutti di mare, pesce, liquori e molto altro che potrete assaggiare durante il vostro tour.<\/p>\n<\/div>[vc_empty_space height=&#8221;50px&#8221;]\t\t<\/div>\n\t<\/div>\n<\/div><\/div>[\/vc_column][\/vc_row][vc_row content_placement=&#8221;middle&#8221; row_content_width=&#8221;grid&#8221; disable_background_image=&#8221;&#8221; content_text_aligment=&#8221;center&#8221; css=&#8221;.vc_custom_1564993279790{padding-top: 85px !important;padding-bottom: 100px !important;}&#8221; simple_background_image=&#8221;3665&#8243; background_image_position=&#8221;center center&#8221;][vc_column]<div class=\"edgtf-elements-holder   edgtf-one-column  edgtf-responsive-mode-768 edgtf-one-column-alignment-left\" ><div class=\"edgtf-eh-item    \"  data-item-class=\"edgtf-eh-custom-2989\">\n\t<div class=\"edgtf-eh-item-inner\">\n\t\t<div class=\"edgtf-eh-item-content edgtf-eh-custom-2989\" >\n\t\t\t[vc_row_inner][vc_column_inner]<div class=\"edgtf-section-title-holder   edgtf-st-position-center\" >\n\t<div class=\"edgtf-st-inner\">\n\t\t\t\t\t<span class=\"edgtf-st-subtitle\" style=\"color: #ffffff\">\n\t\t\t\tprenota il tuo tour della\t\t\t<\/span>\n\t\t\t\t\t\t\t<h2 class=\"edgtf-st-title\" style=\"color: #ffffff\">\n\t\t\t\tCostiera Amalfitana\t\t\t<\/h2>\n\t\t\t\t\t<\/div>\n<\/div>[\/vc_column_inner][\/vc_row_inner][vc_empty_space height=&#8221;45&#8243;]<a itemprop=\"url\" href=\"https:\/\/chauffeurpositano.com\/it\/richiesta-di-preventivo\/\" target=\"_self\" style=\"background-color: #0095da;border-color: #0095da;margin: 10px 0px 0px 40px\" class=\"edgtf-btn edgtf-btn-medium edgtf-btn-solid edgtf-btn-custom-hover-bg edgtf-btn-custom-border-hover\" data-hover-bg-color=\"#fb586d\" data-hover-border-color=\"#fb586d\" >\n\t\t<span class=\"edgtf-btn-text\">richiedi preventivo<\/span>\n<\/a>\t\t<\/div>\n\t<\/div>\n<\/div><\/div>[\/vc_column][\/vc_row]<\/p>\n<\/div>","protected":false},"excerpt":{"rendered":"<p>[vc_row row_content_width=&#8221;grid&#8221; content_text_aligment=&#8221;left&#8221; css=&#8221;.vc_custom_1652806747596{padding-top: 50px !important;padding-bottom: 85px !important;}&#8221;][vc_column][\/vc_column][\/vc_row][vc_row content_placement=&#8221;middle&#8221; row_content_width=&#8221;grid&#8221; content_text_aligment=&#8221;left&#8221; css=&#8221;.vc_custom_1652806767387{padding-top: 20px !important;padding-bottom: 31px !important;}&#8221; simple_background_color=&#8221;#fafafa&#8221;][vc_column][\/vc_column][\/vc_row][vc_row content_placement=&#8221;middle&#8221; row_content_width=&#8221;grid&#8221; disable_background_image=&#8221;&#8221; content_text_aligment=&#8221;center&#8221; css=&#8221;.vc_custom_1564993279790{padding-top: 85px !important;padding-bottom: 100px !important;}&#8221; simple_background_image=&#8221;3665&#8243; background_image_position=&#8221;center center&#8221;][vc_column][\/vc_column][\/vc_row]<\/p>\n","protected":false},"author":5,"featured_media":0,"parent":0,"menu_order":0,"comment_status":"closed","ping_status":"closed","template":"full-width.php","meta":{"footnotes":""},"class_list":["post-6602","page","type-page","status-publish","hentry"],"_links":{"self":[{"href":"https:\/\/chauffeurpositano.com\/it\/wp-json\/wp\/v2\/pages\/6602","targetHints":{"allow":["GET"]}}],"collection":[{"href":"https:\/\/chauffeurpositano.com\/it\/wp-json\/wp\/v2\/pages"}],"about":[{"href":"https:\/\/chauffeurpositano.com\/it\/wp-json\/wp\/v2\/types\/page"}],"author":[{"embeddable":true,"href":"https:\/\/chauffeurpositano.com\/it\/wp-json\/wp\/v2\/users\/5"}],"replies":[{"embeddable":true,"href":"https:\/\/chauffeurpositano.com\/it\/wp-json\/wp\/v2\/comments?post=6602"}],"version-history":[{"count":0,"href":"https:\/\/chauffeurpositano.com\/it\/wp-json\/wp\/v2\/pages\/6602\/revisions"}],"wp:attachment":[{"href":"https:\/\/chauffeurpositano.com\/it\/wp-json\/wp\/v2\/media?parent=6602"}],"curies":[{"name":"wp","href":"https:\/\/api.w.org\/{rel}","templated":true}]}}