{"id":6593,"date":"2018-08-14T08:04:07","date_gmt":"2018-08-14T06:04:07","guid":{"rendered":"https:\/\/www.chauffeurpositano.com\/flotta\/"},"modified":"2022-08-01T16:03:24","modified_gmt":"2022-08-01T14:03:24","slug":"flotta","status":"publish","type":"page","link":"https:\/\/chauffeurpositano.com\/it\/flotta\/","title":{"rendered":"Flotta"},"content":{"rendered":"<div class=\"wpb-content-wrapper\"><p>[vc_row content_placement=&#8221;middle&#8221; row_content_width=&#8221;grid&#8221; content_text_aligment=&#8221;left&#8221; css=&#8221;.vc_custom_1652715123614{padding-top: 50px !important;padding-bottom: 31px !important;}&#8221; simple_background_color=&#8221;#fafafa&#8221;][vc_column]<div class=\"edgtf-elements-holder   edgtf-three-columns  edgtf-responsive-mode-1024 \" ><div class=\"edgtf-eh-item  edgtf-vertical-alignment-top  \"  data-item-class=\"edgtf-eh-custom-5843\" data-1367-1600=\"0 43px 0 0\" data-1025-1366=\"0 43px 0 0\" data-769-1024=\"0 120px 0 0\" data-681-768=\"0 50px 0 0\" data-680=\"0 0 0 0\">\n\t<div class=\"edgtf-eh-item-inner\">\n\t\t<div class=\"edgtf-eh-item-content edgtf-eh-custom-5843\" style=\"padding: 0 43px 0 0\">\n\t\t\t[vc_empty_space height=&#8221;5px&#8221;]<div class=\"edgtf-image-with-text-holder    edgtf-image-behavior-custom-link\">\n    <div class=\"edgtf-iwt-image\">\n        \t            <a itemprop=\"url\" href=\"https:\/\/chauffeurpositano.com\/it\/auto-e-minivan\/\" target=\"_self\">\n                                    <img loading=\"lazy\" decoding=\"async\" src=\"https:\/\/chauffeurpositano.com\/wp-content\/uploads\/2022\/07\/trasferimenti-106x56.png\" alt=\"The Chauffeur of Positano: trasferimenti\" width=\"106\" height=\"56\" \/>                                <\/a>\n            <\/div>\n    <div class=\"edgtf-iwt-text-holder\">\n                    <h4 class=\"edgtf-iwt-title\" style=\"margin-top: 17px\">Auto &amp; Minivan<\/h4>\n        \t\t            <p class=\"edgtf-iwt-text\" style=\"margin-top: 16px\">Il nostro servizio di transfer privato effettua servizio da e per i principali aeroporti, stazioni ferroviarie, porti, residenze private e hotel in molte citt\u00e0 e paesi d&#039;Italia. Il nostro team ha pi\u00f9 di 20 anni di esperienza nel settore ed \u00e8 dedicato a fornire servizi di trasferimento coerenti, cortesi e affidabili. Assumiamo solo conducenti con licenza e assicurati che offrono servizi professionali attenti, flessibili e amichevoli.<\/p>\n            <\/div>\n<\/div>[vc_empty_space height=&#8221;30px&#8221;][vc_column_text]<\/p>\n<h5><strong><a href=\"\/?page_id=6620#E-CLASS\">&#8211; MERCEDES E-CLASS LUXURY SEDAN<\/a><\/strong><\/h5>\n<p>[\/vc_column_text][vc_column_text]<\/p>\n<h5><strong><a href=\"\/?page_id=6620#S-CLASS\">&#8211; MERCEDES S-CLASS LUXURY SEDAN<\/a><\/strong><\/h5>\n<p>[\/vc_column_text][vc_column_text]<\/p>\n<h5><strong><a href=\"\/?page_id=6620#VIANO\">&#8211; MERCEDES VIANO<\/a><\/strong><\/h5>\n<p>[\/vc_column_text][vc_column_text]<\/p>\n<h5><strong><a href=\"\/?page_id=6620#SPRINTER\">&#8211; MERCEDES BENZ SPRINTER<\/a><\/strong><\/h5>\n<p>[\/vc_column_text][vc_column_text]<\/p>\n<h5><strong><a href=\"\/?page_id=6620#TOURNEO\">&#8211; FORD TOURNEO CUSTOM<\/a><\/strong><\/h5>\n<p>[\/vc_column_text][vc_empty_space height=&#8221;30px&#8221;]<a itemprop=\"url\" href=\"https:\/\/chauffeurpositano.com\/it\/auto-e-minivan\/\" target=\"_self\"  class=\"edgtf-btn edgtf-btn-medium edgtf-btn-solid\"  >\n\t\t<span class=\"edgtf-btn-text\">ULTERIORI INFORMAZIONI<\/span>\n<\/a>[vc_empty_space height=&#8221;30px&#8221;]\t\t<\/div>\n\t<\/div>\n<\/div><div class=\"edgtf-eh-item  edgtf-vertical-alignment-top  \"  data-item-class=\"edgtf-eh-custom-3809\" data-1367-1600=\"0 0 0 43px\" data-1025-1366=\"0 0 0 43px\" data-769-1024=\"0 120px 0 0\" data-681-768=\"0 50px 0 0\" data-680=\"0 0 0 0\">\n\t<div class=\"edgtf-eh-item-inner\">\n\t\t<div class=\"edgtf-eh-item-content edgtf-eh-custom-3809\" style=\"padding: 0 0 0 43px\">\n\t\t\t<div class=\"edgtf-image-with-text-holder    edgtf-image-behavior-custom-link\">\n    <div class=\"edgtf-iwt-image\">\n        \t            <a itemprop=\"url\" href=\"https:\/\/chauffeurpositano.com\/it\/barche\/\" target=\"_self\">\n                                    <img loading=\"lazy\" decoding=\"async\" src=\"https:\/\/chauffeurpositano.com\/wp-content\/uploads\/2022\/07\/tour-in-barca-112x56.png\" alt=\"The Chauffeur of Positano: tour in barca\" width=\"112\" height=\"56\" \/>                                <\/a>\n            <\/div>\n    <div class=\"edgtf-iwt-text-holder\">\n                    <h4 class=\"edgtf-iwt-title\" style=\"margin-top: 17px\">Barche<\/h4>\n        \t\t            <p class=\"edgtf-iwt-text\" style=\"margin-top: 16px\">A nostro avviso, uno dei panorami pi\u00f9 belli della Penisola Sorrentina e della Costiera Amalfitana \u00e8 quello offerto dalla vista direttamente dal Mar Mediterraneo. Tenendo a mente le vostre esigenze, offriamo molte barche di diverse dimensioni tra cui potete scegliere. Tutte le nostre barche offrono lusso estremo, sicurezza, protezione e comfort in modo che voi possiate godervi il viaggio senza preoccupazioni. L&#039;unica cosa che dovete decidere \u00e8 se volete un trasferimento diretto, un viaggio romantico con la persona amata o una festa con alcuni amici, quindi scegliere il tipo di barca di conseguenza.<\/p>\n            <\/div>\n<\/div>[vc_empty_space height=&#8221;30px&#8221;][vc_column_text]<\/p>\n<h5><b><a href=\"\/?page_id=6603#APREAMARE\">&#8211; APREAMARE<\/a><\/b><\/h5>\n<p>[\/vc_column_text][vc_column_text]<\/p>\n<h5><b><a href=\"\/?page_id=6603#TORNADO\">&#8211; TORNADO EXPRESS 45<\/a><\/b><\/h5>\n<p>[\/vc_column_text][vc_column_text]<\/p>\n<h5><b><a href=\"\/?page_id=6603#GIANETTI\">&#8211; GIANETTI 45<\/a><\/b><\/h5>\n<p>[\/vc_column_text][vc_column_text]<\/p>\n<h5><b><a href=\"\/?page_id=6603#PREDATOR\">&#8211; SUNSEEKER PREDATOR 75<\/a><\/b><\/h5>\n<p>[\/vc_column_text][vc_empty_space height=&#8221;30px&#8221;]<a itemprop=\"url\" href=\"https:\/\/chauffeurpositano.com\/it\/barche\/\" target=\"_self\"  class=\"edgtf-btn edgtf-btn-medium edgtf-btn-solid\"  >\n\t\t<span class=\"edgtf-btn-text\">ULTERIORI INFORMAZIONI<\/span>\n<\/a>[vc_empty_space height=&#8221;30px&#8221;]\t\t<\/div>\n\t<\/div>\n<\/div><div class=\"edgtf-eh-item  edgtf-vertical-alignment-top  \"  data-item-class=\"edgtf-eh-custom-8910\" data-1367-1600=\"0 0 0 43px\" data-1025-1366=\"0 0 0 43px\" data-769-1024=\"0 120px 0 0\" data-681-768=\"0 50px 0 0\" data-680=\"0 0 0 0\">\n\t<div class=\"edgtf-eh-item-inner\">\n\t\t<div class=\"edgtf-eh-item-content edgtf-eh-custom-8910\" style=\"padding: 0 0 0 43px\">\n\t\t\t<div class=\"edgtf-image-with-text-holder    edgtf-image-behavior-custom-link\">\n    <div class=\"edgtf-iwt-image\">\n        \t            <a itemprop=\"url\" href=\"https:\/\/chauffeurpositano.com\/it\/elicottero\/\" target=\"_self\">\n                                    <img loading=\"lazy\" decoding=\"async\" src=\"https:\/\/chauffeurpositano.com\/wp-content\/uploads\/2022\/07\/elicottero-112x56.png\" alt=\"The Chauffeur of Positano: elicottero\" width=\"112\" height=\"56\" \/>                                <\/a>\n            <\/div>\n    <div class=\"edgtf-iwt-text-holder\">\n                    <h4 class=\"edgtf-iwt-title\" style=\"margin-top: 17px\">Elicotteri<\/h4>\n        \t\t            <p class=\"edgtf-iwt-text\" style=\"margin-top: 16px\">Abbiamo una rete di alcuni degli elicotteri pi\u00f9 affidabili. Tutti hanno manovrabilit\u00e0 incorporata, visibilit\u00e0 superiore e bassi livelli di vibrazioni in cabina. Utilizziamo l&#039;Eurocopter Ecureuil AS350 monomotore, insieme all&#039;Eurocopter Ecureuil AS355 bimotore. Entrambi questi elicotteri si sono guadagnati la reputazione di vere centrali elettriche multi-missione. Offrono i vantaggi di una maggiore sicurezza e di un carico di lavoro ridotto con il display multifunzione veicolo e motore (VEMD) per i piloti. Non \u00e8 un caso che queste due macchine siano una vista comune negli eliporti, nelle piattaforme di atterraggio degli ospedali, nei centri operativi dei dipartimenti di polizia e negli aeroporti di tutto il Nord America.<\/p>\n            <\/div>\n<\/div>[vc_empty_space height=&#8221;30px&#8221;][vc_column_text]<\/p>\n<h5><b><a href=\"\/?page_id=6591#ECUREUILAS350\">&#8211; EUROCOPTER ECUREUIL AS350<\/a><\/b><\/h5>\n<p>[\/vc_column_text][vc_column_text]<\/p>\n<h5><b><a href=\"\/?page_id=6591#ECUREUILAS355\">&#8211; EUROCOPTER ECUREUIL AS355<\/a><\/b><\/h5>\n<p>[\/vc_column_text][vc_empty_space height=&#8221;38px&#8221;]<a itemprop=\"url\" href=\"https:\/\/chauffeurpositano.com\/it\/elicottero\/\" target=\"_self\"  class=\"edgtf-btn edgtf-btn-medium edgtf-btn-solid\"  >\n\t\t<span class=\"edgtf-btn-text\">ULTERIORI INFORMAZIONI<\/span>\n<\/a>\t\t<\/div>\n\t<\/div>\n<\/div><\/div>[\/vc_column][\/vc_row][vc_row content_placement=&#8221;middle&#8221; row_content_width=&#8221;grid&#8221; disable_background_image=&#8221;&#8221; content_text_aligment=&#8221;center&#8221; css=&#8221;.vc_custom_1659351936693{padding-top: 85px !important;padding-bottom: 100px !important;}&#8221; simple_background_image=&#8221;6401&#8243;][vc_column]<div class=\"edgtf-elements-holder   edgtf-one-column  edgtf-responsive-mode-768 edgtf-one-column-alignment-center\" ><div class=\"edgtf-eh-item    \"  data-item-class=\"edgtf-eh-custom-3917\">\n\t<div class=\"edgtf-eh-item-inner\">\n\t\t<div class=\"edgtf-eh-item-content edgtf-eh-custom-3917\" >\n\t\t\t<div class=\"edgtf-section-title-holder   edgtf-st-position-center\" >\n\t<div class=\"edgtf-st-inner\">\n\t\t\t\t\t\t\t<h1 class=\"edgtf-st-title\" style=\"color: #ffffff\">\n\t\t\t\tPrenota ora la tua avventura personale\t\t\t<\/h1>\n\t\t\t\t\t\t\t<p class=\"edgtf-st-text\" style=\"color: #ffffff;font-size: 18px;line-height: 30px\">\n\t\t\t\tThe Chauffeur Of Positano rende pi\u00f9 facile la prenotazione della vostra prossima avventura\t\t\t<\/p>\n\t\t\t<\/div>\n<\/div>[vc_empty_space height=&#8221;45px&#8221;]<a itemprop=\"url\" href=\"https:\/\/chauffeurpositano.com\/it\/prenota-ora\/\" target=\"_self\"  class=\"edgtf-btn edgtf-btn-medium edgtf-btn-solid\"  >\n\t\t<span class=\"edgtf-btn-text\">PRENOTA ORA<\/span>\n<\/a>\t\t<\/div>\n\t<\/div>\n<\/div><\/div>[\/vc_column][\/vc_row]<\/p>\n<\/div>","protected":false},"excerpt":{"rendered":"<p>[vc_row content_placement=&#8221;middle&#8221; row_content_width=&#8221;grid&#8221; content_text_aligment=&#8221;left&#8221; css=&#8221;.vc_custom_1652715123614{padding-top: 50px !important;padding-bottom: 31px !important;}&#8221; simple_background_color=&#8221;#fafafa&#8221;][vc_column][\/vc_column][\/vc_row][vc_row content_placement=&#8221;middle&#8221; row_content_width=&#8221;grid&#8221; disable_background_image=&#8221;&#8221; content_text_aligment=&#8221;center&#8221; css=&#8221;.vc_custom_1659351936693{padding-top: 85px !important;padding-bottom: 100px !important;}&#8221; simple_background_image=&#8221;6401&#8243;][vc_column][\/vc_column][\/vc_row]<\/p>\n","protected":false},"author":5,"featured_media":0,"parent":0,"menu_order":0,"comment_status":"closed","ping_status":"closed","template":"full-width.php","meta":{"footnotes":""},"class_list":["post-6593","page","type-page","status-publish","hentry"],"_links":{"self":[{"href":"https:\/\/chauffeurpositano.com\/it\/wp-json\/wp\/v2\/pages\/6593","targetHints":{"allow":["GET"]}}],"collection":[{"href":"https:\/\/chauffeurpositano.com\/it\/wp-json\/wp\/v2\/pages"}],"about":[{"href":"https:\/\/chauffeurpositano.com\/it\/wp-json\/wp\/v2\/types\/page"}],"author":[{"embeddable":true,"href":"https:\/\/chauffeurpositano.com\/it\/wp-json\/wp\/v2\/users\/5"}],"replies":[{"embeddable":true,"href":"https:\/\/chauffeurpositano.com\/it\/wp-json\/wp\/v2\/comments?post=6593"}],"version-history":[{"count":0,"href":"https:\/\/chauffeurpositano.com\/it\/wp-json\/wp\/v2\/pages\/6593\/revisions"}],"wp:attachment":[{"href":"https:\/\/chauffeurpositano.com\/it\/wp-json\/wp\/v2\/media?parent=6593"}],"curies":[{"name":"wp","href":"https:\/\/api.w.org\/{rel}","templated":true}]}}